{"id":7283,"date":"2026-04-21T06:53:41","date_gmt":"2026-04-21T06:53:41","guid":{"rendered":"https:\/\/xindasafety.com\/?post_type=product&#038;p=7283"},"modified":"2026-04-21T06:53:41","modified_gmt":"2026-04-21T06:53:41","slug":"xds9852","status":"publish","type":"product","link":"https:\/\/xindasafety.com\/es\/product\/xds9852\/","title":{"rendered":"XDS9852"},"content":{"rendered":"<ul>\n<li>\n<p class=\"ds-markdown-paragraph\"><strong>Marca:<\/strong>\u00a0Xinda<\/p>\n<\/li>\n<li>\n<p class=\"ds-markdown-paragraph\"><strong>N\u00famero de modelo:<\/strong>\u00a0XD-S9852<\/p>\n<\/li>\n<li>\n<p class=\"ds-markdown-paragraph\"><strong>Material:<\/strong>\u00a0Acero, PU, aluminio, etc.<\/p>\n<\/li>\n<li>\n<p class=\"ds-markdown-paragraph\"><strong>Placa de acero Dimensiones:<\/strong>\u00a06,3\u00d715\u00d73,8 cm (Grande) \/ 6\u00d713\u00d73,5 cm (Peque\u00f1o)<\/p>\n<\/li>\n<li>\n<p class=\"ds-markdown-paragraph\"><strong>Espesor de la placa de acero:<\/strong>\u00a03,7 mm<\/p>\n<\/li>\n<li>\n<p class=\"ds-markdown-paragraph\"><strong>Acero Di\u00e1metro del cable:<\/strong>\u00a06 mm<\/p>\n<\/li>\n<li>\n<p class=\"ds-markdown-paragraph\"><strong>Di\u00e1metro del orificio aplicable:<\/strong>\u00a040-63 mm<\/p>\n<\/li>\n<li>\n<p class=\"ds-markdown-paragraph\"><strong>Carga de trabajo:<\/strong>\u00a03,5 kN<\/p>\n<\/li>\n<li>\n<p class=\"ds-markdown-paragraph\"><strong>Carga de rotura:<\/strong>\u00a015 kN<\/p>\n<\/li>\n<li>\n<p class=\"ds-markdown-paragraph\"><strong>Aplicaci\u00f3n:<\/strong>\u00a0Trabajo en altura \/ Instalaci\u00f3n de aire acondicionado \/ F\u00e1cil de instalar \/ No es necesario taladrar \/ S\u00f3lo para un usuario<\/p>\n<\/li>\n<\/ul>","protected":false},"excerpt":{"rendered":"<p><strong>Anclaje de cable de acero inoxidable Xinda - Para instalaci\u00f3n de CA, trabajo a gran altura y anclaje de pared (multiuso)<\/strong><\/p>","protected":false},"featured_media":7290,"template":"","meta":{"_acf_changed":false},"product_brand":[],"product_cat":[68],"product_tag":[371,370,212,338,340,345,343],"class_list":{"0":"post-7283","1":"product","2":"type-product","3":"status-publish","4":"has-post-thumbnail","6":"product_cat-auxiliary-tools","7":"product_tag-anchor","8":"product_tag-cable-anchor","9":"product_tag-rope","10":"product_tag-ropeaccess","11":"product_tag-ropedevice-ropeequipment","12":"product_tag-ropeequipment","13":"product_tag-xinda-equipment","15":"first","16":"instock","17":"shipping-taxable","18":"product-type-simple"},"acf":[],"_links":{"self":[{"href":"https:\/\/xindasafety.com\/es\/wp-json\/wp\/v2\/product\/7283","targetHints":{"allow":["GET"]}}],"collection":[{"href":"https:\/\/xindasafety.com\/es\/wp-json\/wp\/v2\/product"}],"about":[{"href":"https:\/\/xindasafety.com\/es\/wp-json\/wp\/v2\/types\/product"}],"version-history":[{"count":1,"href":"https:\/\/xindasafety.com\/es\/wp-json\/wp\/v2\/product\/7283\/revisions"}],"predecessor-version":[{"id":7291,"href":"https:\/\/xindasafety.com\/es\/wp-json\/wp\/v2\/product\/7283\/revisions\/7291"}],"wp:featuredmedia":[{"embeddable":true,"href":"https:\/\/xindasafety.com\/es\/wp-json\/wp\/v2\/media\/7290"}],"wp:attachment":[{"href":"https:\/\/xindasafety.com\/es\/wp-json\/wp\/v2\/media?parent=7283"}],"wp:term":[{"taxonomy":"product_brand","embeddable":true,"href":"https:\/\/xindasafety.com\/es\/wp-json\/wp\/v2\/product_brand?post=7283"},{"taxonomy":"product_cat","embeddable":true,"href":"https:\/\/xindasafety.com\/es\/wp-json\/wp\/v2\/product_cat?post=7283"},{"taxonomy":"product_tag","embeddable":true,"href":"https:\/\/xindasafety.com\/es\/wp-json\/wp\/v2\/product_tag?post=7283"}],"curies":[{"name":"wp","href":"https:\/\/api.w.org\/{rel}","templated":true}]}}