{"id":7180,"date":"2026-04-20T08:11:34","date_gmt":"2026-04-20T08:11:34","guid":{"rendered":"https:\/\/xindasafety.com\/?post_type=product&#038;p=7180"},"modified":"2026-04-21T01:49:44","modified_gmt":"2026-04-21T01:49:44","slug":"xdq9628","status":"publish","type":"product","link":"https:\/\/xindasafety.com\/es\/product\/xdq9628\/","title":{"rendered":"XDQ9628"},"content":{"rendered":"<div class=\"ds-message _63c77b1\">\n<div class=\"ds-markdown\">\n<p class=\"ds-markdown-paragraph\"><strong>Nombre del producto:<\/strong> Mosquet\u00f3n<br \/>\n<strong>Marca:<\/strong>\u00a0Xinda<\/p>\n<p class=\"ds-markdown-paragraph\"><strong>Modelo No:<\/strong>\u00a0XD-9628<\/p>\n<p class=\"ds-markdown-paragraph\"><strong>Material:<\/strong>\u00a0Aleaci\u00f3n de aluminio de alta resistencia<\/p>\n<p class=\"ds-markdown-paragraph\"><strong>Peso:<\/strong>\u00a065 g<\/p>\n<p class=\"ds-markdown-paragraph\"><strong>Est\u00e1ndar:<\/strong>\u00a0CE 1019 EN12275<\/p>\n<p class=\"ds-markdown-paragraph\"><strong>\u00c1mbito de aplicaci\u00f3n:<\/strong><br \/>\nMonta\u00f1ismo \/ Escalada \/ Actividades de expansi\u00f3n \/ V\u00eda Ferrata \/ Rapel \/ Espeleolog\u00eda, etc.<\/p>\n<\/div>\n<\/div>\n<div class=\"ds-theme\"><\/div>\n<div class=\"ds-flex _0a3d93b\">\n<div class=\"ds-flex _965abe9 _54866f7\">\n<div class=\"db183363 ds-icon-button ds-icon-button--m ds-icon-button--sizing-container\" tabindex=\"0\" role=\"button\" aria-disabled=\"false\">\n<div class=\"ds-icon-button__hover-bg\"><\/div>\n<div class=\"ds-icon\"><\/div>\n<div class=\"ds-focus-ring\"><\/div>\n<\/div>\n<div class=\"db183363 ds-icon-button ds-icon-button--m ds-icon-button--sizing-container\" tabindex=\"0\" role=\"button\" aria-disabled=\"false\">\n<div class=\"ds-icon-button__hover-bg\"><\/div>\n<div class=\"ds-icon\"><\/div>\n<div class=\"ds-focus-ring\"><\/div>\n<\/div>\n<div class=\"db183363 ds-icon-button ds-icon-button--m ds-icon-button--sizing-container\" tabindex=\"0\" role=\"button\" aria-disabled=\"false\">\n<div class=\"ds-icon-button__hover-bg\"><\/div>\n<div class=\"ds-icon\"><\/div>\n<div class=\"ds-focus-ring\"><\/div>\n<\/div>\n<div class=\"db183363 ds-icon-button ds-icon-button--m ds-icon-button--sizing-container\" tabindex=\"0\" role=\"button\" aria-disabled=\"false\">\n<div class=\"ds-icon-button__hover-bg\"><\/div>\n<div class=\"ds-icon\"><\/div>\n<div class=\"ds-focus-ring\"><\/div>\n<\/div>\n<div class=\"db183363 ds-icon-button ds-icon-button--m ds-icon-button--sizing-container\" tabindex=\"0\" role=\"button\" aria-disabled=\"false\">\n<div class=\"ds-icon-button__hover-bg\"><\/div>\n<div class=\"ds-icon\"><\/div>\n<\/div>\n<\/div>\n<\/div>","protected":false},"excerpt":{"rendered":"<p><strong>Xinda Mosquet\u00f3n profesional para escalada al aire libre - Peque\u00f1o cierre en forma de D, Quickdraw, eslab\u00f3n de seguridad para equipo de escalada en roca.<\/strong><\/p>","protected":false},"featured_media":7189,"template":"","meta":{"_acf_changed":false},"product_brand":[],"product_cat":[58,102,15],"product_tag":[69,304,338,340,345,326,343],"class_list":{"0":"post-7180","1":"product","2":"type-product","3":"status-publish","4":"has-post-thumbnail","6":"product_cat-carabiner","7":"product_cat-carabiner-generation-1","8":"product_cat-uncategorized","9":"product_tag-carabiner","10":"product_tag-d-shaped-carabiner","11":"product_tag-ropeaccess","12":"product_tag-ropedevice-ropeequipment","13":"product_tag-ropeequipment","14":"product_tag-xinda","15":"product_tag-xinda-equipment","17":"first","18":"instock","19":"shipping-taxable","20":"product-type-variable"},"acf":[],"_links":{"self":[{"href":"https:\/\/xindasafety.com\/es\/wp-json\/wp\/v2\/product\/7180","targetHints":{"allow":["GET"]}}],"collection":[{"href":"https:\/\/xindasafety.com\/es\/wp-json\/wp\/v2\/product"}],"about":[{"href":"https:\/\/xindasafety.com\/es\/wp-json\/wp\/v2\/types\/product"}],"version-history":[{"count":3,"href":"https:\/\/xindasafety.com\/es\/wp-json\/wp\/v2\/product\/7180\/revisions"}],"predecessor-version":[{"id":7205,"href":"https:\/\/xindasafety.com\/es\/wp-json\/wp\/v2\/product\/7180\/revisions\/7205"}],"wp:featuredmedia":[{"embeddable":true,"href":"https:\/\/xindasafety.com\/es\/wp-json\/wp\/v2\/media\/7189"}],"wp:attachment":[{"href":"https:\/\/xindasafety.com\/es\/wp-json\/wp\/v2\/media?parent=7180"}],"wp:term":[{"taxonomy":"product_brand","embeddable":true,"href":"https:\/\/xindasafety.com\/es\/wp-json\/wp\/v2\/product_brand?post=7180"},{"taxonomy":"product_cat","embeddable":true,"href":"https:\/\/xindasafety.com\/es\/wp-json\/wp\/v2\/product_cat?post=7180"},{"taxonomy":"product_tag","embeddable":true,"href":"https:\/\/xindasafety.com\/es\/wp-json\/wp\/v2\/product_tag?post=7180"}],"curies":[{"name":"wp","href":"https:\/\/api.w.org\/{rel}","templated":true}]}}