{"id":7133,"date":"2026-04-20T06:01:14","date_gmt":"2026-04-20T06:01:14","guid":{"rendered":"https:\/\/xindasafety.com\/?post_type=product&#038;p=7133"},"modified":"2026-04-20T06:04:34","modified_gmt":"2026-04-20T06:04:34","slug":"xd8619","status":"publish","type":"product","link":"https:\/\/xindasafety.com\/es\/product\/xd8619\/","title":{"rendered":"XD8619"},"content":{"rendered":"<p class=\"ds-markdown-paragraph\"><strong>Nombre del producto:<\/strong>\u00a0Conector Triangle Maillon \/ Delta Link<br \/>\n<strong>Marca:<\/strong>\u00a0Xinda<\/p>\n<p class=\"ds-markdown-paragraph\"><strong>Modelo No:<\/strong>\u00a0XD-8619<\/p>\n<p class=\"ds-markdown-paragraph\"><strong>Material:<\/strong>\u00a0Acero inoxidable 304<\/p>\n<p class=\"ds-markdown-paragraph\"><strong>\u00c1mbito de aplicaci\u00f3n:<\/strong><br \/>\nEscalada en roca al aire libre, actividades de expansi\u00f3n, rapel y espeleolog\u00eda, rescate al aire libre (conexi\u00f3n entre diversos tipos de equipos y herrajes).<\/p>","protected":false},"excerpt":{"rendered":"<p><strong>Xinda 304 Eslab\u00f3n Delta de Acero Inoxidable - Maillon Rapide, Conector Triangular, Eslab\u00f3n de Seguridad para Escalada al Aire Libre, Monta\u00f1ismo y Escalada en Roca.<\/strong><\/p>","protected":false},"featured_media":7137,"template":"","meta":{"_acf_changed":false},"product_brand":[],"product_cat":[58,102],"product_tag":[69,338,340,345,326,343],"class_list":{"0":"post-7133","1":"product","2":"type-product","3":"status-publish","4":"has-post-thumbnail","6":"product_cat-carabiner","7":"product_cat-carabiner-generation-1","8":"product_tag-carabiner","9":"product_tag-ropeaccess","10":"product_tag-ropedevice-ropeequipment","11":"product_tag-ropeequipment","12":"product_tag-xinda","13":"product_tag-xinda-equipment","15":"first","16":"instock","17":"shipping-taxable","18":"product-type-variable"},"acf":[],"_links":{"self":[{"href":"https:\/\/xindasafety.com\/es\/wp-json\/wp\/v2\/product\/7133","targetHints":{"allow":["GET"]}}],"collection":[{"href":"https:\/\/xindasafety.com\/es\/wp-json\/wp\/v2\/product"}],"about":[{"href":"https:\/\/xindasafety.com\/es\/wp-json\/wp\/v2\/types\/product"}],"version-history":[{"count":1,"href":"https:\/\/xindasafety.com\/es\/wp-json\/wp\/v2\/product\/7133\/revisions"}],"predecessor-version":[{"id":7144,"href":"https:\/\/xindasafety.com\/es\/wp-json\/wp\/v2\/product\/7133\/revisions\/7144"}],"wp:featuredmedia":[{"embeddable":true,"href":"https:\/\/xindasafety.com\/es\/wp-json\/wp\/v2\/media\/7137"}],"wp:attachment":[{"href":"https:\/\/xindasafety.com\/es\/wp-json\/wp\/v2\/media?parent=7133"}],"wp:term":[{"taxonomy":"product_brand","embeddable":true,"href":"https:\/\/xindasafety.com\/es\/wp-json\/wp\/v2\/product_brand?post=7133"},{"taxonomy":"product_cat","embeddable":true,"href":"https:\/\/xindasafety.com\/es\/wp-json\/wp\/v2\/product_cat?post=7133"},{"taxonomy":"product_tag","embeddable":true,"href":"https:\/\/xindasafety.com\/es\/wp-json\/wp\/v2\/product_tag?post=7133"}],"curies":[{"name":"wp","href":"https:\/\/api.w.org\/{rel}","templated":true}]}}