{"id":7085,"date":"2026-04-20T03:12:37","date_gmt":"2026-04-20T03:12:37","guid":{"rendered":"https:\/\/xindasafety.com\/?post_type=product&#038;p=7085"},"modified":"2026-04-20T03:12:37","modified_gmt":"2026-04-20T03:12:37","slug":"xd8652","status":"publish","type":"product","link":"https:\/\/xindasafety.com\/es\/product\/xd8652\/","title":{"rendered":"XD8652"},"content":{"rendered":"<p class=\"ds-markdown-paragraph\"><strong>Nombre del producto:<\/strong>\u00a0Figura 8 Descensor (asim\u00e9trico)<br \/>\n<strong>Marca:<\/strong>\u00a0Xinda<\/p>\n<p class=\"ds-markdown-paragraph\"><strong>Modelo No:<\/strong>\u00a0XD-8652<\/p>\n<p class=\"ds-markdown-paragraph\"><strong>Material:<\/strong>\u00a0Aleaci\u00f3n de aluminio de alta resistencia<\/p>\n<p class=\"ds-markdown-paragraph\"><strong>Carga de rotura:<\/strong>\u00a030 kN (aprox. 3000 kg)<\/p>\n<p class=\"ds-markdown-paragraph\"><strong>Peso:<\/strong>\u00a0134 g<\/p>\n<p class=\"ds-markdown-paragraph\"><strong>Di\u00e1metro de cuerda aplicable:<\/strong>\u00a08-13 mm<\/p>\n<p class=\"ds-markdown-paragraph\"><strong>Est\u00e1ndar:<\/strong>\u00a0XF 494-2023<\/p>\n<p class=\"ds-markdown-paragraph\"><strong>Tama\u00f1o:<\/strong>\u00a013 \u00d7 9,7 \u00d7 4,8 cm<\/p>\n<p class=\"ds-markdown-paragraph\"><strong>\u00c1mbito de aplicaci\u00f3n:<\/strong><br \/>\nEscalada al aire libre, escalada en roca, expedici\u00f3n, espeleolog\u00eda, rappel, trabajos en altura, protecci\u00f3n industrial y otras actividades al aire libre.<\/p>","protected":false},"excerpt":{"rendered":"<p><strong>Descensor Xinda Figura 8 (Polivalente: Escalada, Rapel, Trabajos en altura, Rappel, Aseguramiento, Descenso lento)<\/strong><\/p>","protected":false},"featured_media":7080,"template":"","meta":{"_acf_changed":false},"product_brand":[],"product_cat":[56,105],"product_tag":[92,315,212,338,340,345,326],"class_list":{"0":"post-7085","1":"product","2":"type-product","3":"status-publish","4":"has-post-thumbnail","6":"product_cat-descebder","7":"product_cat-descender-gen-1","8":"product_tag-descender","9":"product_tag-figure-8-descender","10":"product_tag-rope","11":"product_tag-ropeaccess","12":"product_tag-ropedevice-ropeequipment","13":"product_tag-ropeequipment","14":"product_tag-xinda","16":"first","17":"instock","18":"shipping-taxable","19":"product-type-variable"},"acf":[],"_links":{"self":[{"href":"https:\/\/xindasafety.com\/es\/wp-json\/wp\/v2\/product\/7085","targetHints":{"allow":["GET"]}}],"collection":[{"href":"https:\/\/xindasafety.com\/es\/wp-json\/wp\/v2\/product"}],"about":[{"href":"https:\/\/xindasafety.com\/es\/wp-json\/wp\/v2\/types\/product"}],"version-history":[{"count":1,"href":"https:\/\/xindasafety.com\/es\/wp-json\/wp\/v2\/product\/7085\/revisions"}],"predecessor-version":[{"id":7089,"href":"https:\/\/xindasafety.com\/es\/wp-json\/wp\/v2\/product\/7085\/revisions\/7089"}],"wp:featuredmedia":[{"embeddable":true,"href":"https:\/\/xindasafety.com\/es\/wp-json\/wp\/v2\/media\/7080"}],"wp:attachment":[{"href":"https:\/\/xindasafety.com\/es\/wp-json\/wp\/v2\/media?parent=7085"}],"wp:term":[{"taxonomy":"product_brand","embeddable":true,"href":"https:\/\/xindasafety.com\/es\/wp-json\/wp\/v2\/product_brand?post=7085"},{"taxonomy":"product_cat","embeddable":true,"href":"https:\/\/xindasafety.com\/es\/wp-json\/wp\/v2\/product_cat?post=7085"},{"taxonomy":"product_tag","embeddable":true,"href":"https:\/\/xindasafety.com\/es\/wp-json\/wp\/v2\/product_tag?post=7085"}],"curies":[{"name":"wp","href":"https:\/\/api.w.org\/{rel}","templated":true}]}}