{"id":7025,"date":"2026-04-18T03:54:07","date_gmt":"2026-04-18T03:54:07","guid":{"rendered":"https:\/\/xindasafety.com\/?post_type=product&#038;p=7025"},"modified":"2026-04-18T04:01:27","modified_gmt":"2026-04-18T04:01:27","slug":"xda9516","status":"publish","type":"product","link":"https:\/\/xindasafety.com\/es\/product\/xda9516\/","title":{"rendered":"XDA9516"},"content":{"rendered":"<p class=\"ds-markdown-paragraph\"><strong>Marca:<\/strong>\u00a0Xinda<\/p>\n<p class=\"ds-markdown-paragraph\"><strong>Modelo:<\/strong>\u00a0XD-A9516<\/p>\n<p class=\"ds-markdown-paragraph\"><strong>Est\u00e1ndar:<\/strong> Norma nacional (China) CE EN361 CE EN358 CE EN813 CE EN365<\/p>\n<p class=\"ds-markdown-paragraph\"><strong>Material:<\/strong>\u00a0Poli\u00e9ster + aleaci\u00f3n de aluminio<\/p>\n<p class=\"ds-markdown-paragraph\"><strong>Peso:<\/strong>\u00a01980 g<\/p>\n<p class=\"ds-markdown-paragraph\"><strong>Color:<\/strong>\u00a0Como se muestra<\/p>\n<p class=\"ds-markdown-paragraph\"><strong>Aplicaci\u00f3n:<\/strong>\u00a0Alpinismo \/ Escalada \/ Actividades de expansi\u00f3n \/ Rescate \/ Trabajos en altura \/ Protecci\u00f3n laboral \/ Rapel, etc.<\/p>","protected":false},"excerpt":{"rendered":"<p><strong>Arn\u00e9s completo de cinco puntos Xinda para trabajos al aire libre a gran altitud, instalaci\u00f3n de aire acondicionado, monta\u00f1ismo, escalada y rappel<\/strong><\/p>","protected":false},"featured_media":7030,"template":"","meta":{"_acf_changed":false},"product_brand":[],"product_cat":[61,114],"product_tag":[211,80,338,345,326,343,344],"class_list":{"0":"post-7025","1":"product","2":"type-product","3":"status-publish","4":"has-post-thumbnail","6":"product_cat-harness","7":"product_cat-harness-gen1","8":"product_tag-full-body-safety-harness","9":"product_tag-harness","10":"product_tag-ropeaccess","11":"product_tag-ropeequipment","12":"product_tag-xinda","13":"product_tag-xinda-equipment","14":"product_tag-xinda-harness","16":"first","17":"instock","18":"shipping-taxable","19":"product-type-simple"},"acf":[],"_links":{"self":[{"href":"https:\/\/xindasafety.com\/es\/wp-json\/wp\/v2\/product\/7025","targetHints":{"allow":["GET"]}}],"collection":[{"href":"https:\/\/xindasafety.com\/es\/wp-json\/wp\/v2\/product"}],"about":[{"href":"https:\/\/xindasafety.com\/es\/wp-json\/wp\/v2\/types\/product"}],"version-history":[{"count":1,"href":"https:\/\/xindasafety.com\/es\/wp-json\/wp\/v2\/product\/7025\/revisions"}],"predecessor-version":[{"id":7033,"href":"https:\/\/xindasafety.com\/es\/wp-json\/wp\/v2\/product\/7025\/revisions\/7033"}],"wp:featuredmedia":[{"embeddable":true,"href":"https:\/\/xindasafety.com\/es\/wp-json\/wp\/v2\/media\/7030"}],"wp:attachment":[{"href":"https:\/\/xindasafety.com\/es\/wp-json\/wp\/v2\/media?parent=7025"}],"wp:term":[{"taxonomy":"product_brand","embeddable":true,"href":"https:\/\/xindasafety.com\/es\/wp-json\/wp\/v2\/product_brand?post=7025"},{"taxonomy":"product_cat","embeddable":true,"href":"https:\/\/xindasafety.com\/es\/wp-json\/wp\/v2\/product_cat?post=7025"},{"taxonomy":"product_tag","embeddable":true,"href":"https:\/\/xindasafety.com\/es\/wp-json\/wp\/v2\/product_tag?post=7025"}],"curies":[{"name":"wp","href":"https:\/\/api.w.org\/{rel}","templated":true}]}}