{"id":6913,"date":"2026-01-19T07:02:19","date_gmt":"2026-01-19T07:02:19","guid":{"rendered":"https:\/\/xindasafety.com\/?post_type=product&#038;p=6913"},"modified":"2026-01-19T07:03:10","modified_gmt":"2026-01-19T07:03:10","slug":"xdq9667gj","status":"publish","type":"product","link":"https:\/\/xindasafety.com\/es\/product\/xdq9667gj\/","title":{"rendered":"XDQ9667GJ"},"content":{"rendered":"<p data-start=\"54\" data-end=\"466\"><strong data-start=\"54\" data-end=\"71\">Nombre del producto:<\/strong> Polea doble de cable de acero continuo (Zipline Trolley)<br data-start=\"126\" data-end=\"129\" \/><strong data-start=\"129\" data-end=\"139\">Marca:<\/strong> XINDA<br data-start=\"145\" data-end=\"148\" \/><strong data-start=\"148\" data-end=\"162\">Modelo No:<\/strong> XD-Q9667<br data-start=\"171\" data-end=\"174\" \/><strong data-start=\"174\" data-end=\"187\">Material:<\/strong> Aleaci\u00f3n de aluminio de alta resistencia + acero inoxidable<br data-start=\"234\" data-end=\"237\" data-is-only-node=\"\" \/><strong data-start=\"237\" data-end=\"261\">Carga de rotura (MBS):<\/strong> 15 kN<br data-start=\"267\" data-end=\"270\" \/><strong data-start=\"270\" data-end=\"299\">L\u00edmite de carga de trabajo (WLL):<\/strong> 5 kN<br data-start=\"304\" data-end=\"307\" \/><strong data-start=\"307\" data-end=\"318\">Peso:<\/strong> 465 g<br data-start=\"324\" data-end=\"327\" \/><strong data-start=\"327\" data-end=\"364\">Di\u00e1metro de cable aplicable:<\/strong> 10-13 mm<br data-start=\"373\" data-end=\"376\" \/><strong data-start=\"376\" data-end=\"393\">Tama\u00f1o de apertura:<\/strong> 6 \u00b1 0,2 mm<br data-start=\"404\" data-end=\"407\" \/><strong data-start=\"407\" data-end=\"420\">Est\u00e1ndar:<\/strong> XF494-2023<br data-start=\"431\" data-end=\"434\" \/><strong data-start=\"434\" data-end=\"443\">Tama\u00f1o:<\/strong> 11,2 \u00d7 10,5 \u00d7 3,7 cm<\/p>\n<p data-start=\"468\" data-end=\"651\"><strong data-start=\"468\" data-end=\"490\">\u00c1mbito de aplicaci\u00f3n:<\/strong><br data-start=\"490\" data-end=\"493\" \/>Parques forestales de aventura, sistemas de tirolinas, traves\u00edas al aire libre, recorridos a\u00e9reos, recorridos con cuerdas y otras aplicaciones de diversi\u00f3n y seguridad a gran altura.<\/p>","protected":false},"excerpt":{"rendered":"<p>XINDA al aire libre continua Belay Zipline Trolley Cable Traversing Pulley Overhead Zip Line Amusement Equipment<\/p>","protected":false},"featured_media":6918,"template":"","meta":{"_acf_changed":false},"product_brand":[],"product_cat":[126],"product_tag":[169,326,331,268],"class_list":{"0":"post-6913","1":"product","2":"type-product","3":"status-publish","4":"has-post-thumbnail","6":"product_cat-pulley-gen1","7":"product_tag-pulley","8":"product_tag-xinda","9":"product_tag-zipline","10":"product_tag-zipline-pulley","12":"first","13":"instock","14":"shipping-taxable","15":"product-type-simple"},"acf":[],"_links":{"self":[{"href":"https:\/\/xindasafety.com\/es\/wp-json\/wp\/v2\/product\/6913","targetHints":{"allow":["GET"]}}],"collection":[{"href":"https:\/\/xindasafety.com\/es\/wp-json\/wp\/v2\/product"}],"about":[{"href":"https:\/\/xindasafety.com\/es\/wp-json\/wp\/v2\/types\/product"}],"version-history":[{"count":2,"href":"https:\/\/xindasafety.com\/es\/wp-json\/wp\/v2\/product\/6913\/revisions"}],"predecessor-version":[{"id":6989,"href":"https:\/\/xindasafety.com\/es\/wp-json\/wp\/v2\/product\/6913\/revisions\/6989"}],"wp:featuredmedia":[{"embeddable":true,"href":"https:\/\/xindasafety.com\/es\/wp-json\/wp\/v2\/media\/6918"}],"wp:attachment":[{"href":"https:\/\/xindasafety.com\/es\/wp-json\/wp\/v2\/media?parent=6913"}],"wp:term":[{"taxonomy":"product_brand","embeddable":true,"href":"https:\/\/xindasafety.com\/es\/wp-json\/wp\/v2\/product_brand?post=6913"},{"taxonomy":"product_cat","embeddable":true,"href":"https:\/\/xindasafety.com\/es\/wp-json\/wp\/v2\/product_cat?post=6913"},{"taxonomy":"product_tag","embeddable":true,"href":"https:\/\/xindasafety.com\/es\/wp-json\/wp\/v2\/product_tag?post=6913"}],"curies":[{"name":"wp","href":"https:\/\/api.w.org\/{rel}","templated":true}]}}