{"id":6667,"date":"2025-12-01T07:00:37","date_gmt":"2025-12-01T07:00:37","guid":{"rendered":"https:\/\/xindasafety.com\/?post_type=product&#038;p=6667"},"modified":"2026-01-18T08:15:36","modified_gmt":"2026-01-18T08:15:36","slug":"viento-fuego-polea","status":"publish","type":"product","link":"https:\/\/xindasafety.com\/es\/product\/wind-fire-pulley\/","title":{"rendered":"XD9788"},"content":{"rendered":"<p><strong data-start=\"52\" data-end=\"69\">Nombre del producto:<\/strong> Polea de bloqueo autom\u00e1tico Wind Fire<br data-start=\"105\" data-end=\"108\" \/><strong data-start=\"108\" data-end=\"118\">Marca:<\/strong> Xinda<br data-start=\"124\" data-end=\"127\" \/><strong data-start=\"127\" data-end=\"141\" data-is-only-node=\"\">Modelo No:<\/strong> XD-9788<br data-start=\"149\" data-end=\"152\" \/><strong data-start=\"152\" data-end=\"165\">Material:<\/strong> Acero inoxidable<br data-start=\"181\" data-end=\"184\" \/><strong data-start=\"184\" data-end=\"206\">Resistencia a la rotura:<\/strong><br data-start=\"206\" data-end=\"209\" \/>- Polea doble: 36 kN<br data-start=\"231\" data-end=\"234\" \/>- Polea simple: 28 kN<br data-start=\"256\" data-end=\"259\" \/><strong data-start=\"259\" data-end=\"288\">Di\u00e1metro de cuerda aplicable:<\/strong> 10,5-12 mm<br data-start=\"299\" data-end=\"302\" \/><strong data-start=\"302\" data-end=\"313\">Peso:<\/strong><br data-start=\"313\" data-end=\"316\" \/>- Polea doble: 913 g<br data-start=\"338\" data-end=\"341\" \/>- Polea simple: 630 g<br data-start=\"363\" data-end=\"366\" \/><strong data-start=\"366\" data-end=\"387\">Producto est\u00e1ndar:<\/strong> XF494-2023<br data-start=\"398\" data-end=\"401\" \/><strong data-start=\"401\" data-end=\"423\">\u00c1mbito de aplicaci\u00f3n:<\/strong> Traves\u00edas al aire libre, trabajos a\u00e9reos, transporte de carga, rapel en roca, protecci\u00f3n contra dilataciones, operaciones de remolque, sistemas de poleas y actividades afines.<\/p>","protected":false},"excerpt":{"rendered":"<p>Xinda Wind Fire Wheel Pulley - Polea autoblocante, ascensor de elevaci\u00f3n, sistema de polea de ventaja mec\u00e1nica liberable para rescate, elevaci\u00f3n y transporte de materiales.<\/p>","protected":false},"featured_media":6668,"template":"","meta":{"_acf_changed":false},"product_brand":[],"product_cat":[128],"product_tag":[321,169,325,326],"class_list":{"0":"post-6667","1":"product","2":"type-product","3":"status-publish","4":"has-post-thumbnail","6":"product_cat-pulley-gen3","7":"product_tag-41-pulley-system","8":"product_tag-pulley","9":"product_tag-wind-fire-pulley","10":"product_tag-xinda","12":"first","13":"instock","14":"shipping-taxable","15":"product-type-variable"},"acf":[],"_links":{"self":[{"href":"https:\/\/xindasafety.com\/es\/wp-json\/wp\/v2\/product\/6667","targetHints":{"allow":["GET"]}}],"collection":[{"href":"https:\/\/xindasafety.com\/es\/wp-json\/wp\/v2\/product"}],"about":[{"href":"https:\/\/xindasafety.com\/es\/wp-json\/wp\/v2\/types\/product"}],"version-history":[{"count":2,"href":"https:\/\/xindasafety.com\/es\/wp-json\/wp\/v2\/product\/6667\/revisions"}],"predecessor-version":[{"id":6742,"href":"https:\/\/xindasafety.com\/es\/wp-json\/wp\/v2\/product\/6667\/revisions\/6742"}],"wp:featuredmedia":[{"embeddable":true,"href":"https:\/\/xindasafety.com\/es\/wp-json\/wp\/v2\/media\/6668"}],"wp:attachment":[{"href":"https:\/\/xindasafety.com\/es\/wp-json\/wp\/v2\/media?parent=6667"}],"wp:term":[{"taxonomy":"product_brand","embeddable":true,"href":"https:\/\/xindasafety.com\/es\/wp-json\/wp\/v2\/product_brand?post=6667"},{"taxonomy":"product_cat","embeddable":true,"href":"https:\/\/xindasafety.com\/es\/wp-json\/wp\/v2\/product_cat?post=6667"},{"taxonomy":"product_tag","embeddable":true,"href":"https:\/\/xindasafety.com\/es\/wp-json\/wp\/v2\/product_tag?post=6667"}],"curies":[{"name":"wp","href":"https:\/\/api.w.org\/{rel}","templated":true}]}}