{"id":6640,"date":"2025-11-10T08:59:56","date_gmt":"2025-11-10T08:59:56","guid":{"rendered":"https:\/\/xindasafety.com\/?post_type=product&#038;p=6640"},"modified":"2026-04-21T02:15:29","modified_gmt":"2026-04-21T02:15:29","slug":"tripode-de-rescate","status":"publish","type":"product","link":"https:\/\/xindasafety.com\/es\/product\/rescue-tripod\/","title":{"rendered":"HH9780"},"content":{"rendered":"<p data-start=\"90\" data-end=\"184\"><strong data-start=\"90\" data-end=\"107\">Nombre del producto:<\/strong> Tr\u00edpode de rescate multifuncional<br data-start=\"137\" data-end=\"140\" \/><strong data-start=\"140\" data-end=\"150\">Marca:<\/strong> XINDA \/ \u6b23\u8fbe<br data-start=\"161\" data-end=\"164\" \/><strong data-start=\"164\" data-end=\"174\">Modelo:<\/strong> HH-9780<\/p>\n<p data-start=\"186\" data-end=\"420\"><strong data-start=\"186\" data-end=\"199\">Material:<\/strong> Aleaci\u00f3n de aluminio de alta resistencia + aleaci\u00f3n de acero<br data-start=\"242\" data-end=\"245\" \/><strong data-start=\"245\" data-end=\"268\">L\u00edmite de carga de trabajo:<\/strong> 300 kg<br data-start=\"275\" data-end=\"278\" \/><strong data-start=\"278\" data-end=\"306\">Altura de trabajo interna:<\/strong> Aprox. 2,7 m (ampliable a 3,7 m con patas ajustables)<br data-start=\"363\" data-end=\"366\" \/><strong data-start=\"366\" data-end=\"384\">Di\u00e1metro del tubo:<\/strong> 60 mm<br data-start=\"390\" data-end=\"393\" \/><strong data-start=\"393\" data-end=\"404\">Peso:<\/strong> Aprox. 33 kg<\/p>\n<p data-start=\"186\" data-end=\"420\">Aplicaciones y caracter\u00edsticas principales\uff1a<\/p>\n<p data-start=\"476\" data-end=\"579\">Este tr\u00edpode de rescate multifuncional est\u00e1 dise\u00f1ado para <strong data-start=\"527\" data-end=\"578\">elevaci\u00f3n de cargas, anclaje y operaciones de rescate<\/strong>.<\/p>\n<ul data-start=\"581\" data-end=\"1029\">\n<li data-start=\"581\" data-end=\"660\">\n<p data-start=\"583\" data-end=\"660\">Fabricado con tubo de aluminio sin soldadura; alta resistencia y resistente a la deformaci\u00f3n<\/p>\n<\/li>\n<li data-start=\"661\" data-end=\"728\">\n<p data-start=\"663\" data-end=\"728\">El tr\u00edpode puede ser <strong data-start=\"677\" data-end=\"707\">montado y desmontado<\/strong> para facilitar el transporte<\/p>\n<\/li>\n<li data-start=\"729\" data-end=\"796\">\n<p data-start=\"731\" data-end=\"796\"><strong data-start=\"731\" data-end=\"750\">Modo de una sola pierna<\/strong> disponible para entornos de gran flexibilidad<\/p>\n<\/li>\n<li data-start=\"797\" data-end=\"856\">\n<p data-start=\"799\" data-end=\"856\"><strong data-start=\"799\" data-end=\"815\">Modo de dos piernas<\/strong> adecuado para espacios reducidos o estrechos<\/p>\n<\/li>\n<li data-start=\"857\" data-end=\"957\">\n<p data-start=\"859\" data-end=\"957\"><strong data-start=\"859\" data-end=\"878\">Configuraci\u00f3n de tres patas<\/strong> proporciona un soporte robusto y estable; una pata puede ajustarse para obtener un \u00e1ngulo amplio<\/p>\n<\/li>\n<li data-start=\"958\" data-end=\"1029\">\n<p data-start=\"960\" data-end=\"1029\">Cada tubo exterior cuenta con <strong data-start=\"985\" data-end=\"1029\">puntos de anclaje para conectores y poleas<\/strong><\/p>\n<\/li>\n<\/ul>\n<p data-start=\"1031\" data-end=\"1154\">Ideal para <strong data-start=\"1041\" data-end=\"1153\">rescate industrial, espacios confinados, acceso mediante cuerdas, bomberos y rescate de emergencia, miner\u00eda y operaciones de mantenimiento<\/strong>.<\/p>","protected":false},"excerpt":{"rendered":"<p>XINDA Juego de tr\u00edpode multifunci\u00f3n de rescate al aire libre de la serie H de 3\u00aa generaci\u00f3n - desmontable, port\u00e1til, con sistema de elevaci\u00f3n y camilla<\/p>","protected":false},"featured_media":6635,"template":"","meta":{"_acf_changed":false},"product_brand":[],"product_cat":[135],"product_tag":[324,326],"class_list":{"0":"post-6640","1":"product","2":"type-product","3":"status-publish","4":"has-post-thumbnail","6":"product_cat-rescue","7":"product_tag-rescue-tripod","8":"product_tag-xinda","10":"first","11":"instock","12":"shipping-taxable","13":"product-type-simple"},"acf":[],"_links":{"self":[{"href":"https:\/\/xindasafety.com\/es\/wp-json\/wp\/v2\/product\/6640","targetHints":{"allow":["GET"]}}],"collection":[{"href":"https:\/\/xindasafety.com\/es\/wp-json\/wp\/v2\/product"}],"about":[{"href":"https:\/\/xindasafety.com\/es\/wp-json\/wp\/v2\/types\/product"}],"version-history":[{"count":3,"href":"https:\/\/xindasafety.com\/es\/wp-json\/wp\/v2\/product\/6640\/revisions"}],"predecessor-version":[{"id":7263,"href":"https:\/\/xindasafety.com\/es\/wp-json\/wp\/v2\/product\/6640\/revisions\/7263"}],"wp:featuredmedia":[{"embeddable":true,"href":"https:\/\/xindasafety.com\/es\/wp-json\/wp\/v2\/media\/6635"}],"wp:attachment":[{"href":"https:\/\/xindasafety.com\/es\/wp-json\/wp\/v2\/media?parent=6640"}],"wp:term":[{"taxonomy":"product_brand","embeddable":true,"href":"https:\/\/xindasafety.com\/es\/wp-json\/wp\/v2\/product_brand?post=6640"},{"taxonomy":"product_cat","embeddable":true,"href":"https:\/\/xindasafety.com\/es\/wp-json\/wp\/v2\/product_cat?post=6640"},{"taxonomy":"product_tag","embeddable":true,"href":"https:\/\/xindasafety.com\/es\/wp-json\/wp\/v2\/product_tag?post=6640"}],"curies":[{"name":"wp","href":"https:\/\/api.w.org\/{rel}","templated":true}]}}