{"id":6529,"date":"2025-10-29T01:56:58","date_gmt":"2025-10-29T01:56:58","guid":{"rendered":"https:\/\/xindasafety.com\/?post_type=product&#038;p=6529"},"modified":"2026-01-19T07:10:40","modified_gmt":"2026-01-19T07:10:40","slug":"kit-de-polea-41","status":"publish","type":"product","link":"https:\/\/xindasafety.com\/es\/product\/41-pulley-kit\/","title":{"rendered":"XDCP9771"},"content":{"rendered":"<p data-start=\"52\" data-end=\"455\"><strong data-start=\"52\" data-end=\"62\">Marca:<\/strong> Xinda<br data-start=\"68\" data-end=\"71\" \/><strong data-start=\"71\" data-end=\"85\">Modelo No:<\/strong> XD-CP9771BH<br data-start=\"97\" data-end=\"100\" \/><strong data-start=\"100\" data-end=\"117\">Nombre del producto:<\/strong> Sistema de poleas 4:1 (elevaci\u00f3n y liberaci\u00f3n)<br data-start=\"152\" data-end=\"155\" \/><strong data-start=\"155\" data-end=\"168\">Material:<\/strong> Aleaci\u00f3n de aluminio \/ Acero inoxidable \/ Fibra de alta resistencia \/ Nylon<br data-start=\"231\" data-end=\"234\" \/><strong data-start=\"234\" data-end=\"245\" data-is-only-node=\"\">Peso:<\/strong> 248g<br data-start=\"250\" data-end=\"253\" \/><strong data-start=\"253\" data-end=\"271\">Di\u00e1metro de la cuerda:<\/strong> 8,0-8,5 mm<br data-start=\"281\" data-end=\"284\" \/><strong data-start=\"284\" data-end=\"306\">Resistencia a la rotura:<\/strong> 36kN<br data-start=\"311\" data-end=\"314\" \/><strong data-start=\"314\" data-end=\"331\">Carga de trabajo:<\/strong> 9kN<br data-start=\"335\" data-end=\"338\" \/><strong data-start=\"338\" data-end=\"354\">Tama\u00f1o de la polea:<\/strong> 42 \u00d7 105 mm<br data-start=\"365\" data-end=\"368\" \/><strong data-start=\"368\" data-end=\"385\">Tipo de rodamiento:<\/strong> Rodamiento de bolas<br data-start=\"398\" data-end=\"401\" \/><strong data-start=\"401\" data-end=\"422\">Producto est\u00e1ndar:<\/strong> XF494-2023<br data-start=\"433\" data-end=\"436\" \/><strong data-start=\"436\" data-end=\"447\">Origen:<\/strong> China<\/p>\n<p data-start=\"457\" data-end=\"606\"><strong data-start=\"457\" data-end=\"473\">Aplicaci\u00f3n:<\/strong> Alpinismo, Escalada, Espeleolog\u00eda y Rappel, Formaci\u00f3n, Rescate en exteriores, Trabajos con cuerdas, Trabajos en altura, Protecci\u00f3n en el trabajo<\/p>","protected":false},"excerpt":{"rendered":"<p>XINDA Sistema de polea de ventaja mec\u00e1nica 4:1<br data-start=\"74\" data-end=\"77\" \/>Juego de elevaci\u00f3n y liberaci\u00f3n de polea doble giratoria autoasistida con control de descenso y captura de progreso<\/p>","protected":false},"featured_media":6530,"template":"","meta":{"_acf_changed":false},"product_brand":[],"product_cat":[128],"product_tag":[321,169],"class_list":{"0":"post-6529","1":"product","2":"type-product","3":"status-publish","4":"has-post-thumbnail","6":"product_cat-pulley-gen3","7":"product_tag-41-pulley-system","8":"product_tag-pulley","10":"first","11":"instock","12":"shipping-taxable","13":"product-type-simple"},"acf":[],"_links":{"self":[{"href":"https:\/\/xindasafety.com\/es\/wp-json\/wp\/v2\/product\/6529","targetHints":{"allow":["GET"]}}],"collection":[{"href":"https:\/\/xindasafety.com\/es\/wp-json\/wp\/v2\/product"}],"about":[{"href":"https:\/\/xindasafety.com\/es\/wp-json\/wp\/v2\/types\/product"}],"version-history":[{"count":2,"href":"https:\/\/xindasafety.com\/es\/wp-json\/wp\/v2\/product\/6529\/revisions"}],"predecessor-version":[{"id":6723,"href":"https:\/\/xindasafety.com\/es\/wp-json\/wp\/v2\/product\/6529\/revisions\/6723"}],"wp:featuredmedia":[{"embeddable":true,"href":"https:\/\/xindasafety.com\/es\/wp-json\/wp\/v2\/media\/6530"}],"wp:attachment":[{"href":"https:\/\/xindasafety.com\/es\/wp-json\/wp\/v2\/media?parent=6529"}],"wp:term":[{"taxonomy":"product_brand","embeddable":true,"href":"https:\/\/xindasafety.com\/es\/wp-json\/wp\/v2\/product_brand?post=6529"},{"taxonomy":"product_cat","embeddable":true,"href":"https:\/\/xindasafety.com\/es\/wp-json\/wp\/v2\/product_cat?post=6529"},{"taxonomy":"product_tag","embeddable":true,"href":"https:\/\/xindasafety.com\/es\/wp-json\/wp\/v2\/product_tag?post=6529"}],"curies":[{"name":"wp","href":"https:\/\/api.w.org\/{rel}","templated":true}]}}