{"id":6247,"date":"2025-10-04T05:42:54","date_gmt":"2025-10-04T05:42:54","guid":{"rendered":"https:\/\/xindasafety.com\/?post_type=product&#038;p=6247"},"modified":"2026-04-21T00:47:50","modified_gmt":"2026-04-21T00:47:50","slug":"mosqueton-2","status":"publish","type":"product","link":"https:\/\/xindasafety.com\/es\/product\/carabiner-2\/","title":{"rendered":"XD8126C"},"content":{"rendered":"<p data-start=\"35\" data-end=\"323\"><strong data-start=\"35\" data-end=\"45\">Marca:<\/strong> XINDA<br data-start=\"51\" data-end=\"54\" \/><strong data-start=\"54\" data-end=\"68\">Modelo No:<\/strong> XD-8126C\/L<br data-start=\"79\" data-end=\"82\" \/><strong data-start=\"82\" data-end=\"99\" data-is-only-node=\"\">Nombre del producto:<\/strong> Mosquet\u00f3n Quickdraw con orejas<br data-start=\"125\" data-end=\"128\" \/><strong data-start=\"128\" data-end=\"141\">Material:<\/strong> Aleaci\u00f3n de aluminio de alta resistencia<br data-start=\"170\" data-end=\"173\" \/><strong data-start=\"173\" data-end=\"184\">Peso:<\/strong> 49g<br data-start=\"188\" data-end=\"191\" \/><strong data-start=\"191\" data-end=\"204\">Fuerza:<\/strong> Vertical 22kN (2200kgf) \/ Horizontal 8kN (800kgf)<br data-start=\"254\" data-end=\"257\" \/><strong data-start=\"257\" data-end=\"270\">Est\u00e1ndar:<\/strong> CE1019 EN12275<br data-start=\"285\" data-end=\"288\" \/><strong data-start=\"288\" data-end=\"297\">Tama\u00f1o:<\/strong><\/p>\n<ul data-start=\"324\" data-end=\"609\">\n<li data-start=\"324\" data-end=\"340\">\n<p data-start=\"326\" data-end=\"340\">Longitud: 10 cm<\/p>\n<\/li>\n<li data-start=\"341\" data-end=\"358\">\n<p data-start=\"343\" data-end=\"358\">Anchura: 5,75 cm<\/p>\n<\/li>\n<li data-start=\"359\" data-end=\"379\">\n<p data-start=\"361\" data-end=\"379\">Grosor: 9,5 mm<\/p>\n<\/li>\n<li data-start=\"380\" data-end=\"425\">\n<p data-start=\"382\" data-end=\"425\">Apertura de la puerta: Recto 2.1cm \/ Doblado 2.5cm<\/p>\n<\/li>\n<li data-start=\"426\" data-end=\"609\">\n<p data-start=\"428\" data-end=\"609\">Di\u00e1metro: 1,1 cm<br data-start=\"443\" data-end=\"446\" \/><strong data-start=\"446\" data-end=\"456\">Color:<\/strong> M\u00faltiples opciones disponibles<br data-start=\"483\" data-end=\"486\" \/><strong data-start=\"486\" data-end=\"503\">Aplicaciones:<\/strong> Monta\u00f1ismo, escalada en roca, entrenamiento para el desarrollo, v\u00edas ferratas, espeleolog\u00eda y diversas actividades al aire libre.<\/p>\n<\/li>\n<\/ul>","protected":false},"excerpt":{"rendered":"<article class=\"text-token-text-primary w-full focus:outline-none scroll-mt-[calc(var(--header-height)+min(200px,max(70px,20svh)))]\" dir=\"auto\" tabindex=\"-1\" data-turn-id=\"request-WEB:64497e8a-4cda-4216-9b9f-bd0a306ab70d-60\" data-testid=\"conversation-turn-120\" data-scroll-anchor=\"true\" data-turn=\"assistant\">\n<div class=\"text-base my-auto mx-auto pb-10 [--thread-content-margin:--spacing(4)] thread-sm:[--thread-content-margin:--spacing(6)] thread-lg:[--thread-content-margin:--spacing(16)] px-(--thread-content-margin)\">\n<div class=\"[--thread-content-max-width:40rem] thread-lg:[--thread-content-max-width:48rem] mx-auto max-w-(--thread-content-max-width) flex-1 group\/turn-messages focus-visible:outline-hidden relative flex w-full min-w-0 flex-col agent-turn\" tabindex=\"-1\">\n<div class=\"flex max-w-full flex-col grow\">\n<div class=\"min-h-8 text-message relative flex w-full flex-col items-end gap-2 text-start break-words whitespace-normal [.text-message+&amp;]:mt-5\" dir=\"auto\" data-message-author-role=\"assistant\" data-message-id=\"3fd4692a-30d0-45b8-a4bc-dc68f5851854\" data-message-model-slug=\"gpt-5\">\n<div class=\"flex w-full flex-col gap-1 empty:hidden first:pt-[1px]\">\n<div class=\"markdown prose dark:prose-invert w-full break-words light markdown-new-styling\">\n<p data-start=\"0\" data-end=\"139\" data-is-last-node=\"\" data-is-only-node=\"\"><strong data-start=\"0\" data-end=\"139\" data-is-last-node=\"\" data-is-only-node=\"\">XINDA Climbing Protection Carabiner \u2013 Straight Gate &amp; Bent Gate Quickdraw Hook, Safety Connector for Mountaineering and Lanyard Systems<\/strong><\/p>\n<\/div>\n<\/div>\n<\/div>\n<\/div>\n<\/div>\n<\/div>\n<\/article>\n","protected":false},"featured_media":6258,"template":"","meta":{"_acf_changed":false},"product_brand":[],"product_cat":[102],"product_tag":[69],"class_list":{"0":"post-6247","1":"product","2":"type-product","3":"status-publish","4":"has-post-thumbnail","6":"product_cat-carabiner-generation-1","7":"product_tag-carabiner","9":"first","10":"instock","11":"shipping-taxable","12":"product-type-variable"},"acf":[],"_links":{"self":[{"href":"https:\/\/xindasafety.com\/es\/wp-json\/wp\/v2\/product\/6247","targetHints":{"allow":["GET"]}}],"collection":[{"href":"https:\/\/xindasafety.com\/es\/wp-json\/wp\/v2\/product"}],"about":[{"href":"https:\/\/xindasafety.com\/es\/wp-json\/wp\/v2\/types\/product"}],"version-history":[{"count":3,"href":"https:\/\/xindasafety.com\/es\/wp-json\/wp\/v2\/product\/6247\/revisions"}],"predecessor-version":[{"id":7213,"href":"https:\/\/xindasafety.com\/es\/wp-json\/wp\/v2\/product\/6247\/revisions\/7213"}],"wp:featuredmedia":[{"embeddable":true,"href":"https:\/\/xindasafety.com\/es\/wp-json\/wp\/v2\/media\/6258"}],"wp:attachment":[{"href":"https:\/\/xindasafety.com\/es\/wp-json\/wp\/v2\/media?parent=6247"}],"wp:term":[{"taxonomy":"product_brand","embeddable":true,"href":"https:\/\/xindasafety.com\/es\/wp-json\/wp\/v2\/product_brand?post=6247"},{"taxonomy":"product_cat","embeddable":true,"href":"https:\/\/xindasafety.com\/es\/wp-json\/wp\/v2\/product_cat?post=6247"},{"taxonomy":"product_tag","embeddable":true,"href":"https:\/\/xindasafety.com\/es\/wp-json\/wp\/v2\/product_tag?post=6247"}],"curies":[{"name":"wp","href":"https:\/\/api.w.org\/{rel}","templated":true}]}}