{"id":6211,"date":"2025-10-04T05:36:39","date_gmt":"2025-10-04T05:36:39","guid":{"rendered":"https:\/\/xindasafety.com\/?post_type=product&#038;p=6211"},"modified":"2026-04-17T07:46:41","modified_gmt":"2026-04-17T07:46:41","slug":"mosqueton-en-forma-de-o","status":"publish","type":"product","link":"https:\/\/xindasafety.com\/es\/product\/o-shaped-carabiner\/","title":{"rendered":"XD8122"},"content":{"rendered":"<p><strong data-start=\"35\" data-end=\"52\">Nombre del producto:<\/strong> Mosquet\u00f3n de cierre principal de escalada<br data-start=\"81\" data-end=\"84\" \/><strong data-start=\"84\" data-end=\"94\">Marca:<\/strong> XINDA<br data-start=\"100\" data-end=\"103\" data-is-only-node=\"\" \/><strong data-start=\"103\" data-end=\"117\">Modelo No:<\/strong> XD-8122N\/TN<br data-start=\"129\" data-end=\"132\" \/><strong data-start=\"132\" data-end=\"145\">Material:<\/strong> Aleaci\u00f3n de aluminio de alta resistencia<br data-start=\"174\" data-end=\"177\" \/><strong data-start=\"177\" data-end=\"190\">Fuerza:<\/strong> Vertical 25kN \/ Horizontal 8kN<br data-start=\"221\" data-end=\"224\" \/><strong data-start=\"224\" data-end=\"233\">Tama\u00f1o:<\/strong> Largo 11,2 cm \u00d7 ancho 6,1 cm, abertura de la puerta 2 cm<br data-start=\"279\" data-end=\"282\" \/><strong data-start=\"282\" data-end=\"300\">Certificaci\u00f3n:<\/strong> CE1019 EN12275<br data-start=\"315\" data-end=\"318\" \/><strong data-start=\"318\" data-end=\"335\">Aplicaciones:<\/strong> Monta\u00f1ismo, espeleolog\u00eda, escalada en roca, formaci\u00f3n para el desarrollo, rescate, trabajo a gran altitud, protecci\u00f3n contra ca\u00eddas, rapel y mucho m\u00e1s.<\/p>","protected":false},"excerpt":{"rendered":"<article class=\"text-token-text-primary w-full focus:outline-none scroll-mt-[calc(var(--header-height)+min(200px,max(70px,20svh)))]\" dir=\"auto\" tabindex=\"-1\" data-turn-id=\"request-WEB:64497e8a-4cda-4216-9b9f-bd0a306ab70d-58\" data-testid=\"conversation-turn-116\" data-scroll-anchor=\"true\" data-turn=\"assistant\">\n<div class=\"text-base my-auto mx-auto pb-10 [--thread-content-margin:--spacing(4)] thread-sm:[--thread-content-margin:--spacing(6)] thread-lg:[--thread-content-margin:--spacing(16)] px-(--thread-content-margin)\">\n<div class=\"[--thread-content-max-width:40rem] thread-lg:[--thread-content-max-width:48rem] mx-auto max-w-(--thread-content-max-width) flex-1 group\/turn-messages focus-visible:outline-hidden relative flex w-full min-w-0 flex-col agent-turn\" tabindex=\"-1\">\n<div class=\"flex max-w-full flex-col grow\">\n<div class=\"min-h-8 text-message relative flex w-full flex-col items-end gap-2 text-start break-words whitespace-normal [.text-message+&amp;]:mt-5\" dir=\"auto\" data-message-author-role=\"assistant\" data-message-id=\"c6f6a163-2958-4e10-ba0a-4d6ffe74dafc\" data-message-model-slug=\"gpt-5\">\n<div class=\"flex w-full flex-col gap-1 empty:hidden first:pt-[1px]\">\n<div class=\"markdown prose dark:prose-invert w-full break-words light markdown-new-styling\">\n<p data-start=\"0\" data-end=\"118\" data-is-last-node=\"\" data-is-only-node=\"\"><strong data-start=\"0\" data-end=\"118\" data-is-last-node=\"\" data-is-only-node=\"\">XINDA O-Shaped Main Carabiner \u2013 Auto-Locking Climbing Hook for Outdoor Mountaineering, Safety, and Heavy-Duty Gear<\/strong><\/p>\n<\/div>\n<\/div>\n<\/div>\n<\/div>\n<\/div>\n<\/div>\n<\/article>\n","protected":false},"featured_media":6225,"template":"","meta":{"_acf_changed":false},"product_brand":[],"product_cat":[102],"product_tag":[69,313],"class_list":{"0":"post-6211","1":"product","2":"type-product","3":"status-publish","4":"has-post-thumbnail","6":"product_cat-carabiner-generation-1","7":"product_tag-carabiner","8":"product_tag-o-shaped-carabiner","10":"first","11":"instock","12":"shipping-taxable","13":"product-type-variable"},"acf":[],"_links":{"self":[{"href":"https:\/\/xindasafety.com\/es\/wp-json\/wp\/v2\/product\/6211","targetHints":{"allow":["GET"]}}],"collection":[{"href":"https:\/\/xindasafety.com\/es\/wp-json\/wp\/v2\/product"}],"about":[{"href":"https:\/\/xindasafety.com\/es\/wp-json\/wp\/v2\/types\/product"}],"version-history":[{"count":3,"href":"https:\/\/xindasafety.com\/es\/wp-json\/wp\/v2\/product\/6211\/revisions"}],"predecessor-version":[{"id":6984,"href":"https:\/\/xindasafety.com\/es\/wp-json\/wp\/v2\/product\/6211\/revisions\/6984"}],"wp:featuredmedia":[{"embeddable":true,"href":"https:\/\/xindasafety.com\/es\/wp-json\/wp\/v2\/media\/6225"}],"wp:attachment":[{"href":"https:\/\/xindasafety.com\/es\/wp-json\/wp\/v2\/media?parent=6211"}],"wp:term":[{"taxonomy":"product_brand","embeddable":true,"href":"https:\/\/xindasafety.com\/es\/wp-json\/wp\/v2\/product_brand?post=6211"},{"taxonomy":"product_cat","embeddable":true,"href":"https:\/\/xindasafety.com\/es\/wp-json\/wp\/v2\/product_cat?post=6211"},{"taxonomy":"product_tag","embeddable":true,"href":"https:\/\/xindasafety.com\/es\/wp-json\/wp\/v2\/product_tag?post=6211"}],"curies":[{"name":"wp","href":"https:\/\/api.w.org\/{rel}","templated":true}]}}