{"id":6184,"date":"2025-10-04T04:09:21","date_gmt":"2025-10-04T04:09:21","guid":{"rendered":"https:\/\/xindasafety.com\/?post_type=product&#038;p=6184"},"modified":"2026-04-17T07:48:18","modified_gmt":"2026-04-17T07:48:18","slug":"mosqueton-en-forma-de-d-2","status":"publish","type":"product","link":"https:\/\/xindasafety.com\/es\/product\/d-shaped-carabiner-2\/","title":{"rendered":"XD8121"},"content":{"rendered":"<p data-start=\"35\" data-end=\"437\"><strong data-start=\"35\" data-end=\"52\">Nombre del producto:<\/strong> Mosquet\u00f3n de cierre principal de escalada<br data-start=\"81\" data-end=\"84\" \/><strong data-start=\"84\" data-end=\"94\">Marca:<\/strong> XINDA<br data-start=\"100\" data-end=\"103\" data-is-only-node=\"\" \/><strong data-start=\"103\" data-end=\"117\">Modelo No:<\/strong> XD-8121N\/TN<br data-start=\"129\" data-end=\"132\" \/><strong data-start=\"132\" data-end=\"145\">Material:<\/strong> Aleaci\u00f3n de aluminio de alta resistencia<br data-start=\"174\" data-end=\"177\" \/><strong data-start=\"177\" data-end=\"190\">Fuerza:<\/strong> 28kN<br data-start=\"195\" data-end=\"198\" \/><strong data-start=\"198\" data-end=\"207\">Tama\u00f1o:<\/strong> Largo 11 cm \u00d7 ancho 7,2 cm, abertura de la puerta 2,3 cm<br data-start=\"253\" data-end=\"256\" \/><strong data-start=\"256\" data-end=\"274\">Certificaci\u00f3n:<\/strong> CE1019 EN12275<br data-start=\"289\" data-end=\"292\" \/><strong data-start=\"292\" data-end=\"309\">Aplicaciones:<\/strong> Monta\u00f1ismo, espeleolog\u00eda, escalada en roca, formaci\u00f3n para el desarrollo, rescate, trabajo a gran altitud, protecci\u00f3n contra ca\u00eddas, rapel y mucho m\u00e1s.<\/p>","protected":false},"excerpt":{"rendered":"<p>XINDA Mosquet\u00f3n principal de cierre autom\u00e1tico en forma de D - Gancho de cierre de seguridad resistente para escalada al aire libre, alpinismo y aparejos de yoga<\/p>","protected":false},"featured_media":6169,"template":"","meta":{"_acf_changed":false},"product_brand":[],"product_cat":[102],"product_tag":[304],"class_list":{"0":"post-6184","1":"product","2":"type-product","3":"status-publish","4":"has-post-thumbnail","6":"product_cat-carabiner-generation-1","7":"product_tag-d-shaped-carabiner","9":"first","10":"instock","11":"shipping-taxable","12":"product-type-variable"},"acf":[],"_links":{"self":[{"href":"https:\/\/xindasafety.com\/es\/wp-json\/wp\/v2\/product\/6184","targetHints":{"allow":["GET"]}}],"collection":[{"href":"https:\/\/xindasafety.com\/es\/wp-json\/wp\/v2\/product"}],"about":[{"href":"https:\/\/xindasafety.com\/es\/wp-json\/wp\/v2\/types\/product"}],"version-history":[{"count":3,"href":"https:\/\/xindasafety.com\/es\/wp-json\/wp\/v2\/product\/6184\/revisions"}],"predecessor-version":[{"id":6986,"href":"https:\/\/xindasafety.com\/es\/wp-json\/wp\/v2\/product\/6184\/revisions\/6986"}],"wp:featuredmedia":[{"embeddable":true,"href":"https:\/\/xindasafety.com\/es\/wp-json\/wp\/v2\/media\/6169"}],"wp:attachment":[{"href":"https:\/\/xindasafety.com\/es\/wp-json\/wp\/v2\/media?parent=6184"}],"wp:term":[{"taxonomy":"product_brand","embeddable":true,"href":"https:\/\/xindasafety.com\/es\/wp-json\/wp\/v2\/product_brand?post=6184"},{"taxonomy":"product_cat","embeddable":true,"href":"https:\/\/xindasafety.com\/es\/wp-json\/wp\/v2\/product_cat?post=6184"},{"taxonomy":"product_tag","embeddable":true,"href":"https:\/\/xindasafety.com\/es\/wp-json\/wp\/v2\/product_tag?post=6184"}],"curies":[{"name":"wp","href":"https:\/\/api.w.org\/{rel}","templated":true}]}}