{"id":6154,"date":"2025-10-04T03:52:45","date_gmt":"2025-10-04T03:52:45","guid":{"rendered":"https:\/\/xindasafety.com\/?post_type=product&#038;p=6154"},"modified":"2026-01-18T08:35:50","modified_gmt":"2026-01-18T08:35:50","slug":"arnes-de-cuerpo-entero-2","status":"publish","type":"product","link":"https:\/\/xindasafety.com\/es\/product\/full-body-harness-2\/","title":{"rendered":"XD6503"},"content":{"rendered":"<p data-start=\"35\" data-end=\"326\"><strong data-start=\"35\" data-end=\"45\">Marca:<\/strong> XINDA<br data-start=\"51\" data-end=\"54\" \/><strong data-start=\"54\" data-end=\"68\">Modelo No:<\/strong> XD-6503<br data-start=\"76\" data-end=\"79\" \/><strong data-start=\"79\" data-end=\"92\">Est\u00e1ndar:<\/strong> XF 494-2023<br data-start=\"101\" data-end=\"104\" data-is-only-node=\"\" \/><strong data-start=\"104\" data-end=\"117\">Material:<\/strong> Poli\u00e9ster + aleaci\u00f3n de aluminio<br data-start=\"144\" data-end=\"147\" \/><strong data-start=\"147\" data-end=\"158\">Peso:<\/strong> 1760g<br data-start=\"186\" data-end=\"189\" \/><strong data-start=\"189\" data-end=\"206\">Aplicaciones:<\/strong> Monta\u00f1ismo, escalada en roca, formaci\u00f3n para el desarrollo, rescate, trabajo a gran altitud, protecci\u00f3n contra ca\u00eddas, rapel y mucho m\u00e1s.<\/p>\n<p data-start=\"328\" data-end=\"339\"><strong data-start=\"328\" data-end=\"337\">Tama\u00f1o:<\/strong><\/p>\n<ul data-start=\"340\" data-end=\"416\">\n<li data-start=\"340\" data-end=\"364\">\n<p data-start=\"342\" data-end=\"364\">Cintur\u00f3n: 75-120 cm<\/p>\n<\/li>\n<li data-start=\"365\" data-end=\"387\">\n<p data-start=\"367\" data-end=\"387\">Perneras: 50-70cm<\/p>\n<\/li>\n<li data-start=\"388\" data-end=\"416\">\n<p data-start=\"390\" data-end=\"416\">Altura adecuada: 160-190 cm<\/p>\n<\/li>\n<\/ul>","protected":false},"excerpt":{"rendered":"<p>XINDA Arn\u00e9s de seguridad de cuerpo entero - Equipo de protecci\u00f3n contra ca\u00eddas para escalada al aire libre, rapel, rescate y trabajos el\u00e9ctricos<\/p>","protected":false},"featured_media":6150,"template":"","meta":{"_acf_changed":false},"product_brand":[],"product_cat":[114],"product_tag":[312,80],"class_list":{"0":"post-6154","1":"product","2":"type-product","3":"status-publish","4":"has-post-thumbnail","6":"product_cat-harness-gen1","7":"product_tag-full-body-harness","8":"product_tag-harness","10":"first","11":"instock","12":"shipping-taxable","13":"product-type-simple"},"acf":[],"_links":{"self":[{"href":"https:\/\/xindasafety.com\/es\/wp-json\/wp\/v2\/product\/6154","targetHints":{"allow":["GET"]}}],"collection":[{"href":"https:\/\/xindasafety.com\/es\/wp-json\/wp\/v2\/product"}],"about":[{"href":"https:\/\/xindasafety.com\/es\/wp-json\/wp\/v2\/types\/product"}],"version-history":[{"count":3,"href":"https:\/\/xindasafety.com\/es\/wp-json\/wp\/v2\/product\/6154\/revisions"}],"predecessor-version":[{"id":6760,"href":"https:\/\/xindasafety.com\/es\/wp-json\/wp\/v2\/product\/6154\/revisions\/6760"}],"wp:featuredmedia":[{"embeddable":true,"href":"https:\/\/xindasafety.com\/es\/wp-json\/wp\/v2\/media\/6150"}],"wp:attachment":[{"href":"https:\/\/xindasafety.com\/es\/wp-json\/wp\/v2\/media?parent=6154"}],"wp:term":[{"taxonomy":"product_brand","embeddable":true,"href":"https:\/\/xindasafety.com\/es\/wp-json\/wp\/v2\/product_brand?post=6154"},{"taxonomy":"product_cat","embeddable":true,"href":"https:\/\/xindasafety.com\/es\/wp-json\/wp\/v2\/product_cat?post=6154"},{"taxonomy":"product_tag","embeddable":true,"href":"https:\/\/xindasafety.com\/es\/wp-json\/wp\/v2\/product_tag?post=6154"}],"curies":[{"name":"wp","href":"https:\/\/api.w.org\/{rel}","templated":true}]}}