{"id":6117,"date":"2025-10-04T03:42:54","date_gmt":"2025-10-04T03:42:54","guid":{"rendered":"https:\/\/xindasafety.com\/?post_type=product&#038;p=6117"},"modified":"2026-04-18T05:29:52","modified_gmt":"2026-04-18T05:29:52","slug":"ascensor-pectoral-4","status":"publish","type":"product","link":"https:\/\/xindasafety.com\/es\/product\/chest-ascender-4\/","title":{"rendered":"HXS03"},"content":{"rendered":"<p><strong data-start=\"33\" data-end=\"43\">Marca:<\/strong> XINDA<br data-start=\"49\" data-end=\"52\" \/><strong data-start=\"52\" data-end=\"66\">Modelo No:<\/strong> HXS03<br data-start=\"72\" data-end=\"75\" data-is-only-node=\"\" \/><strong data-start=\"75\" data-end=\"92\">Nombre del producto:<\/strong> Ascensor de pecho<br data-start=\"107\" data-end=\"110\" \/><strong data-start=\"110\" data-end=\"123\">Material:<\/strong> Aleaci\u00f3n de aluminio de alta resistencia<br data-start=\"152\" data-end=\"155\" \/><strong data-start=\"155\" data-end=\"165\">Color:<\/strong> Caqui, negro, azul<br data-start=\"184\" data-end=\"187\" \/><strong data-start=\"187\" data-end=\"198\">Peso:<\/strong> 150g<br data-start=\"203\" data-end=\"206\" \/><strong data-start=\"206\" data-end=\"228\">Peso aplicable:<\/strong> M\u00e1x. 150 kg<br data-start=\"238\" data-end=\"241\" \/><strong data-start=\"241\" data-end=\"254\">Est\u00e1ndar:<\/strong> Norma nacional<br data-start=\"272\" data-end=\"275\" \/><strong data-start=\"275\" data-end=\"284\">Tama\u00f1o:<\/strong> Como se muestra<br data-start=\"293\" data-end=\"296\" \/><strong data-start=\"296\" data-end=\"313\">Aplicaciones:<\/strong> Monta\u00f1ismo, escalada en roca, formaci\u00f3n para el desarrollo, espeleolog\u00eda, TER, rescate en exteriores, formaci\u00f3n para ascender en interiores, trabajo a gran altitud y diversas actividades al aire libre.<\/p>","protected":false},"excerpt":{"rendered":"<p>XINDA Chest Ascender - Dispositivo de escalada de cuerda para alpinismo al aire libre, espeleolog\u00eda, escalada en roca, y el trabajo de gran altitud<\/p>","protected":false},"featured_media":6118,"template":"","meta":{"_acf_changed":false},"product_brand":[],"product_cat":[99],"product_tag":[198,210],"class_list":{"0":"post-6117","1":"product","2":"type-product","3":"status-publish","4":"has-post-thumbnail","6":"product_cat-ascender-generation-1","7":"product_tag-ascender","8":"product_tag-chest-ascender","10":"first","11":"instock","12":"shipping-taxable","13":"product-type-variable"},"acf":[],"_links":{"self":[{"href":"https:\/\/xindasafety.com\/es\/wp-json\/wp\/v2\/product\/6117","targetHints":{"allow":["GET"]}}],"collection":[{"href":"https:\/\/xindasafety.com\/es\/wp-json\/wp\/v2\/product"}],"about":[{"href":"https:\/\/xindasafety.com\/es\/wp-json\/wp\/v2\/types\/product"}],"version-history":[{"count":3,"href":"https:\/\/xindasafety.com\/es\/wp-json\/wp\/v2\/product\/6117\/revisions"}],"predecessor-version":[{"id":7040,"href":"https:\/\/xindasafety.com\/es\/wp-json\/wp\/v2\/product\/6117\/revisions\/7040"}],"wp:featuredmedia":[{"embeddable":true,"href":"https:\/\/xindasafety.com\/es\/wp-json\/wp\/v2\/media\/6118"}],"wp:attachment":[{"href":"https:\/\/xindasafety.com\/es\/wp-json\/wp\/v2\/media?parent=6117"}],"wp:term":[{"taxonomy":"product_brand","embeddable":true,"href":"https:\/\/xindasafety.com\/es\/wp-json\/wp\/v2\/product_brand?post=6117"},{"taxonomy":"product_cat","embeddable":true,"href":"https:\/\/xindasafety.com\/es\/wp-json\/wp\/v2\/product_cat?post=6117"},{"taxonomy":"product_tag","embeddable":true,"href":"https:\/\/xindasafety.com\/es\/wp-json\/wp\/v2\/product_tag?post=6117"}],"curies":[{"name":"wp","href":"https:\/\/api.w.org\/{rel}","templated":true}]}}