{"id":6086,"date":"2025-10-04T03:20:08","date_gmt":"2025-10-04T03:20:08","guid":{"rendered":"https:\/\/xindasafety.com\/?post_type=product&#038;p=6086"},"modified":"2026-01-18T08:44:11","modified_gmt":"2026-01-18T08:44:11","slug":"protector-de-cuerda-de-acero-inoxidable","status":"publish","type":"product","link":"https:\/\/xindasafety.com\/es\/product\/stainless-steel-rope-protector\/","title":{"rendered":"HH9784"},"content":{"rendered":"<p data-start=\"33\" data-end=\"336\"><strong data-start=\"33\" data-end=\"50\">Nombre del producto:<\/strong> Protector de cuerda de acero inoxidable<br data-start=\"81\" data-end=\"84\" \/><strong data-start=\"84\" data-end=\"94\">Marca:<\/strong> XINDA<br data-start=\"100\" data-end=\"103\" data-is-only-node=\"\" \/><strong data-start=\"103\" data-end=\"117\">Modelo No:<\/strong> HH-9784<br data-start=\"125\" data-end=\"128\" \/><strong data-start=\"128\" data-end=\"141\">Material:<\/strong> Acero inoxidable<br data-start=\"157\" data-end=\"160\" \/><strong data-start=\"160\" data-end=\"169\">Tama\u00f1o:<\/strong> 10\u00d710\u00d710,6 cm<br data-start=\"182\" data-end=\"185\" \/><strong data-start=\"185\" data-end=\"196\">Peso:<\/strong> 225g<br data-start=\"201\" data-end=\"204\" \/><strong data-start=\"204\" data-end=\"221\">Aplicaciones:<\/strong> Trabajos a gran altitud, protecci\u00f3n contra ca\u00eddas, formaci\u00f3n para el desarrollo y rescate - se utiliza para la protecci\u00f3n de cuerdas en esquinas pronunciadas.<\/p>","protected":false},"excerpt":{"rendered":"<p>XINDA 3\u00aa Generaci\u00f3n H-Series Protector de Cuerda de Acero Inoxidable - Dispositivo de Protecci\u00f3n de Cuerda de Trabajo de Gran Altitud, Esquinero Antidesgaste<\/p>","protected":false},"featured_media":6087,"template":"","meta":{"_acf_changed":false},"product_brand":[],"product_cat":[68],"product_tag":[290],"class_list":{"0":"post-6086","1":"product","2":"type-product","3":"status-publish","4":"has-post-thumbnail","6":"product_cat-auxiliary-tools","7":"product_tag-rope-protector","9":"first","10":"instock","11":"shipping-taxable","12":"product-type-simple"},"acf":[],"_links":{"self":[{"href":"https:\/\/xindasafety.com\/es\/wp-json\/wp\/v2\/product\/6086","targetHints":{"allow":["GET"]}}],"collection":[{"href":"https:\/\/xindasafety.com\/es\/wp-json\/wp\/v2\/product"}],"about":[{"href":"https:\/\/xindasafety.com\/es\/wp-json\/wp\/v2\/types\/product"}],"version-history":[{"count":2,"href":"https:\/\/xindasafety.com\/es\/wp-json\/wp\/v2\/product\/6086\/revisions"}],"predecessor-version":[{"id":6767,"href":"https:\/\/xindasafety.com\/es\/wp-json\/wp\/v2\/product\/6086\/revisions\/6767"}],"wp:featuredmedia":[{"embeddable":true,"href":"https:\/\/xindasafety.com\/es\/wp-json\/wp\/v2\/media\/6087"}],"wp:attachment":[{"href":"https:\/\/xindasafety.com\/es\/wp-json\/wp\/v2\/media?parent=6086"}],"wp:term":[{"taxonomy":"product_brand","embeddable":true,"href":"https:\/\/xindasafety.com\/es\/wp-json\/wp\/v2\/product_brand?post=6086"},{"taxonomy":"product_cat","embeddable":true,"href":"https:\/\/xindasafety.com\/es\/wp-json\/wp\/v2\/product_cat?post=6086"},{"taxonomy":"product_tag","embeddable":true,"href":"https:\/\/xindasafety.com\/es\/wp-json\/wp\/v2\/product_tag?post=6086"}],"curies":[{"name":"wp","href":"https:\/\/api.w.org\/{rel}","templated":true}]}}