{"id":6067,"date":"2025-10-04T03:17:31","date_gmt":"2025-10-04T03:17:31","guid":{"rendered":"https:\/\/xindasafety.com\/?post_type=product&#038;p=6067"},"modified":"2026-01-18T08:44:42","modified_gmt":"2026-01-18T08:44:42","slug":"descensor-big-dipper","status":"publish","type":"product","link":"https:\/\/xindasafety.com\/es\/product\/big-dipper-descender\/","title":{"rendered":"HHCP9776"},"content":{"rendered":"<p data-start=\"37\" data-end=\"672\"><strong data-start=\"37\" data-end=\"54\">Nombre del producto:<\/strong> Descensor Beidouxing<br data-start=\"75\" data-end=\"78\" \/><strong data-start=\"78\" data-end=\"88\">Marca:<\/strong> XINDA<br data-start=\"94\" data-end=\"97\" data-is-only-node=\"\" \/><strong data-start=\"97\" data-end=\"111\">Modelo No:<\/strong> HH-9776<br data-start=\"119\" data-end=\"122\" \/><strong data-start=\"122\" data-end=\"135\">Material:<\/strong> Acero inoxidable 304 de alta resistencia<br data-start=\"169\" data-end=\"172\" \/><strong data-start=\"172\" data-end=\"185\">Est\u00e1ndar:<\/strong> CE1019 EN15151-1 \/ XF-494-2004<br data-start=\"216\" data-end=\"219\" \/><strong data-start=\"219\" data-end=\"263\">Di\u00e1metro de la cuerda aplicable y carga de deslizamiento:<\/strong><br data-start=\"263\" data-end=\"266\" \/>- Peque\u00f1o 10,5mm (Carga de deslizamiento 8kN)<br data-start=\"299\" data-end=\"302\" \/>- Grande 12mm (Carga de deslizamiento 15kN)<br data-start=\"334\" data-end=\"337\" \/><strong data-start=\"337\" data-end=\"371\">Peso (Beidouxing Descender):<\/strong><br data-start=\"371\" data-end=\"374\" \/>- Peque\u00f1o 10,5 mm: 210 g<br data-start=\"394\" data-end=\"397\" \/>- Grande 12 mm: 250 g<br data-start=\"415\" data-end=\"418\" \/><strong data-start=\"418\" data-end=\"465\">Peso (anclaje multifuncional Beidouxing):<\/strong><br data-start=\"465\" data-end=\"468\" \/>- Peque\u00f1o 10,5 mm: 125 g<br data-start=\"488\" data-end=\"491\" \/>- Grande 12mm: 170g<br data-start=\"509\" data-end=\"512\" \/><strong data-start=\"512\" data-end=\"529\">Aplicaciones:<\/strong> Monta\u00f1ismo, espeleolog\u00eda, escalada en roca, escalada en \u00e1rboles, formaci\u00f3n para el desarrollo, rescate, trabajos en altura, protecci\u00f3n contra ca\u00eddas, rapel y mucho m\u00e1s.<\/p>","protected":false},"excerpt":{"rendered":"<div class=\"flex max-w-full flex-col grow\">\n<div class=\"min-h-8 text-message relative flex w-full flex-col items-end gap-2 text-start break-words whitespace-normal [.text-message+&amp;]:mt-5\" dir=\"auto\" data-message-author-role=\"assistant\" data-message-id=\"b5976e54-79ea-4869-8be6-343f8c3d09dd\" data-message-model-slug=\"gpt-5\">\n<div class=\"flex w-full flex-col gap-1 empty:hidden first:pt-[1px]\">\n<div class=\"markdown prose dark:prose-invert w-full break-words light markdown-new-styling\">\n<p data-start=\"0\" data-end=\"130\" data-is-last-node=\"\" data-is-only-node=\"\"><strong data-start=\"0\" data-end=\"130\" data-is-last-node=\"\" data-is-only-node=\"\">XINDA Beidouxing Long-Handle Descender \u2013 Spider-Man Style Controlled Descent Device for High-Altitude Work and Rope Operations<\/strong><\/p>\n<\/div>\n<\/div>\n<\/div>\n<\/div>\n","protected":false},"featured_media":6068,"template":"","meta":{"_acf_changed":false},"product_brand":[],"product_cat":[107],"product_tag":[92],"class_list":{"0":"post-6067","1":"product","2":"type-product","3":"status-publish","4":"has-post-thumbnail","6":"product_cat-descender-gen-3","7":"product_tag-descender","9":"first","10":"instock","11":"shipping-taxable","12":"product-type-variable"},"acf":[],"_links":{"self":[{"href":"https:\/\/xindasafety.com\/es\/wp-json\/wp\/v2\/product\/6067","targetHints":{"allow":["GET"]}}],"collection":[{"href":"https:\/\/xindasafety.com\/es\/wp-json\/wp\/v2\/product"}],"about":[{"href":"https:\/\/xindasafety.com\/es\/wp-json\/wp\/v2\/types\/product"}],"version-history":[{"count":4,"href":"https:\/\/xindasafety.com\/es\/wp-json\/wp\/v2\/product\/6067\/revisions"}],"predecessor-version":[{"id":6768,"href":"https:\/\/xindasafety.com\/es\/wp-json\/wp\/v2\/product\/6067\/revisions\/6768"}],"wp:featuredmedia":[{"embeddable":true,"href":"https:\/\/xindasafety.com\/es\/wp-json\/wp\/v2\/media\/6068"}],"wp:attachment":[{"href":"https:\/\/xindasafety.com\/es\/wp-json\/wp\/v2\/media?parent=6067"}],"wp:term":[{"taxonomy":"product_brand","embeddable":true,"href":"https:\/\/xindasafety.com\/es\/wp-json\/wp\/v2\/product_brand?post=6067"},{"taxonomy":"product_cat","embeddable":true,"href":"https:\/\/xindasafety.com\/es\/wp-json\/wp\/v2\/product_cat?post=6067"},{"taxonomy":"product_tag","embeddable":true,"href":"https:\/\/xindasafety.com\/es\/wp-json\/wp\/v2\/product_tag?post=6067"}],"curies":[{"name":"wp","href":"https:\/\/api.w.org\/{rel}","templated":true}]}}