{"id":5855,"date":"2025-10-02T09:00:37","date_gmt":"2025-10-02T09:00:37","guid":{"rendered":"https:\/\/xindasafety.com\/?post_type=product&#038;p=5855"},"modified":"2026-01-18T08:51:26","modified_gmt":"2026-01-18T08:51:26","slug":"arnes-de-seguridad-con-tabla-de-asiento","status":"publish","type":"product","link":"https:\/\/xindasafety.com\/es\/product\/safety-harness-with-seat-board\/","title":{"rendered":"HA9571"},"content":{"rendered":"<p data-start=\"70\" data-end=\"536\"><strong data-start=\"70\" data-end=\"80\">Marca:<\/strong> Xinda<br data-start=\"86\" data-end=\"89\" \/><strong data-start=\"89\" data-end=\"103\">Modelo No:<\/strong> H-A9571<br data-start=\"111\" data-end=\"114\" \/><strong data-start=\"114\" data-end=\"131\" data-is-only-node=\"\">Nombre del producto:<\/strong> Arn\u00e9s de seguridad industrial de cuerpo entero con tabla de asiento<br data-start=\"183\" data-end=\"186\" \/><strong data-start=\"186\" data-end=\"199\">Material:<\/strong> Poli\u00e9ster, aluminio de alta resistencia, XPE, etc.<br data-start=\"244\" data-end=\"247\" \/><strong data-start=\"247\" data-end=\"257\">Color:<\/strong> Rojo y negro<br data-start=\"269\" data-end=\"272\" \/><strong data-start=\"272\" data-end=\"283\">Peso:<\/strong> 3545g<br data-start=\"289\" data-end=\"292\" \/><strong data-start=\"292\" data-end=\"307\">Talla de cintura:<\/strong> 75-120 cm<br data-start=\"316\" data-end=\"319\" \/><strong data-start=\"319\" data-end=\"332\">Caracter\u00edsticas:<\/strong> R\u00e1pido de llevar, c\u00f3modo y sin restricciones<br data-start=\"379\" data-end=\"382\" \/><strong data-start=\"382\" data-end=\"395\">Est\u00e1ndar:<\/strong> CE EN361, EN358, EN813<br data-start=\"418\" data-end=\"421\" \/><strong data-start=\"421\" data-end=\"437\">Aplicaci\u00f3n:<\/strong> Limpieza de paredes exteriores, pintura de paredes, instalaci\u00f3n de tuber\u00edas, trabajos de altura de larga duraci\u00f3n, etc.<\/p>","protected":false},"excerpt":{"rendered":"<p data-pm-slice=\"1 1 []\">Xinda Hua Series Arn\u00e9s de seguridad con tabla de asiento para trabajos en altura, limpieza de fachadas de rascacielos, instalaci\u00f3n de aire acondicionado y protecci\u00f3n contra ca\u00eddas Arn\u00e9s con tabla de asiento<\/p>","protected":false},"featured_media":5857,"template":"","meta":{"_acf_changed":false},"product_brand":[],"product_cat":[115],"product_tag":[80],"class_list":{"0":"post-5855","1":"product","2":"type-product","3":"status-publish","4":"has-post-thumbnail","6":"product_cat-harness-gen2","7":"product_tag-harness","9":"first","10":"instock","11":"shipping-taxable","12":"product-type-simple"},"acf":[],"_links":{"self":[{"href":"https:\/\/xindasafety.com\/es\/wp-json\/wp\/v2\/product\/5855","targetHints":{"allow":["GET"]}}],"collection":[{"href":"https:\/\/xindasafety.com\/es\/wp-json\/wp\/v2\/product"}],"about":[{"href":"https:\/\/xindasafety.com\/es\/wp-json\/wp\/v2\/types\/product"}],"version-history":[{"count":2,"href":"https:\/\/xindasafety.com\/es\/wp-json\/wp\/v2\/product\/5855\/revisions"}],"predecessor-version":[{"id":6778,"href":"https:\/\/xindasafety.com\/es\/wp-json\/wp\/v2\/product\/5855\/revisions\/6778"}],"wp:featuredmedia":[{"embeddable":true,"href":"https:\/\/xindasafety.com\/es\/wp-json\/wp\/v2\/media\/5857"}],"wp:attachment":[{"href":"https:\/\/xindasafety.com\/es\/wp-json\/wp\/v2\/media?parent=5855"}],"wp:term":[{"taxonomy":"product_brand","embeddable":true,"href":"https:\/\/xindasafety.com\/es\/wp-json\/wp\/v2\/product_brand?post=5855"},{"taxonomy":"product_cat","embeddable":true,"href":"https:\/\/xindasafety.com\/es\/wp-json\/wp\/v2\/product_cat?post=5855"},{"taxonomy":"product_tag","embeddable":true,"href":"https:\/\/xindasafety.com\/es\/wp-json\/wp\/v2\/product_tag?post=5855"}],"curies":[{"name":"wp","href":"https:\/\/api.w.org\/{rel}","templated":true}]}}