{"id":5758,"date":"2025-10-02T08:29:26","date_gmt":"2025-10-02T08:29:26","guid":{"rendered":"https:\/\/xindasafety.com\/?post_type=product&#038;p=5758"},"modified":"2026-01-18T08:54:04","modified_gmt":"2026-01-18T08:54:04","slug":"polea-giratoria-2","status":"publish","type":"product","link":"https:\/\/xindasafety.com\/es\/product\/swivel-pulley-2\/","title":{"rendered":"H8631RH"},"content":{"rendered":"<p>Marca:Xinda<br data-start=\"47\" data-end=\"50\" \/>Modelo N\u00ba:H-8631RHS<br data-start=\"69\" data-end=\"72\" \/>Nombre del producto:Polea giratoria<br data-start=\"98\" data-end=\"101\" \/>Material:Aleaci\u00f3n de aluminio de alta resistencia,Acero<br data-start=\"144\" data-end=\"147\" \/>Resistencia a la rotura:36kN<br data-start=\"169\" data-end=\"172\" \/>Carga de trabajo:12kN<br data-start=\"189\" data-end=\"192\" \/>Peso:450 g<br data-start=\"203\" data-end=\"206\" \/>Di\u00e1metro de la rueda:4 cm<br data-start=\"224\" data-end=\"227\" \/>Color:Rojo-negro<br data-start=\"242\" data-end=\"245\" \/>Di\u00e1metro de cuerda aplicable:7-13 mm<br data-start=\"276\" data-end=\"279\" \/>Tipo de rodamiento:Rodamiento de bolas<br data-start=\"304\" data-end=\"307\" \/>Est\u00e1ndar:XF494-2023<br data-start=\"326\" data-end=\"329\" \/>Aplicaci\u00f3n: alpinismo, rescate, trabajos en altura, acrobacias cinematogr\u00e1ficas y a\u00e9reas.<\/p>","protected":false},"excerpt":{"rendered":"<p>XINDA Hua Series Polea Doble Giratoria, Polea de Anillo Giratorio de Junta Universal con Placas Laterales, Polea de Cuerda Anti-Torsi\u00f3n para Equipo de Monta\u00f1ismo y Escalada<\/p>","protected":false},"featured_media":5759,"template":"","meta":{"_acf_changed":false},"product_brand":[],"product_cat":[127],"product_tag":[267],"class_list":{"0":"post-5758","1":"product","2":"type-product","3":"status-publish","4":"has-post-thumbnail","6":"product_cat-pulley-gen2","7":"product_tag-swivel-pulley","9":"first","10":"instock","11":"shipping-taxable","12":"product-type-variable"},"acf":[],"_links":{"self":[{"href":"https:\/\/xindasafety.com\/es\/wp-json\/wp\/v2\/product\/5758","targetHints":{"allow":["GET"]}}],"collection":[{"href":"https:\/\/xindasafety.com\/es\/wp-json\/wp\/v2\/product"}],"about":[{"href":"https:\/\/xindasafety.com\/es\/wp-json\/wp\/v2\/types\/product"}],"version-history":[{"count":3,"href":"https:\/\/xindasafety.com\/es\/wp-json\/wp\/v2\/product\/5758\/revisions"}],"predecessor-version":[{"id":6782,"href":"https:\/\/xindasafety.com\/es\/wp-json\/wp\/v2\/product\/5758\/revisions\/6782"}],"wp:featuredmedia":[{"embeddable":true,"href":"https:\/\/xindasafety.com\/es\/wp-json\/wp\/v2\/media\/5759"}],"wp:attachment":[{"href":"https:\/\/xindasafety.com\/es\/wp-json\/wp\/v2\/media?parent=5758"}],"wp:term":[{"taxonomy":"product_brand","embeddable":true,"href":"https:\/\/xindasafety.com\/es\/wp-json\/wp\/v2\/product_brand?post=5758"},{"taxonomy":"product_cat","embeddable":true,"href":"https:\/\/xindasafety.com\/es\/wp-json\/wp\/v2\/product_cat?post=5758"},{"taxonomy":"product_tag","embeddable":true,"href":"https:\/\/xindasafety.com\/es\/wp-json\/wp\/v2\/product_tag?post=5758"}],"curies":[{"name":"wp","href":"https:\/\/api.w.org\/{rel}","templated":true}]}}