{"id":5639,"date":"2025-10-02T05:55:29","date_gmt":"2025-10-02T05:55:29","guid":{"rendered":"https:\/\/xindasafety.com\/?post_type=product&#038;p=5639"},"modified":"2026-01-18T09:08:09","modified_gmt":"2026-01-18T09:08:09","slug":"cordon-de-via-ferrata","status":"publish","type":"product","link":"https:\/\/xindasafety.com\/es\/product\/via-ferrata-lanyard\/","title":{"rendered":"H9350"},"content":{"rendered":"<p data-start=\"31\" data-end=\"320\">Marca:Xinda<br data-start=\"42\" data-end=\"45\" \/>N\u00ba de modelo: H-9350<br data-start=\"61\" data-end=\"64\" \/>Nombre del producto:Via Ferrata Lanyard<br data-start=\"96\" data-end=\"99\" \/>Material: aleaci\u00f3n de aluminio de alta resistencia, tejido revestido, nailon.<br data-start=\"156\" data-end=\"159\" \/>Longitud de la cuerda:50cm\/33cm<br data-start=\"208\" data-end=\"211\" \/>Est\u00e1ndar:XF 494-2023<br data-start=\"237\" data-end=\"240\" \/>Aplicaci\u00f3n:Escalada,Aventura,Via Ferrata,SRT,Protecci\u00f3n de pasos forestales<\/p>","protected":false},"excerpt":{"rendered":"<p>XINDA Hua Series V\u00eda Ferrata Eslinga El\u00e1stica de Seguridad con Absorbedor de Energ\u00eda, Protecci\u00f3n de Escalada Correa de Cola de Vaca<\/p>","protected":false},"featured_media":5640,"template":"","meta":{"_acf_changed":false},"product_brand":[],"product_cat":[146],"product_tag":[299],"class_list":{"0":"post-5639","1":"product","2":"type-product","3":"status-publish","4":"has-post-thumbnail","6":"product_cat-lanyard","7":"product_tag-via-ferrata-lanyard","9":"first","10":"instock","11":"shipping-taxable","12":"product-type-variable"},"acf":[],"_links":{"self":[{"href":"https:\/\/xindasafety.com\/es\/wp-json\/wp\/v2\/product\/5639","targetHints":{"allow":["GET"]}}],"collection":[{"href":"https:\/\/xindasafety.com\/es\/wp-json\/wp\/v2\/product"}],"about":[{"href":"https:\/\/xindasafety.com\/es\/wp-json\/wp\/v2\/types\/product"}],"version-history":[{"count":2,"href":"https:\/\/xindasafety.com\/es\/wp-json\/wp\/v2\/product\/5639\/revisions"}],"predecessor-version":[{"id":6821,"href":"https:\/\/xindasafety.com\/es\/wp-json\/wp\/v2\/product\/5639\/revisions\/6821"}],"wp:featuredmedia":[{"embeddable":true,"href":"https:\/\/xindasafety.com\/es\/wp-json\/wp\/v2\/media\/5640"}],"wp:attachment":[{"href":"https:\/\/xindasafety.com\/es\/wp-json\/wp\/v2\/media?parent=5639"}],"wp:term":[{"taxonomy":"product_brand","embeddable":true,"href":"https:\/\/xindasafety.com\/es\/wp-json\/wp\/v2\/product_brand?post=5639"},{"taxonomy":"product_cat","embeddable":true,"href":"https:\/\/xindasafety.com\/es\/wp-json\/wp\/v2\/product_cat?post=5639"},{"taxonomy":"product_tag","embeddable":true,"href":"https:\/\/xindasafety.com\/es\/wp-json\/wp\/v2\/product_tag?post=5639"}],"curies":[{"name":"wp","href":"https:\/\/api.w.org\/{rel}","templated":true}]}}