{"id":5628,"date":"2025-10-02T05:45:41","date_gmt":"2025-10-02T05:45:41","guid":{"rendered":"https:\/\/xindasafety.com\/?post_type=product&#038;p=5628"},"modified":"2026-01-18T09:06:12","modified_gmt":"2026-01-18T09:06:12","slug":"bolsa-de-transporte-manual","status":"publish","type":"product","link":"https:\/\/xindasafety.com\/es\/product\/hand-carry-gear-storage-bag\/","title":{"rendered":"XDBAG23BH"},"content":{"rendered":"<p>Marca:Xinda<br data-start=\"44\" data-end=\"47\" \/>Modelo N\u00ba:XD-BAG23<br data-start=\"65\" data-end=\"68\" \/>Nombre del producto:Bolsa de almacenamiento de equipaje de mano<br data-start=\"108\" data-end=\"111\" \/>Material:Nylon,PVC<br data-start=\"129\" data-end=\"132\" \/>Tama\u00f1o:37\u00d715\u00d718cm<br data-start=\"147\" data-end=\"150\" \/>Peso:720g<br data-start=\"161\" data-end=\"164\" \/>Caracter\u00edsticas: Especialmente dise\u00f1ado para el equipo de escalada y espeleolog\u00eda, puede almacenar un conjunto completo de equipos, incluye compartimentos para la cerradura principal, descensor y ranura para tarjeta de identificaci\u00f3n.<\/p>","protected":false},"excerpt":{"rendered":"<p>XINDA al aire libre de escalada y monta\u00f1ismo bolsa de almacenamiento, espeleolog\u00eda SRT Gear Tool Bag, Hand-Carry impermeable y resistente al desgaste bolsa de equipo port\u00e1til<\/p>","protected":false},"featured_media":5636,"template":"","meta":{"_acf_changed":false},"product_brand":[],"product_cat":[124],"product_tag":[242],"class_list":{"0":"post-5628","1":"product","2":"type-product","3":"status-publish","4":"has-post-thumbnail","6":"product_cat-packs-gen2","7":"product_tag-storage-bag","9":"first","10":"instock","11":"shipping-taxable","12":"product-type-simple"},"acf":[],"_links":{"self":[{"href":"https:\/\/xindasafety.com\/es\/wp-json\/wp\/v2\/product\/5628","targetHints":{"allow":["GET"]}}],"collection":[{"href":"https:\/\/xindasafety.com\/es\/wp-json\/wp\/v2\/product"}],"about":[{"href":"https:\/\/xindasafety.com\/es\/wp-json\/wp\/v2\/types\/product"}],"version-history":[{"count":2,"href":"https:\/\/xindasafety.com\/es\/wp-json\/wp\/v2\/product\/5628\/revisions"}],"predecessor-version":[{"id":6819,"href":"https:\/\/xindasafety.com\/es\/wp-json\/wp\/v2\/product\/5628\/revisions\/6819"}],"wp:featuredmedia":[{"embeddable":true,"href":"https:\/\/xindasafety.com\/es\/wp-json\/wp\/v2\/media\/5636"}],"wp:attachment":[{"href":"https:\/\/xindasafety.com\/es\/wp-json\/wp\/v2\/media?parent=5628"}],"wp:term":[{"taxonomy":"product_brand","embeddable":true,"href":"https:\/\/xindasafety.com\/es\/wp-json\/wp\/v2\/product_brand?post=5628"},{"taxonomy":"product_cat","embeddable":true,"href":"https:\/\/xindasafety.com\/es\/wp-json\/wp\/v2\/product_cat?post=5628"},{"taxonomy":"product_tag","embeddable":true,"href":"https:\/\/xindasafety.com\/es\/wp-json\/wp\/v2\/product_tag?post=5628"}],"curies":[{"name":"wp","href":"https:\/\/api.w.org\/{rel}","templated":true}]}}