{"id":5547,"date":"2025-10-02T03:59:47","date_gmt":"2025-10-02T03:59:47","guid":{"rendered":"https:\/\/xindasafety.com\/?post_type=product&#038;p=5547"},"modified":"2026-04-18T05:45:31","modified_gmt":"2026-04-18T05:45:31","slug":"casco-de-escalada-2","status":"publish","type":"product","link":"https:\/\/xindasafety.com\/es\/product\/climbing-helmet-2\/","title":{"rendered":"H9669"},"content":{"rendered":"<p>Marca:Xinda<br data-start=\"40\" data-end=\"43\" \/>Modelo N\u00ba:H-9669<br data-start=\"59\" data-end=\"62\" \/>Nombre del producto:Casco protector Taishan<br data-start=\"100\" data-end=\"103\" \/>Peso:430\u00b150g<br data-start=\"117\" data-end=\"120\" \/>Material:ABS709S+EPP<br data-start=\"140\" data-end=\"143\" \/>Talla:53-62cm Ajustable<br data-start=\"166\" data-end=\"169\" \/>Color:Rojo,Amarillo,Azul,Blanco,Negro<br data-start=\"202\" data-end=\"205\" \/>Norma:EN12492:2000 A1:2002<br data-start=\"234\" data-end=\"237\" \/>Aplicaci\u00f3n:Monta\u00f1ismo,Escalada,Rescate,Aventura,Espeleolog\u00eda,Rapel,Protecci\u00f3n de la cabeza<\/p>","protected":false},"excerpt":{"rendered":"<article class=\"text-token-text-primary w-full focus:outline-none scroll-mt-[calc(var(--header-height)+min(200px,max(70px,20svh)))]\" dir=\"auto\" tabindex=\"-1\" data-turn-id=\"request-WEB:c61b7cf4-f3f1-493a-95ab-1fd795a4031e-35\" data-testid=\"conversation-turn-72\" data-scroll-anchor=\"true\" data-turn=\"assistant\">\n<div class=\"text-base my-auto mx-auto pb-10 [--thread-content-margin:--spacing(4)] thread-sm:[--thread-content-margin:--spacing(6)] thread-lg:[--thread-content-margin:--spacing(16)] px-(--thread-content-margin)\">\n<div class=\"[--thread-content-max-width:40rem] thread-lg:[--thread-content-max-width:48rem] mx-auto max-w-(--thread-content-max-width) flex-1 group\/turn-messages focus-visible:outline-hidden relative flex w-full min-w-0 flex-col agent-turn\" tabindex=\"-1\">\n<div class=\"flex max-w-full flex-col grow\">\n<div class=\"min-h-8 text-message relative flex w-full flex-col items-end gap-2 text-start break-words whitespace-normal [.text-message+&amp;]:mt-5\" dir=\"auto\" data-message-author-role=\"assistant\" data-message-id=\"08e4528e-1839-4740-919f-5b4bfdfcec2e\" data-message-model-slug=\"gpt-5\">\n<div class=\"flex w-full flex-col gap-1 empty:hidden first:pt-[1px]\">\n<div class=\"markdown prose dark:prose-invert w-full break-words light markdown-new-styling\">\n<p data-start=\"0\" data-end=\"135\" data-is-last-node=\"\" data-is-only-node=\"\">XINDA Hua Series Taishan Outdoor Helmet, Lightweight Climbing Helmet, Caving and Rescue Mountaineering Helmet, Safety Helmet with Visor<\/p>\n<\/div>\n<\/div>\n<\/div>\n<\/div>\n<\/div>\n<\/div>\n<\/article>\n","protected":false},"featured_media":5548,"template":"","meta":{"_acf_changed":false},"product_brand":[],"product_cat":[118],"product_tag":[296],"class_list":{"0":"post-5547","1":"product","2":"type-product","3":"status-publish","4":"has-post-thumbnail","6":"product_cat-helmet-gen2","7":"product_tag-climbing-helmet","9":"first","10":"instock","11":"shipping-taxable","12":"product-type-variable"},"acf":[],"_links":{"self":[{"href":"https:\/\/xindasafety.com\/es\/wp-json\/wp\/v2\/product\/5547","targetHints":{"allow":["GET"]}}],"collection":[{"href":"https:\/\/xindasafety.com\/es\/wp-json\/wp\/v2\/product"}],"about":[{"href":"https:\/\/xindasafety.com\/es\/wp-json\/wp\/v2\/types\/product"}],"version-history":[{"count":4,"href":"https:\/\/xindasafety.com\/es\/wp-json\/wp\/v2\/product\/5547\/revisions"}],"predecessor-version":[{"id":7049,"href":"https:\/\/xindasafety.com\/es\/wp-json\/wp\/v2\/product\/5547\/revisions\/7049"}],"wp:featuredmedia":[{"embeddable":true,"href":"https:\/\/xindasafety.com\/es\/wp-json\/wp\/v2\/media\/5548"}],"wp:attachment":[{"href":"https:\/\/xindasafety.com\/es\/wp-json\/wp\/v2\/media?parent=5547"}],"wp:term":[{"taxonomy":"product_brand","embeddable":true,"href":"https:\/\/xindasafety.com\/es\/wp-json\/wp\/v2\/product_brand?post=5547"},{"taxonomy":"product_cat","embeddable":true,"href":"https:\/\/xindasafety.com\/es\/wp-json\/wp\/v2\/product_cat?post=5547"},{"taxonomy":"product_tag","embeddable":true,"href":"https:\/\/xindasafety.com\/es\/wp-json\/wp\/v2\/product_tag?post=5547"}],"curies":[{"name":"wp","href":"https:\/\/api.w.org\/{rel}","templated":true}]}}