{"id":5430,"date":"2025-10-02T03:02:51","date_gmt":"2025-10-02T03:02:51","guid":{"rendered":"https:\/\/xindasafety.com\/?post_type=product&#038;p=5430"},"modified":"2026-01-18T08:58:12","modified_gmt":"2026-01-18T08:58:12","slug":"bolsa-de-cuerda-para-exteriores","status":"publish","type":"product","link":"https:\/\/xindasafety.com\/es\/product\/outdoor-throw-rope-bag\/","title":{"rendered":"XDBAG11"},"content":{"rendered":"<p><strong data-start=\"69\" data-end=\"79\">Marca:<\/strong> Xinda<br data-start=\"85\" data-end=\"88\" \/><strong data-start=\"88\" data-end=\"102\">Modelo No:<\/strong> XD-BAG11<br data-start=\"111\" data-end=\"114\" \/><strong data-start=\"114\" data-end=\"131\" data-is-only-node=\"\">Nombre del producto:<\/strong> Bolsa de cuerda para exteriores<br data-start=\"154\" data-end=\"157\" \/><strong data-start=\"157\" data-end=\"170\">Material:<\/strong> TPU, cinta de nailon<br data-start=\"189\" data-end=\"192\" \/><strong data-start=\"192\" data-end=\"201\">Tama\u00f1o:<\/strong> 21 \u00d7 21 \u00d7 22 cm<br data-start=\"217\" data-end=\"220\" \/><strong data-start=\"220\" data-end=\"233\">Capacidad:<\/strong> 8L<br data-start=\"236\" data-end=\"239\" \/><strong data-start=\"239\" data-end=\"249\">Color:<\/strong> Amarillo<br data-start=\"256\" data-end=\"259\" \/><strong data-start=\"259\" data-end=\"270\">Peso:<\/strong> 280g<br data-start=\"275\" data-end=\"278\" \/><strong data-start=\"278\" data-end=\"291\">Est\u00e1ndar:<\/strong> QB\/T 1333-2018<\/p>","protected":false},"excerpt":{"rendered":"<p>XINDA Bolsa de cuerda para escalada de \u00e1rboles al aire libre, cesta de l\u00ednea de tiro de arbolista, bolsa de equipo y bolsa de almacenamiento de cuerda de tracci\u00f3n<\/p>","protected":false},"featured_media":5431,"template":"","meta":{"_acf_changed":false},"product_brand":[],"product_cat":[124],"product_tag":[288],"class_list":{"0":"post-5430","1":"product","2":"type-product","3":"status-publish","4":"has-post-thumbnail","6":"product_cat-packs-gen2","7":"product_tag-throw-rope-bag","9":"first","10":"instock","11":"shipping-taxable","12":"product-type-simple"},"acf":[],"_links":{"self":[{"href":"https:\/\/xindasafety.com\/es\/wp-json\/wp\/v2\/product\/5430","targetHints":{"allow":["GET"]}}],"collection":[{"href":"https:\/\/xindasafety.com\/es\/wp-json\/wp\/v2\/product"}],"about":[{"href":"https:\/\/xindasafety.com\/es\/wp-json\/wp\/v2\/types\/product"}],"version-history":[{"count":2,"href":"https:\/\/xindasafety.com\/es\/wp-json\/wp\/v2\/product\/5430\/revisions"}],"predecessor-version":[{"id":6809,"href":"https:\/\/xindasafety.com\/es\/wp-json\/wp\/v2\/product\/5430\/revisions\/6809"}],"wp:featuredmedia":[{"embeddable":true,"href":"https:\/\/xindasafety.com\/es\/wp-json\/wp\/v2\/media\/5431"}],"wp:attachment":[{"href":"https:\/\/xindasafety.com\/es\/wp-json\/wp\/v2\/media?parent=5430"}],"wp:term":[{"taxonomy":"product_brand","embeddable":true,"href":"https:\/\/xindasafety.com\/es\/wp-json\/wp\/v2\/product_brand?post=5430"},{"taxonomy":"product_cat","embeddable":true,"href":"https:\/\/xindasafety.com\/es\/wp-json\/wp\/v2\/product_cat?post=5430"},{"taxonomy":"product_tag","embeddable":true,"href":"https:\/\/xindasafety.com\/es\/wp-json\/wp\/v2\/product_tag?post=5430"}],"curies":[{"name":"wp","href":"https:\/\/api.w.org\/{rel}","templated":true}]}}