{"id":5183,"date":"2025-09-19T07:12:59","date_gmt":"2025-09-19T07:12:59","guid":{"rendered":"https:\/\/xindasafety.com\/?post_type=product&#038;p=5183"},"modified":"2026-01-18T09:21:10","modified_gmt":"2026-01-18T09:21:10","slug":"ajustador-del-cordon","status":"publish","type":"product","link":"https:\/\/xindasafety.com\/es\/product\/lanyard-adjuster\/","title":{"rendered":"HQ9730"},"content":{"rendered":"<p><strong data-start=\"0\" data-end=\"17\" data-is-only-node=\"\">Nombre del producto:<\/strong> Ajustador de cord\u00f3n<br data-start=\"34\" data-end=\"37\" \/><strong data-start=\"37\" data-end=\"47\">Marca:<\/strong> Xinda<br data-start=\"53\" data-end=\"56\" \/><strong data-start=\"56\" data-end=\"70\">Modelo No:<\/strong> H-Q9730<br data-start=\"78\" data-end=\"81\" \/><strong data-start=\"81\" data-end=\"99\">Especificaci\u00f3n:<\/strong> Ver imagen<br data-start=\"115\" data-end=\"118\" \/><strong data-start=\"118\" data-end=\"131\">Material:<\/strong> Aleaci\u00f3n de aluminio de alta resistencia \/ Nylon 66<br data-start=\"171\" data-end=\"174\" \/><strong data-start=\"174\" data-end=\"196\">Resistencia a la rotura:<\/strong> Cuerda - 25kN (aproximadamente 2500 kgf)<br data-start=\"233\" data-end=\"236\" \/><strong data-start=\"236\" data-end=\"247\">Origen:<\/strong> China<br data-start=\"253\" data-end=\"256\" \/><strong data-start=\"256\" data-end=\"278\">\u00c1mbito de aplicaci\u00f3n:<\/strong> Monta\u00f1ismo, escalada en roca, rapel, trabajos de altura, etc.<\/p>","protected":false},"excerpt":{"rendered":"<p>Ajustador de eslinga - Eslinga doble con anclaje de liberaci\u00f3n ajustable para monta\u00f1ismo al aire libre, escalada en roca, rapel, ascenso, descenso y protecci\u00f3n de seguridad<\/p>","protected":false},"featured_media":5205,"template":"","meta":{"_acf_changed":false},"product_brand":[],"product_cat":[68],"product_tag":[278],"class_list":{"0":"post-5183","1":"product","2":"type-product","3":"status-publish","4":"has-post-thumbnail","6":"product_cat-auxiliary-tools","7":"product_tag-lanyard-adjuster","9":"first","10":"instock","11":"shipping-taxable","12":"product-type-variable"},"acf":[],"_links":{"self":[{"href":"https:\/\/xindasafety.com\/es\/wp-json\/wp\/v2\/product\/5183","targetHints":{"allow":["GET"]}}],"collection":[{"href":"https:\/\/xindasafety.com\/es\/wp-json\/wp\/v2\/product"}],"about":[{"href":"https:\/\/xindasafety.com\/es\/wp-json\/wp\/v2\/types\/product"}],"version-history":[{"count":2,"href":"https:\/\/xindasafety.com\/es\/wp-json\/wp\/v2\/product\/5183\/revisions"}],"predecessor-version":[{"id":6840,"href":"https:\/\/xindasafety.com\/es\/wp-json\/wp\/v2\/product\/5183\/revisions\/6840"}],"wp:featuredmedia":[{"embeddable":true,"href":"https:\/\/xindasafety.com\/es\/wp-json\/wp\/v2\/media\/5205"}],"wp:attachment":[{"href":"https:\/\/xindasafety.com\/es\/wp-json\/wp\/v2\/media?parent=5183"}],"wp:term":[{"taxonomy":"product_brand","embeddable":true,"href":"https:\/\/xindasafety.com\/es\/wp-json\/wp\/v2\/product_brand?post=5183"},{"taxonomy":"product_cat","embeddable":true,"href":"https:\/\/xindasafety.com\/es\/wp-json\/wp\/v2\/product_cat?post=5183"},{"taxonomy":"product_tag","embeddable":true,"href":"https:\/\/xindasafety.com\/es\/wp-json\/wp\/v2\/product_tag?post=5183"}],"curies":[{"name":"wp","href":"https:\/\/api.w.org\/{rel}","templated":true}]}}