{"id":4832,"date":"2025-09-08T08:00:21","date_gmt":"2025-09-08T08:00:21","guid":{"rendered":"https:\/\/xindasafety.com\/?post_type=product&#038;p=4832"},"modified":"2026-01-19T05:18:41","modified_gmt":"2026-01-19T05:18:41","slug":"arnes-completo-para-ninos","status":"publish","type":"product","link":"https:\/\/xindasafety.com\/es\/product\/childrens-full-body-harness\/","title":{"rendered":"HA9552"},"content":{"rendered":"<p data-start=\"46\" data-end=\"138\"><strong data-start=\"46\" data-end=\"63\">Nombre del producto:<\/strong> Arn\u00e9s completo para ni\u00f1os<br data-start=\"92\" data-end=\"95\" \/><strong data-start=\"95\" data-end=\"105\">Marca:<\/strong> Xinda<br data-start=\"111\" data-end=\"114\" \/><strong data-start=\"114\" data-end=\"128\">Modelo No:<\/strong> H-A9552<\/p>\n<p data-start=\"140\" data-end=\"311\"><strong data-start=\"140\" data-end=\"161\">Material de las correas:<\/strong> Poli\u00e9ster \/ nailon de alta resistencia<br data-start=\"193\" data-end=\"196\" \/><strong data-start=\"196\" data-end=\"222\">Material de carga:<\/strong> Aleaci\u00f3n de aluminio de alta resistencia<br data-start=\"251\" data-end=\"254\" \/><strong data-start=\"254\" data-end=\"265\">Peso:<\/strong> 350 g<br data-start=\"271\" data-end=\"274\" \/><strong data-start=\"274\" data-end=\"284\">Color:<\/strong> Azul y gris \/ Rojo y gris<\/p>\n<p data-start=\"313\" data-end=\"455\"><strong data-start=\"313\" data-end=\"334\">Alcance del cintur\u00f3n:<\/strong> 33-65 cm<br data-start=\"343\" data-end=\"346\" \/><strong data-start=\"346\" data-end=\"364\">Tama\u00f1o del lazo de la pierna:<\/strong> \u2264 56 cm<br data-start=\"372\" data-end=\"375\" \/><strong data-start=\"375\" data-end=\"395\">Peso adecuado:<\/strong> \u2264 40 kg<br data-start=\"403\" data-end=\"406\" \/><strong data-start=\"406\" data-end=\"429\">Grupo de edad adecuado:<\/strong> Ni\u00f1os de 3 a 14 a\u00f1os<\/p>\n<p data-start=\"457\" data-end=\"574\"><strong data-start=\"457\" data-end=\"479\">\u00c1mbito de aplicaci\u00f3n:<\/strong> Monta\u00f1ismo, Escalada en Roca, Entrenamiento de Expansi\u00f3n, Protecci\u00f3n Infantil, Rescate en Bomberos, etc.<\/p>","protected":false},"excerpt":{"rendered":"<p>Arn\u00e9s completo para ni\u00f1os Xinda de la serie Hua de segunda generaci\u00f3n - Cintur\u00f3n de seguridad para monta\u00f1ismo al aire libre, escalada en roca y rapel a\u00e9reo<\/p>","protected":false},"featured_media":4840,"template":"","meta":{"_acf_changed":false},"product_brand":[],"product_cat":[115],"product_tag":[271],"class_list":{"0":"post-4832","1":"product","2":"type-product","3":"status-publish","4":"has-post-thumbnail","6":"product_cat-harness-gen2","7":"product_tag-childrens-full-body-harness","9":"first","10":"instock","11":"shipping-taxable","12":"product-type-variable"},"acf":[],"_links":{"self":[{"href":"https:\/\/xindasafety.com\/es\/wp-json\/wp\/v2\/product\/4832","targetHints":{"allow":["GET"]}}],"collection":[{"href":"https:\/\/xindasafety.com\/es\/wp-json\/wp\/v2\/product"}],"about":[{"href":"https:\/\/xindasafety.com\/es\/wp-json\/wp\/v2\/types\/product"}],"version-history":[{"count":2,"href":"https:\/\/xindasafety.com\/es\/wp-json\/wp\/v2\/product\/4832\/revisions"}],"predecessor-version":[{"id":6854,"href":"https:\/\/xindasafety.com\/es\/wp-json\/wp\/v2\/product\/4832\/revisions\/6854"}],"wp:featuredmedia":[{"embeddable":true,"href":"https:\/\/xindasafety.com\/es\/wp-json\/wp\/v2\/media\/4840"}],"wp:attachment":[{"href":"https:\/\/xindasafety.com\/es\/wp-json\/wp\/v2\/media?parent=4832"}],"wp:term":[{"taxonomy":"product_brand","embeddable":true,"href":"https:\/\/xindasafety.com\/es\/wp-json\/wp\/v2\/product_brand?post=4832"},{"taxonomy":"product_cat","embeddable":true,"href":"https:\/\/xindasafety.com\/es\/wp-json\/wp\/v2\/product_cat?post=4832"},{"taxonomy":"product_tag","embeddable":true,"href":"https:\/\/xindasafety.com\/es\/wp-json\/wp\/v2\/product_tag?post=4832"}],"curies":[{"name":"wp","href":"https:\/\/api.w.org\/{rel}","templated":true}]}}