{"id":4580,"date":"2025-09-05T05:50:50","date_gmt":"2025-09-05T05:50:50","guid":{"rendered":"https:\/\/xindasafety.com\/?post_type=product&#038;p=4580"},"modified":"2026-01-19T05:23:57","modified_gmt":"2026-01-19T05:23:57","slug":"mosqueton-grande-de-triple-cierre-en-forma-de-d","status":"publish","type":"product","link":"https:\/\/xindasafety.com\/es\/product\/large-d-shaped-triple-lock-carabiner\/","title":{"rendered":"A3105"},"content":{"rendered":"<p><strong data-start=\"0\" data-end=\"10\" data-is-only-node=\"\">Marca:<\/strong> Xinda<br data-start=\"16\" data-end=\"19\" \/><strong data-start=\"19\" data-end=\"32\">Art\u00edculo No:<\/strong> A-3105<br data-start=\"39\" data-end=\"42\" \/><strong data-start=\"42\" data-end=\"59\">Nombre del producto:<\/strong> Mosquet\u00f3n triangular<br data-start=\"80\" data-end=\"83\" \/><strong data-start=\"83\" data-end=\"96\">Material:<\/strong> Aleaci\u00f3n de aluminio de alta resistencia<br data-start=\"125\" data-end=\"128\" \/><strong data-start=\"128\" data-end=\"139\">Peso:<\/strong> 98g<br data-start=\"143\" data-end=\"146\" \/><strong data-start=\"146\" data-end=\"170\">Resistencia horizontal:<\/strong> 20kN<br data-start=\"175\" data-end=\"178\" \/><strong data-start=\"178\" data-end=\"200\">Fuerza vertical:<\/strong> 18kN<br data-start=\"205\" data-end=\"208\" \/><strong data-start=\"208\" data-end=\"231\">Fuerza de la Puerta Abierta:<\/strong> 10kN<br data-start=\"236\" data-end=\"239\" \/><strong data-start=\"239\" data-end=\"249\">Color:<\/strong> Gris-verde, negro<\/p>","protected":false},"excerpt":{"rendered":"<p>Mosquet\u00f3n autom\u00e1tico de cierre de rosca triangular semicircular de la serie Hua de Xinda para espeleolog\u00eda, escalada, rapel y equipo de seguridad de carga<\/p>","protected":false},"featured_media":4581,"template":"","meta":{"_acf_changed":false},"product_brand":[],"product_cat":[103],"product_tag":[69],"class_list":{"0":"post-4580","1":"product","2":"type-product","3":"status-publish","4":"has-post-thumbnail","6":"product_cat-carabiner-generation-3","7":"product_tag-carabiner","9":"first","10":"instock","11":"shipping-taxable","12":"product-type-variable"},"acf":[],"_links":{"self":[{"href":"https:\/\/xindasafety.com\/es\/wp-json\/wp\/v2\/product\/4580","targetHints":{"allow":["GET"]}}],"collection":[{"href":"https:\/\/xindasafety.com\/es\/wp-json\/wp\/v2\/product"}],"about":[{"href":"https:\/\/xindasafety.com\/es\/wp-json\/wp\/v2\/types\/product"}],"version-history":[{"count":2,"href":"https:\/\/xindasafety.com\/es\/wp-json\/wp\/v2\/product\/4580\/revisions"}],"predecessor-version":[{"id":6867,"href":"https:\/\/xindasafety.com\/es\/wp-json\/wp\/v2\/product\/4580\/revisions\/6867"}],"wp:featuredmedia":[{"embeddable":true,"href":"https:\/\/xindasafety.com\/es\/wp-json\/wp\/v2\/media\/4581"}],"wp:attachment":[{"href":"https:\/\/xindasafety.com\/es\/wp-json\/wp\/v2\/media?parent=4580"}],"wp:term":[{"taxonomy":"product_brand","embeddable":true,"href":"https:\/\/xindasafety.com\/es\/wp-json\/wp\/v2\/product_brand?post=4580"},{"taxonomy":"product_cat","embeddable":true,"href":"https:\/\/xindasafety.com\/es\/wp-json\/wp\/v2\/product_cat?post=4580"},{"taxonomy":"product_tag","embeddable":true,"href":"https:\/\/xindasafety.com\/es\/wp-json\/wp\/v2\/product_tag?post=4580"}],"curies":[{"name":"wp","href":"https:\/\/api.w.org\/{rel}","templated":true}]}}