{"id":4457,"date":"2025-09-05T05:25:20","date_gmt":"2025-09-05T05:25:20","guid":{"rendered":"https:\/\/xindasafety.com\/?post_type=product&#038;p=4457"},"modified":"2026-01-19T05:24:46","modified_gmt":"2026-01-19T05:24:46","slug":"mosqueton-en-forma-de-d-de-la-serie-hua","status":"publish","type":"product","link":"https:\/\/xindasafety.com\/es\/product\/hua-series-d-shaped-carabiner\/","title":{"rendered":"A3101"},"content":{"rendered":"<p><strong data-start=\"0\" data-end=\"10\" data-is-only-node=\"\">Marca:<\/strong> Xinda<br data-start=\"16\" data-end=\"19\" \/><strong data-start=\"19\" data-end=\"32\">Art\u00edculo No:<\/strong> A-3101<br data-start=\"39\" data-end=\"42\" \/><strong data-start=\"42\" data-end=\"59\">Nombre del producto:<\/strong> Mosquet\u00f3n asim\u00e9trico de gran capacidad<br data-start=\"95\" data-end=\"98\" \/><strong data-start=\"98\" data-end=\"111\">Material:<\/strong> Aleaci\u00f3n de aluminio 7075<br data-start=\"131\" data-end=\"134\" \/><strong data-start=\"134\" data-end=\"145\">Peso:<\/strong> 94 g \/ 100 g \/ 100 g<br data-start=\"163\" data-end=\"166\" \/><strong data-start=\"166\" data-end=\"190\">Fuerza del Eje Mayor:<\/strong> 26kN<br data-start=\"195\" data-end=\"198\" \/><strong data-start=\"198\" data-end=\"222\">Fuerza del Eje Menor:<\/strong> 10kN<br data-start=\"227\" data-end=\"230\" \/><strong data-start=\"230\" data-end=\"253\">Fuerza de la Puerta Abierta:<\/strong> 9kN<br data-start=\"257\" data-end=\"260\" \/><strong data-start=\"260\" data-end=\"270\">Color:<\/strong> Gris-rojo, gris-verde, negro<br data-start=\"298\" data-end=\"301\" \/><strong data-start=\"301\" data-end=\"315\">Normas:<\/strong> UIAA, CE 1019, EN 362, EN 12275<\/p>","protected":false},"excerpt":{"rendered":"<p>Mosquet\u00f3n con cierre autom\u00e1tico en forma de D de la serie Hua de Xinda para escalada al aire libre, alpinismo, espeleolog\u00eda y equipo de seguridad para rappel<\/p>","protected":false},"featured_media":4458,"template":"","meta":{"_acf_changed":false},"product_brand":[],"product_cat":[103],"product_tag":[69],"class_list":{"0":"post-4457","1":"product","2":"type-product","3":"status-publish","4":"has-post-thumbnail","6":"product_cat-carabiner-generation-3","7":"product_tag-carabiner","9":"first","10":"instock","11":"shipping-taxable","12":"product-type-variable"},"acf":[],"_links":{"self":[{"href":"https:\/\/xindasafety.com\/es\/wp-json\/wp\/v2\/product\/4457","targetHints":{"allow":["GET"]}}],"collection":[{"href":"https:\/\/xindasafety.com\/es\/wp-json\/wp\/v2\/product"}],"about":[{"href":"https:\/\/xindasafety.com\/es\/wp-json\/wp\/v2\/types\/product"}],"version-history":[{"count":2,"href":"https:\/\/xindasafety.com\/es\/wp-json\/wp\/v2\/product\/4457\/revisions"}],"predecessor-version":[{"id":6869,"href":"https:\/\/xindasafety.com\/es\/wp-json\/wp\/v2\/product\/4457\/revisions\/6869"}],"wp:featuredmedia":[{"embeddable":true,"href":"https:\/\/xindasafety.com\/es\/wp-json\/wp\/v2\/media\/4458"}],"wp:attachment":[{"href":"https:\/\/xindasafety.com\/es\/wp-json\/wp\/v2\/media?parent=4457"}],"wp:term":[{"taxonomy":"product_brand","embeddable":true,"href":"https:\/\/xindasafety.com\/es\/wp-json\/wp\/v2\/product_brand?post=4457"},{"taxonomy":"product_cat","embeddable":true,"href":"https:\/\/xindasafety.com\/es\/wp-json\/wp\/v2\/product_cat?post=4457"},{"taxonomy":"product_tag","embeddable":true,"href":"https:\/\/xindasafety.com\/es\/wp-json\/wp\/v2\/product_tag?post=4457"}],"curies":[{"name":"wp","href":"https:\/\/api.w.org\/{rel}","templated":true}]}}