{"id":4148,"date":"2025-10-06T02:11:11","date_gmt":"2025-10-06T02:11:11","guid":{"rendered":"https:\/\/xindasafety.com\/?post_type=product&#038;p=4148"},"modified":"2026-01-18T08:10:26","modified_gmt":"2026-01-18T08:10:26","slug":"pinza-mecanica-articulada","status":"publish","type":"product","link":"https:\/\/xindasafety.com\/es\/product\/hinged-mechanical-rope-grab\/","title":{"rendered":"HH8637GG"},"content":{"rendered":"<p data-start=\"54\" data-end=\"120\"><strong data-start=\"54\" data-end=\"71\">Nombre del producto:<\/strong> Pinza de Cuerda Mec\u00e1nica con Bisagra<br data-start=\"99\" data-end=\"102\" \/><strong data-start=\"102\" data-end=\"112\">Marca:<\/strong> Xinda<\/p>\n<p data-start=\"122\" data-end=\"242\"><strong data-start=\"122\" data-end=\"136\">Modelo No:<\/strong> HH-8637<br data-start=\"144\" data-end=\"147\" \/><strong data-start=\"147\" data-end=\"160\">Material:<\/strong> Aluminio de alta resistencia + aleaci\u00f3n de acero<br data-start=\"197\" data-end=\"200\" \/><strong data-start=\"200\" data-end=\"213\">Est\u00e1ndar:<\/strong> CE1019, EN567, XF 494-2004<\/p>\n<p data-start=\"244\" data-end=\"304\"><strong data-start=\"244\" data-end=\"273\">Di\u00e1metro de cuerda aplicable:<\/strong> 10-13 mm<br data-start=\"282\" data-end=\"285\" \/><strong data-start=\"285\" data-end=\"296\">Peso:<\/strong> 160 g<\/p>\n<p data-start=\"306\" data-end=\"323\"><strong data-start=\"306\" data-end=\"321\">Dimensiones:<\/strong><\/p>\n<ul data-start=\"324\" data-end=\"384\">\n<li data-start=\"324\" data-end=\"343\">\n<p data-start=\"326\" data-end=\"343\">Altura: 8,45 cm<\/p>\n<\/li>\n<li data-start=\"344\" data-end=\"361\">\n<p data-start=\"346\" data-end=\"361\">Anchura: 7,9 cm<\/p>\n<\/li>\n<li data-start=\"362\" data-end=\"384\">\n<p data-start=\"364\" data-end=\"384\">Grosor: 3,25 cm<\/p>\n<\/li>\n<\/ul>\n<p data-start=\"386\" data-end=\"520\"><strong data-start=\"386\" data-end=\"408\">\u00c1mbito de aplicaci\u00f3n:<\/strong><br data-start=\"408\" data-end=\"411\" \/>Monta\u00f1ismo, Escalada en Roca, Entrenamiento de Expansi\u00f3n, Agarre de Cuerdas, Entrenamiento de Escalada en \u00c1rboles, Trabajos A\u00e9reos, etc.<\/p>","protected":false},"excerpt":{"rendered":"<p>XINDA 3\u00aa generaci\u00f3n de la serie H de agarres de cuerda mec\u00e1nicos con bisagras para protecci\u00f3n de seguridad en trabajos a\u00e9reos y dispositivo de autobloqueo antica\u00edda<\/p>","protected":false},"featured_media":4143,"template":"","meta":{"_acf_changed":false},"product_brand":[],"product_cat":[110],"product_tag":[241],"class_list":{"0":"post-4148","1":"product","2":"type-product","3":"status-publish","4":"has-post-thumbnail","6":"product_cat-full-arrestor-gen3","7":"product_tag-rope-grab","9":"first","10":"instock","11":"shipping-taxable","12":"product-type-simple"},"acf":[],"_links":{"self":[{"href":"https:\/\/xindasafety.com\/es\/wp-json\/wp\/v2\/product\/4148","targetHints":{"allow":["GET"]}}],"collection":[{"href":"https:\/\/xindasafety.com\/es\/wp-json\/wp\/v2\/product"}],"about":[{"href":"https:\/\/xindasafety.com\/es\/wp-json\/wp\/v2\/types\/product"}],"version-history":[{"count":3,"href":"https:\/\/xindasafety.com\/es\/wp-json\/wp\/v2\/product\/4148\/revisions"}],"predecessor-version":[{"id":6729,"href":"https:\/\/xindasafety.com\/es\/wp-json\/wp\/v2\/product\/4148\/revisions\/6729"}],"wp:featuredmedia":[{"embeddable":true,"href":"https:\/\/xindasafety.com\/es\/wp-json\/wp\/v2\/media\/4143"}],"wp:attachment":[{"href":"https:\/\/xindasafety.com\/es\/wp-json\/wp\/v2\/media?parent=4148"}],"wp:term":[{"taxonomy":"product_brand","embeddable":true,"href":"https:\/\/xindasafety.com\/es\/wp-json\/wp\/v2\/product_brand?post=4148"},{"taxonomy":"product_cat","embeddable":true,"href":"https:\/\/xindasafety.com\/es\/wp-json\/wp\/v2\/product_cat?post=4148"},{"taxonomy":"product_tag","embeddable":true,"href":"https:\/\/xindasafety.com\/es\/wp-json\/wp\/v2\/product_tag?post=4148"}],"curies":[{"name":"wp","href":"https:\/\/api.w.org\/{rel}","templated":true}]}}