{"id":4140,"date":"2025-08-26T02:08:03","date_gmt":"2025-08-26T02:08:03","guid":{"rendered":"https:\/\/xindasafety.com\/?post_type=product&#038;p=4140"},"modified":"2026-01-18T08:57:38","modified_gmt":"2026-01-18T08:57:38","slug":"anillo-de-aleacion-de-aluminio","status":"publish","type":"product","link":"https:\/\/xindasafety.com\/es\/product\/aluminum-alloy-ring\/","title":{"rendered":"HH9779GL"},"content":{"rendered":"<p data-start=\"61\" data-end=\"113\"><strong data-start=\"61\" data-end=\"78\">Nombre del producto:<\/strong> Anillo circular<br data-start=\"92\" data-end=\"95\" \/><strong data-start=\"95\" data-end=\"105\">Marca:<\/strong> Xinda<\/p>\n<p data-start=\"115\" data-end=\"198\"><strong data-start=\"115\" data-end=\"129\">Modelo No:<\/strong> HH-9779<br data-start=\"137\" data-end=\"140\" \/><strong data-start=\"140\" data-end=\"161\">Resistencia a la tracci\u00f3n:<\/strong> Carga est\u00e1tica 25 kN (1 kN \u2248 100 kgf)<\/p>\n<p data-start=\"200\" data-end=\"272\"><strong data-start=\"200\" data-end=\"213\">Material:<\/strong> Aleaci\u00f3n de aluminio de alta resistencia<br data-start=\"242\" data-end=\"245\" \/><strong data-start=\"245\" data-end=\"258\">Est\u00e1ndar:<\/strong> XF 494-2004<\/p>\n<p data-start=\"274\" data-end=\"318\"><strong data-start=\"274\" data-end=\"287\">Di\u00e1metro:<\/strong> \u2264 12,4 mm<br data-start=\"297\" data-end=\"300\" \/><strong data-start=\"300\" data-end=\"311\">Peso:<\/strong> 73 g<\/p>\n<p data-start=\"320\" data-end=\"337\"><strong data-start=\"320\" data-end=\"335\">Dimensiones:<\/strong><\/p>\n<ul data-start=\"338\" data-end=\"412\">\n<li data-start=\"338\" data-end=\"362\">\n<p data-start=\"340\" data-end=\"362\">Di\u00e1metro exterior: 8 cm<\/p>\n<\/li>\n<li data-start=\"363\" data-end=\"389\">\n<p data-start=\"365\" data-end=\"389\">Di\u00e1metro interior: 5,5 cm<\/p>\n<\/li>\n<li data-start=\"390\" data-end=\"412\">\n<p data-start=\"392\" data-end=\"412\">Grosor: 1,24 cm<\/p>\n<\/li>\n<\/ul>\n<p data-start=\"414\" data-end=\"606\"><strong data-start=\"414\" data-end=\"436\">\u00c1mbito de aplicaci\u00f3n:<\/strong><br data-start=\"436\" data-end=\"439\" \/>Monta\u00f1ismo, Espeleolog\u00eda, Escalada, Entrenamiento en Expansi\u00f3n, Rescate, Trabajos A\u00e9reos, Protecci\u00f3n Laboral, Rapel;<br data-start=\"547\" data-end=\"550\" \/>tambi\u00e9n aplicable como cintur\u00f3n de seguridad o accesorio de cincha.<\/p>","protected":false},"excerpt":{"rendered":"<p>Anillo de aleaci\u00f3n de aluminio de 3\u00aa generaci\u00f3n de la serie H de XINDA, conector de gran di\u00e1metro sin costuras de alta resistencia para equipos de escalada al aire libre<\/p>","protected":false},"featured_media":4135,"template":"","meta":{"_acf_changed":false},"product_brand":[],"product_cat":[131],"product_tag":[77],"class_list":{"0":"post-4140","1":"product","2":"type-product","3":"status-publish","4":"has-post-thumbnail","6":"product_cat-rings-gen3","7":"product_tag-ring","9":"first","10":"instock","11":"shipping-taxable","12":"product-type-simple"},"acf":[],"_links":{"self":[{"href":"https:\/\/xindasafety.com\/es\/wp-json\/wp\/v2\/product\/4140","targetHints":{"allow":["GET"]}}],"collection":[{"href":"https:\/\/xindasafety.com\/es\/wp-json\/wp\/v2\/product"}],"about":[{"href":"https:\/\/xindasafety.com\/es\/wp-json\/wp\/v2\/types\/product"}],"version-history":[{"count":2,"href":"https:\/\/xindasafety.com\/es\/wp-json\/wp\/v2\/product\/4140\/revisions"}],"predecessor-version":[{"id":6805,"href":"https:\/\/xindasafety.com\/es\/wp-json\/wp\/v2\/product\/4140\/revisions\/6805"}],"wp:featuredmedia":[{"embeddable":true,"href":"https:\/\/xindasafety.com\/es\/wp-json\/wp\/v2\/media\/4135"}],"wp:attachment":[{"href":"https:\/\/xindasafety.com\/es\/wp-json\/wp\/v2\/media?parent=4140"}],"wp:term":[{"taxonomy":"product_brand","embeddable":true,"href":"https:\/\/xindasafety.com\/es\/wp-json\/wp\/v2\/product_brand?post=4140"},{"taxonomy":"product_cat","embeddable":true,"href":"https:\/\/xindasafety.com\/es\/wp-json\/wp\/v2\/product_cat?post=4140"},{"taxonomy":"product_tag","embeddable":true,"href":"https:\/\/xindasafety.com\/es\/wp-json\/wp\/v2\/product_tag?post=4140"}],"curies":[{"name":"wp","href":"https:\/\/api.w.org\/{rel}","templated":true}]}}