{"id":4128,"date":"2025-08-26T02:05:26","date_gmt":"2025-08-26T02:05:26","guid":{"rendered":"https:\/\/xindasafety.com\/?post_type=product&#038;p=4128"},"modified":"2026-01-18T08:57:31","modified_gmt":"2026-01-18T08:57:31","slug":"anillo-de-acero","status":"publish","type":"product","link":"https:\/\/xindasafety.com\/es\/product\/steel-ring\/","title":{"rendered":"HH9778"},"content":{"rendered":"<p data-start=\"51\" data-end=\"109\"><strong data-start=\"51\" data-end=\"68\">Nombre del producto:<\/strong> Anillo circular de acero<br data-start=\"88\" data-end=\"91\" \/><strong data-start=\"91\" data-end=\"101\">Marca:<\/strong> Xinda<\/p>\n<p data-start=\"111\" data-end=\"194\"><strong data-start=\"111\" data-end=\"125\">Modelo No:<\/strong> HH-9778<br data-start=\"133\" data-end=\"136\" \/><strong data-start=\"136\" data-end=\"157\">Resistencia a la tracci\u00f3n:<\/strong> Carga est\u00e1tica 40 kN (1 kN \u2248 100 kgf)<\/p>\n<p data-start=\"196\" data-end=\"250\"><strong data-start=\"196\" data-end=\"209\">Material:<\/strong> Acero 40Cr<br data-start=\"220\" data-end=\"223\" \/><strong data-start=\"223\" data-end=\"236\">Est\u00e1ndar:<\/strong> XF 494-2004<\/p>\n<p data-start=\"252\" data-end=\"331\"><strong data-start=\"252\" data-end=\"265\">Di\u00e1metro:<\/strong> Di\u00e1metro exterior 78 mm \/ di\u00e1metro interior 58 mm<br data-start=\"309\" data-end=\"312\" \/><strong data-start=\"312\" data-end=\"323\">Peso:<\/strong> 135 g<\/p>\n<p data-start=\"333\" data-end=\"350\"><strong data-start=\"333\" data-end=\"348\">Dimensiones:<\/strong><\/p>\n<ul data-start=\"351\" data-end=\"427\">\n<li data-start=\"351\" data-end=\"377\">\n<p data-start=\"353\" data-end=\"377\">Di\u00e1metro exterior: 7,8 cm<\/p>\n<\/li>\n<li data-start=\"378\" data-end=\"404\">\n<p data-start=\"380\" data-end=\"404\">Di\u00e1metro interior: 5,8 cm<\/p>\n<\/li>\n<li data-start=\"405\" data-end=\"427\">\n<p data-start=\"407\" data-end=\"427\">Grosor: 0,99 cm<\/p>\n<\/li>\n<\/ul>\n<p data-start=\"429\" data-end=\"621\"><strong data-start=\"429\" data-end=\"451\">\u00c1mbito de aplicaci\u00f3n:<\/strong><br data-start=\"451\" data-end=\"454\" \/>Monta\u00f1ismo, Espeleolog\u00eda, Escalada, Entrenamiento en Expansi\u00f3n, Rescate, Trabajos A\u00e9reos, Protecci\u00f3n Laboral, Rapel;<br data-start=\"562\" data-end=\"565\" \/>tambi\u00e9n aplicable como cintur\u00f3n de seguridad o accesorio de cincha.<\/p>","protected":false},"excerpt":{"rendered":"<p>Anillo de acero aleado 40Cr de 3\u00aa generaci\u00f3n de la serie H de XINDA, capacidad de carga de 45 kN de alta resistencia, distribuci\u00f3n uniforme de la fuerza para escalada, rescate y trabajos a\u00e9reos.<\/p>","protected":false},"featured_media":4129,"template":"","meta":{"_acf_changed":false},"product_brand":[],"product_cat":[131],"product_tag":[77,244],"class_list":{"0":"post-4128","1":"product","2":"type-product","3":"status-publish","4":"has-post-thumbnail","6":"product_cat-rings-gen3","7":"product_tag-ring","8":"product_tag-steel-ring","10":"first","11":"instock","12":"shipping-taxable","13":"product-type-simple"},"acf":[],"_links":{"self":[{"href":"https:\/\/xindasafety.com\/es\/wp-json\/wp\/v2\/product\/4128","targetHints":{"allow":["GET"]}}],"collection":[{"href":"https:\/\/xindasafety.com\/es\/wp-json\/wp\/v2\/product"}],"about":[{"href":"https:\/\/xindasafety.com\/es\/wp-json\/wp\/v2\/types\/product"}],"version-history":[{"count":2,"href":"https:\/\/xindasafety.com\/es\/wp-json\/wp\/v2\/product\/4128\/revisions"}],"predecessor-version":[{"id":6804,"href":"https:\/\/xindasafety.com\/es\/wp-json\/wp\/v2\/product\/4128\/revisions\/6804"}],"wp:featuredmedia":[{"embeddable":true,"href":"https:\/\/xindasafety.com\/es\/wp-json\/wp\/v2\/media\/4129"}],"wp:attachment":[{"href":"https:\/\/xindasafety.com\/es\/wp-json\/wp\/v2\/media?parent=4128"}],"wp:term":[{"taxonomy":"product_brand","embeddable":true,"href":"https:\/\/xindasafety.com\/es\/wp-json\/wp\/v2\/product_brand?post=4128"},{"taxonomy":"product_cat","embeddable":true,"href":"https:\/\/xindasafety.com\/es\/wp-json\/wp\/v2\/product_cat?post=4128"},{"taxonomy":"product_tag","embeddable":true,"href":"https:\/\/xindasafety.com\/es\/wp-json\/wp\/v2\/product_tag?post=4128"}],"curies":[{"name":"wp","href":"https:\/\/api.w.org\/{rel}","templated":true}]}}