{"id":4119,"date":"2025-08-26T01:47:55","date_gmt":"2025-08-26T01:47:55","guid":{"rendered":"https:\/\/xindasafety.com\/?post_type=product&#038;p=4119"},"modified":"2026-04-21T01:37:54","modified_gmt":"2026-04-21T01:37:54","slug":"polea-simple-pequena","status":"publish","type":"product","link":"https:\/\/xindasafety.com\/es\/product\/small-single-pulley\/","title":{"rendered":"HH8648"},"content":{"rendered":"<p data-start=\"40\" data-end=\"98\"><strong data-start=\"40\" data-end=\"57\">Nombre del producto:<\/strong> Polea simple peque\u00f1a<br data-start=\"77\" data-end=\"80\" \/><strong data-start=\"80\" data-end=\"90\">Marca:<\/strong> Xinda<\/p>\n<p data-start=\"100\" data-end=\"181\"><strong data-start=\"100\" data-end=\"114\">Modelo No:<\/strong> HH-8648<br data-start=\"122\" data-end=\"125\" \/><strong data-start=\"125\" data-end=\"146\">Resistencia a la tracci\u00f3n:<\/strong> Carga est\u00e1tica 20 kN (1 kN \u2248 100 kgf)<\/p>\n<p data-start=\"183\" data-end=\"200\"><strong data-start=\"183\" data-end=\"198\">Dimensiones:<\/strong><\/p>\n<ul data-start=\"201\" data-end=\"256\">\n<li data-start=\"201\" data-end=\"218\">\n<p data-start=\"203\" data-end=\"218\">Altura: 82 mm<\/p>\n<\/li>\n<li data-start=\"219\" data-end=\"235\">\n<p data-start=\"221\" data-end=\"235\">Anchura: 44 mm<\/p>\n<\/li>\n<li data-start=\"236\" data-end=\"256\">\n<p data-start=\"238\" data-end=\"256\">Grosor: 33 mm<\/p>\n<\/li>\n<\/ul>\n<p data-start=\"258\" data-end=\"342\"><strong data-start=\"258\" data-end=\"271\">Material:<\/strong> Aluminio de alta resistencia + aleaci\u00f3n de acero<br data-start=\"308\" data-end=\"311\" \/><strong data-start=\"311\" data-end=\"324\">Est\u00e1ndar:<\/strong> CE1019, EN12278<\/p>\n<p data-start=\"344\" data-end=\"428\"><strong data-start=\"344\" data-end=\"373\">Di\u00e1metro de cuerda aplicable:<\/strong> 8 \u2264 \u00d8 \u2264 13 mm<br data-start=\"387\" data-end=\"390\" \/><strong data-start=\"390\" data-end=\"401\">Peso:<\/strong> Verde 147 g \/ Gris 112 g<\/p>\n<p data-start=\"430\" data-end=\"605\" data-is-last-node=\"\" data-is-only-node=\"\"><strong data-start=\"430\" data-end=\"452\">\u00c1mbito de aplicaci\u00f3n:<\/strong><br data-start=\"452\" data-end=\"455\" \/>Tirolina al aire libre, Transporte a\u00e9reo, Transporte de carga, Rappel en roc\u00f3dromo, Entrenamiento de expansi\u00f3n, Protecci\u00f3n de rescate, Sistemas de poleas, etc.<\/p>","protected":false},"excerpt":{"rendered":"<p>XINDA 3\u00aa Generaci\u00f3n de Poleas Peque\u00f1as Fijas Serie H para Monta\u00f1ismo al Aire Libre, Escalada, Espeleolog\u00eda, Rescate y Elevaci\u00f3n de Cargas<\/p>","protected":false},"featured_media":4120,"template":"","meta":{"_acf_changed":false},"product_brand":[],"product_cat":[128],"product_tag":[169],"class_list":{"0":"post-4119","1":"product","2":"type-product","3":"status-publish","4":"has-post-thumbnail","6":"product_cat-pulley-gen3","7":"product_tag-pulley","9":"first","10":"instock","11":"shipping-taxable","12":"product-type-variable"},"acf":[],"_links":{"self":[{"href":"https:\/\/xindasafety.com\/es\/wp-json\/wp\/v2\/product\/4119","targetHints":{"allow":["GET"]}}],"collection":[{"href":"https:\/\/xindasafety.com\/es\/wp-json\/wp\/v2\/product"}],"about":[{"href":"https:\/\/xindasafety.com\/es\/wp-json\/wp\/v2\/types\/product"}],"version-history":[{"count":3,"href":"https:\/\/xindasafety.com\/es\/wp-json\/wp\/v2\/product\/4119\/revisions"}],"predecessor-version":[{"id":7235,"href":"https:\/\/xindasafety.com\/es\/wp-json\/wp\/v2\/product\/4119\/revisions\/7235"}],"wp:featuredmedia":[{"embeddable":true,"href":"https:\/\/xindasafety.com\/es\/wp-json\/wp\/v2\/media\/4120"}],"wp:attachment":[{"href":"https:\/\/xindasafety.com\/es\/wp-json\/wp\/v2\/media?parent=4119"}],"wp:term":[{"taxonomy":"product_brand","embeddable":true,"href":"https:\/\/xindasafety.com\/es\/wp-json\/wp\/v2\/product_brand?post=4119"},{"taxonomy":"product_cat","embeddable":true,"href":"https:\/\/xindasafety.com\/es\/wp-json\/wp\/v2\/product_cat?post=4119"},{"taxonomy":"product_tag","embeddable":true,"href":"https:\/\/xindasafety.com\/es\/wp-json\/wp\/v2\/product_tag?post=4119"}],"curies":[{"name":"wp","href":"https:\/\/api.w.org\/{rel}","templated":true}]}}