{"id":3999,"date":"2025-08-25T08:44:25","date_gmt":"2025-08-25T08:44:25","guid":{"rendered":"https:\/\/xindasafety.com\/?post_type=product&#038;p=3999"},"modified":"2026-04-17T06:26:02","modified_gmt":"2026-04-17T06:26:02","slug":"cuerda-estatica","status":"publish","type":"product","link":"https:\/\/xindasafety.com\/es\/product\/static-rope\/","title":{"rendered":"HH9866"},"content":{"rendered":"<p data-start=\"46\" data-end=\"288\"><strong data-start=\"46\" data-end=\"63\">Nombre del producto:<\/strong> Cuerda est\u00e1tica de 10,5 mm<br data-start=\"82\" data-end=\"85\" \/><strong data-start=\"85\" data-end=\"95\">Marca:<\/strong> Xinda<br data-start=\"101\" data-end=\"104\" \/><strong data-start=\"104\" data-end=\"118\">Modelo No:<\/strong> HH-9866<br data-start=\"126\" data-end=\"129\" \/><strong data-start=\"129\" data-end=\"142\">Material:<\/strong> Nylon 66<br data-start=\"151\" data-end=\"154\" data-is-only-node=\"\" \/><strong data-start=\"154\" data-end=\"183\">Di\u00e1metro y carga de rotura:<\/strong> \u00d810,5 mm (28 kN)<br data-start=\"200\" data-end=\"203\" \/><strong data-start=\"203\" data-end=\"214\">Peso:<\/strong> 71 g\/m<br data-start=\"221\" data-end=\"224\" \/><strong data-start=\"224\" data-end=\"234\">Color:<\/strong> Rojo, Azul, Verde<br data-start=\"251\" data-end=\"254\" \/><strong data-start=\"254\" data-end=\"272\">Certificaci\u00f3n:<\/strong> CE0082 EN1891<\/p>\n<p data-start=\"290\" data-end=\"321\"><strong data-start=\"290\" data-end=\"319\">Especificaciones t\u00e9cnicas:<\/strong><\/p>\n<ul data-start=\"322\" data-end=\"559\">\n<li data-start=\"322\" data-end=\"333\">\n<p data-start=\"324\" data-end=\"333\">Tipo: A<\/p>\n<\/li>\n<li data-start=\"334\" data-end=\"358\">\n<p data-start=\"336\" data-end=\"358\">Nudabilidad: K = 1.1<\/p>\n<\/li>\n<li data-start=\"359\" data-end=\"384\">\n<p data-start=\"361\" data-end=\"384\">N\u00famero de filamentos: 48<\/p>\n<\/li>\n<li data-start=\"385\" data-end=\"410\">\n<p data-start=\"387\" data-end=\"410\">Deslizamiento de la vaina: 0,1%<\/p>\n<\/li>\n<li data-start=\"411\" data-end=\"437\">\n<p data-start=\"413\" data-end=\"437\">Proporci\u00f3n de la vaina: 30%<\/p>\n<\/li>\n<li data-start=\"438\" data-end=\"462\">\n<p data-start=\"440\" data-end=\"462\">Proporci\u00f3n del n\u00facleo: 70%<\/p>\n<\/li>\n<li data-start=\"463\" data-end=\"487\">\n<p data-start=\"465\" data-end=\"487\">Fuerza de impacto: 5,5 kN<\/p>\n<\/li>\n<li data-start=\"488\" data-end=\"508\">\n<p data-start=\"490\" data-end=\"508\">Elongaci\u00f3n: 3,4%<\/p>\n<\/li>\n<li data-start=\"509\" data-end=\"534\">\n<p data-start=\"511\" data-end=\"534\">Ca\u00eddas retenidas: &gt; 8 veces<\/p>\n<\/li>\n<li data-start=\"535\" data-end=\"559\">\n<p data-start=\"537\" data-end=\"559\">Carga de rotura: 28 kN<\/p>\n<\/li>\n<\/ul>\n<p data-start=\"561\" data-end=\"701\"><strong data-start=\"561\" data-end=\"583\">\u00c1mbito de aplicaci\u00f3n:<\/strong> Monta\u00f1ismo al aire libre, escalada en roca, espeleolog\u00eda, rappel, trabajos en altura, protecci\u00f3n en ingenier\u00eda, rescate, etc.<\/p>","protected":false},"excerpt":{"rendered":"<p>Xinda 3rd Generation H-Series Cuerda est\u00e1tica de baja elongaci\u00f3n (Tipo A) Cuerda de seguridad para monta\u00f1ismo al aire libre Cuerda de protecci\u00f3n resistente a la abrasi\u00f3n<\/p>","protected":false},"featured_media":4000,"template":"","meta":{"_acf_changed":false},"product_brand":[],"product_cat":[134],"product_tag":[212,213],"class_list":{"0":"post-3999","1":"product","2":"type-product","3":"status-publish","4":"has-post-thumbnail","6":"product_cat-rope-gen3","7":"product_tag-rope","8":"product_tag-static-rope","10":"first","11":"instock","12":"shipping-taxable","13":"product-type-variable"},"acf":[],"_links":{"self":[{"href":"https:\/\/xindasafety.com\/es\/wp-json\/wp\/v2\/product\/3999","targetHints":{"allow":["GET"]}}],"collection":[{"href":"https:\/\/xindasafety.com\/es\/wp-json\/wp\/v2\/product"}],"about":[{"href":"https:\/\/xindasafety.com\/es\/wp-json\/wp\/v2\/types\/product"}],"version-history":[{"count":3,"href":"https:\/\/xindasafety.com\/es\/wp-json\/wp\/v2\/product\/3999\/revisions"}],"predecessor-version":[{"id":6959,"href":"https:\/\/xindasafety.com\/es\/wp-json\/wp\/v2\/product\/3999\/revisions\/6959"}],"wp:featuredmedia":[{"embeddable":true,"href":"https:\/\/xindasafety.com\/es\/wp-json\/wp\/v2\/media\/4000"}],"wp:attachment":[{"href":"https:\/\/xindasafety.com\/es\/wp-json\/wp\/v2\/media?parent=3999"}],"wp:term":[{"taxonomy":"product_brand","embeddable":true,"href":"https:\/\/xindasafety.com\/es\/wp-json\/wp\/v2\/product_brand?post=3999"},{"taxonomy":"product_cat","embeddable":true,"href":"https:\/\/xindasafety.com\/es\/wp-json\/wp\/v2\/product_cat?post=3999"},{"taxonomy":"product_tag","embeddable":true,"href":"https:\/\/xindasafety.com\/es\/wp-json\/wp\/v2\/product_tag?post=3999"}],"curies":[{"name":"wp","href":"https:\/\/api.w.org\/{rel}","templated":true}]}}