{"id":3947,"date":"2025-08-25T07:49:38","date_gmt":"2025-08-25T07:49:38","guid":{"rendered":"https:\/\/xindasafety.com\/?post_type=product&#038;p=3947"},"modified":"2026-01-18T08:48:29","modified_gmt":"2026-01-18T08:48:29","slug":"mosqueton-principal-en-forma-de-o","status":"publish","type":"product","link":"https:\/\/xindasafety.com\/es\/product\/o-shaped-main-carabiner\/","title":{"rendered":"HH9781"},"content":{"rendered":"<p data-start=\"68\" data-end=\"217\"><strong data-start=\"68\" data-end=\"85\">Nombre del producto:<\/strong> Mosquet\u00f3n principal en forma de D<br data-start=\"109\" data-end=\"112\" \/><strong data-start=\"112\" data-end=\"122\">Marca:<\/strong> Xinda<br data-start=\"128\" data-end=\"131\" \/><strong data-start=\"131\" data-end=\"145\">Modelo No:<\/strong> HH-9781<br data-start=\"153\" data-end=\"156\" \/><strong data-start=\"156\" data-end=\"169\">Material:<\/strong> Aleaci\u00f3n de aluminio<br data-start=\"184\" data-end=\"187\" \/><strong data-start=\"187\" data-end=\"200\" data-is-only-node=\"\">Est\u00e1ndar:<\/strong> CE1019 EN12275<\/p>\n<p data-start=\"219\" data-end=\"287\"><strong data-start=\"219\" data-end=\"237\">Carga de rotura:<\/strong> 25 kN (aprox. 2500 kgf)<br data-start=\"262\" data-end=\"265\" \/><strong data-start=\"265\" data-end=\"285\">Clasificaci\u00f3n de la fuerza:<\/strong><\/p>\n<ul data-start=\"288\" data-end=\"350\">\n<li data-start=\"288\" data-end=\"309\">\n<p data-start=\"290\" data-end=\"309\">Eje principal: 25 kN<\/p>\n<\/li>\n<li data-start=\"310\" data-end=\"330\">\n<p data-start=\"312\" data-end=\"330\">Eje menor: 8 kN<\/p>\n<\/li>\n<li data-start=\"331\" data-end=\"350\">\n<p data-start=\"333\" data-end=\"350\">Puerta abierta: 7 kN<\/p>\n<\/li>\n<\/ul>\n<p data-start=\"352\" data-end=\"470\"><strong data-start=\"352\" data-end=\"369\">Apertura de la puerta:<\/strong> \u2264 22 mm<br data-start=\"377\" data-end=\"380\" \/><strong data-start=\"380\" data-end=\"389\">Tama\u00f1o:<\/strong> 11,2 \u00d7 6,3 \u00d7 1,8 cm<br data-start=\"409\" data-end=\"412\" \/><strong data-start=\"412\" data-end=\"422\">Color:<\/strong> Verde + Gris<br data-start=\"435\" data-end=\"438\" \/><strong data-start=\"438\" data-end=\"449\">Peso:<\/strong> 68 g \/ 76 g \/ 76 g<\/p>\n<p data-start=\"472\" data-end=\"610\"><strong data-start=\"472\" data-end=\"494\">\u00c1mbito de aplicaci\u00f3n:<\/strong> Monta\u00f1ismo, Espeleolog\u00eda, Escalada, Entrenamiento en expansi\u00f3n, Rescate, Trabajos a\u00e9reos, Protecci\u00f3n contra ca\u00eddas, Rapel, etc.<\/p>","protected":false},"excerpt":{"rendered":"<p>Xinda 3\u00aa Generaci\u00f3n H-Series Mosquet\u00f3n principal en forma de O para escalada en roca al aire libre, alpinismo, rappel, espeleolog\u00eda, rescate y trabajos a\u00e9reos Dispositivo de bloqueo de seguridad<\/p>","protected":false},"featured_media":3948,"template":"","meta":{"_acf_changed":false},"product_brand":[],"product_cat":[104],"product_tag":[69,70,84],"class_list":{"0":"post-3947","1":"product","2":"type-product","3":"status-publish","4":"has-post-thumbnail","6":"product_cat-carabiner-generation-3-carabiner","7":"product_tag-carabiner","8":"product_tag-o-shape-carabiner","9":"product_tag-triple-auto-locking-safety-carabiner","11":"first","12":"instock","13":"shipping-taxable","14":"product-type-variable"},"acf":[],"_links":{"self":[{"href":"https:\/\/xindasafety.com\/es\/wp-json\/wp\/v2\/product\/3947","targetHints":{"allow":["GET"]}}],"collection":[{"href":"https:\/\/xindasafety.com\/es\/wp-json\/wp\/v2\/product"}],"about":[{"href":"https:\/\/xindasafety.com\/es\/wp-json\/wp\/v2\/types\/product"}],"version-history":[{"count":3,"href":"https:\/\/xindasafety.com\/es\/wp-json\/wp\/v2\/product\/3947\/revisions"}],"predecessor-version":[{"id":6771,"href":"https:\/\/xindasafety.com\/es\/wp-json\/wp\/v2\/product\/3947\/revisions\/6771"}],"wp:featuredmedia":[{"embeddable":true,"href":"https:\/\/xindasafety.com\/es\/wp-json\/wp\/v2\/media\/3948"}],"wp:attachment":[{"href":"https:\/\/xindasafety.com\/es\/wp-json\/wp\/v2\/media?parent=3947"}],"wp:term":[{"taxonomy":"product_brand","embeddable":true,"href":"https:\/\/xindasafety.com\/es\/wp-json\/wp\/v2\/product_brand?post=3947"},{"taxonomy":"product_cat","embeddable":true,"href":"https:\/\/xindasafety.com\/es\/wp-json\/wp\/v2\/product_cat?post=3947"},{"taxonomy":"product_tag","embeddable":true,"href":"https:\/\/xindasafety.com\/es\/wp-json\/wp\/v2\/product_tag?post=3947"}],"curies":[{"name":"wp","href":"https:\/\/api.w.org\/{rel}","templated":true}]}}