{"id":3927,"date":"2025-08-25T07:38:32","date_gmt":"2025-08-25T07:38:32","guid":{"rendered":"https:\/\/xindasafety.com\/?post_type=product&#038;p=3927"},"modified":"2026-04-18T05:57:30","modified_gmt":"2026-04-18T05:57:30","slug":"arnes-de-seguridad-de-cuerpo-entero-a3","status":"publish","type":"product","link":"https:\/\/xindasafety.com\/es\/product\/full-body-safety-harness-a3\/","title":{"rendered":"HH9590"},"content":{"rendered":"<p data-start=\"95\" data-end=\"279\"><strong data-start=\"95\" data-end=\"105\">Marca:<\/strong> Xinda<br data-start=\"111\" data-end=\"114\" \/><strong data-start=\"114\" data-end=\"140\">Especificaci\u00f3n de las correas:<\/strong> Anchura 45 mm, Grosor 1,95 mm<br data-start=\"171\" data-end=\"174\" \/><strong data-start=\"174\" data-end=\"187\">Material:<\/strong> Revestimiento, aleaci\u00f3n de aluminio, espuma de alta densidad, nailon, acero, etc.<br data-start=\"250\" data-end=\"253\" \/><strong data-start=\"253\" data-end=\"266\">Est\u00e1ndar:<\/strong> XF494-2023<\/p>\n<p data-start=\"281\" data-end=\"298\"><strong data-start=\"281\" data-end=\"296\">Tabla de tallas:<\/strong><\/p>\n<ul data-start=\"299\" data-end=\"424\">\n<li data-start=\"299\" data-end=\"361\">\n<p data-start=\"301\" data-end=\"361\"><strong data-start=\"301\" data-end=\"307\">M:<\/strong> Cintura 80-120 cm, Peso 50-80 kg, Altura 165-185 cm<\/p>\n<\/li>\n<li data-start=\"362\" data-end=\"424\">\n<p data-start=\"364\" data-end=\"424\"><strong data-start=\"364\" data-end=\"370\">L:<\/strong> Cintura 95-135 cm, Peso 60-90 kg, Altura 170-190 cm<\/p>\n<\/li>\n<\/ul>\n<p data-start=\"426\" data-end=\"481\"><strong data-start=\"426\" data-end=\"437\">Peso:<\/strong> M: 1715 g \/ L: 1910 g<br data-start=\"459\" data-end=\"462\" \/><strong data-start=\"462\" data-end=\"473\">Origen:<\/strong> China<\/p>\n<p data-start=\"483\" data-end=\"621\"><strong data-start=\"483\" data-end=\"505\">\u00c1mbito de aplicaci\u00f3n:<\/strong> Monta\u00f1ismo, Espeleolog\u00eda, Escalada, Entrenamiento en expansi\u00f3n, Rescate, Trabajos a\u00e9reos, Protecci\u00f3n contra ca\u00eddas, Rapel, etc.<\/p>","protected":false},"excerpt":{"rendered":"<p>Xinda 3\u00aa Generaci\u00f3n Serie H LongTeng A3 Arn\u00e9s Ligero de Cuerpo Completo para Monta\u00f1ismo, Escalada en Roca y Protecci\u00f3n en Trabajos A\u00e9reos<\/p>","protected":false},"featured_media":3928,"template":"","meta":{"_acf_changed":false},"product_brand":[],"product_cat":[116],"product_tag":[79,80],"class_list":{"0":"post-3927","1":"product","2":"type-product","3":"status-publish","4":"has-post-thumbnail","6":"product_cat-harness-gen3","7":"product_tag-full-body-safty-harness","8":"product_tag-harness","10":"first","11":"instock","12":"shipping-taxable","13":"product-type-variable"},"acf":[],"_links":{"self":[{"href":"https:\/\/xindasafety.com\/es\/wp-json\/wp\/v2\/product\/3927","targetHints":{"allow":["GET"]}}],"collection":[{"href":"https:\/\/xindasafety.com\/es\/wp-json\/wp\/v2\/product"}],"about":[{"href":"https:\/\/xindasafety.com\/es\/wp-json\/wp\/v2\/types\/product"}],"version-history":[{"count":4,"href":"https:\/\/xindasafety.com\/es\/wp-json\/wp\/v2\/product\/3927\/revisions"}],"predecessor-version":[{"id":7060,"href":"https:\/\/xindasafety.com\/es\/wp-json\/wp\/v2\/product\/3927\/revisions\/7060"}],"wp:featuredmedia":[{"embeddable":true,"href":"https:\/\/xindasafety.com\/es\/wp-json\/wp\/v2\/media\/3928"}],"wp:attachment":[{"href":"https:\/\/xindasafety.com\/es\/wp-json\/wp\/v2\/media?parent=3927"}],"wp:term":[{"taxonomy":"product_brand","embeddable":true,"href":"https:\/\/xindasafety.com\/es\/wp-json\/wp\/v2\/product_brand?post=3927"},{"taxonomy":"product_cat","embeddable":true,"href":"https:\/\/xindasafety.com\/es\/wp-json\/wp\/v2\/product_cat?post=3927"},{"taxonomy":"product_tag","embeddable":true,"href":"https:\/\/xindasafety.com\/es\/wp-json\/wp\/v2\/product_tag?post=3927"}],"curies":[{"name":"wp","href":"https:\/\/api.w.org\/{rel}","templated":true}]}}