{"id":3894,"date":"2025-08-25T07:15:49","date_gmt":"2025-08-25T07:15:49","guid":{"rendered":"https:\/\/xindasafety.com\/?post_type=product&#038;p=3894"},"modified":"2026-01-18T08:56:40","modified_gmt":"2026-01-18T08:56:40","slug":"tabla-de-asiento-para-trabajos-aereos","status":"publish","type":"product","link":"https:\/\/xindasafety.com\/es\/product\/aerial-work-seat-board\/","title":{"rendered":"HHZB04GL"},"content":{"rendered":"<p data-start=\"68\" data-end=\"326\"><strong data-start=\"68\" data-end=\"85\">Nombre del producto:<\/strong> Tablero de asiento de trabajo modular multifuncional<br data-start=\"126\" data-end=\"129\" \/><strong data-start=\"129\" data-end=\"139\">Marca:<\/strong> Xinda<br data-start=\"145\" data-end=\"148\" \/><strong data-start=\"148\" data-end=\"162\">Modelo No:<\/strong> HH-ZB04<br data-start=\"170\" data-end=\"173\" data-is-only-node=\"\" \/><strong data-start=\"173\" data-end=\"186\">Material:<\/strong> Cinchas, aleaci\u00f3n de aluminio, XPE, etc.<br data-start=\"221\" data-end=\"224\" \/><strong data-start=\"224\" data-end=\"234\">Color:<\/strong> Verde + Gris<br data-start=\"247\" data-end=\"250\" \/><strong data-start=\"250\" data-end=\"259\">Tama\u00f1o:<\/strong> 50 \u00d7 19 \u00d7 12 cm<br data-start=\"275\" data-end=\"278\" \/><strong data-start=\"278\" data-end=\"289\">Peso:<\/strong> 1530 g<br data-start=\"296\" data-end=\"299\" \/><strong data-start=\"299\" data-end=\"317\">Capacidad de carga:<\/strong> 100 kg<\/p>\n<p data-start=\"328\" data-end=\"450\"><strong data-start=\"328\" data-end=\"350\">\u00c1mbito de aplicaci\u00f3n:<\/strong> Monta\u00f1ismo, Escalada en Roca, Entrenamiento de Expansi\u00f3n, Espeleolog\u00eda, SRT, Rescate en Exteriores, Trabajos A\u00e9reos, etc.<\/p>","protected":false},"excerpt":{"rendered":"<p>Xinda 3rd Generation H-Series Multi-Functional Aerial Work Seat Board for High-Rise Rope Access, Spider-Man Work, and Air Conditioner Installation Safety Harness Seat Board<\/p>","protected":false},"featured_media":3895,"template":"","meta":{"_acf_changed":false},"product_brand":[],"product_cat":[116],"product_tag":[209],"class_list":{"0":"post-3894","1":"product","2":"type-product","3":"status-publish","4":"has-post-thumbnail","6":"product_cat-harness-gen3","7":"product_tag-work-seat-board","9":"first","10":"instock","11":"shipping-taxable","12":"product-type-simple"},"acf":[],"_links":{"self":[{"href":"https:\/\/xindasafety.com\/es\/wp-json\/wp\/v2\/product\/3894","targetHints":{"allow":["GET"]}}],"collection":[{"href":"https:\/\/xindasafety.com\/es\/wp-json\/wp\/v2\/product"}],"about":[{"href":"https:\/\/xindasafety.com\/es\/wp-json\/wp\/v2\/types\/product"}],"version-history":[{"count":2,"href":"https:\/\/xindasafety.com\/es\/wp-json\/wp\/v2\/product\/3894\/revisions"}],"predecessor-version":[{"id":6798,"href":"https:\/\/xindasafety.com\/es\/wp-json\/wp\/v2\/product\/3894\/revisions\/6798"}],"wp:featuredmedia":[{"embeddable":true,"href":"https:\/\/xindasafety.com\/es\/wp-json\/wp\/v2\/media\/3895"}],"wp:attachment":[{"href":"https:\/\/xindasafety.com\/es\/wp-json\/wp\/v2\/media?parent=3894"}],"wp:term":[{"taxonomy":"product_brand","embeddable":true,"href":"https:\/\/xindasafety.com\/es\/wp-json\/wp\/v2\/product_brand?post=3894"},{"taxonomy":"product_cat","embeddable":true,"href":"https:\/\/xindasafety.com\/es\/wp-json\/wp\/v2\/product_cat?post=3894"},{"taxonomy":"product_tag","embeddable":true,"href":"https:\/\/xindasafety.com\/es\/wp-json\/wp\/v2\/product_tag?post=3894"}],"curies":[{"name":"wp","href":"https:\/\/api.w.org\/{rel}","templated":true}]}}