{"id":3867,"date":"2025-10-06T06:51:10","date_gmt":"2025-10-06T06:51:10","guid":{"rendered":"https:\/\/xindasafety.com\/?post_type=product&#038;p=3867"},"modified":"2026-04-22T02:07:37","modified_gmt":"2026-04-22T02:07:37","slug":"anticaidas-h9","status":"publish","type":"product","link":"https:\/\/xindasafety.com\/es\/product\/h9-fall-arrester\/","title":{"rendered":"HHZSQ06"},"content":{"rendered":"<p data-start=\"77\" data-end=\"276\"><strong data-start=\"77\" data-end=\"94\">Nombre del producto:<\/strong> Juego antica\u00eddas de dientes redondos H9 Dragon<br data-start=\"134\" data-end=\"137\" \/><strong data-start=\"137\" data-end=\"147\">Marca:<\/strong> Xinda<br data-start=\"153\" data-end=\"156\" \/><strong data-start=\"156\" data-end=\"170\">Modelo No:<\/strong> HH-ZSQ06<br data-start=\"179\" data-end=\"182\" \/><strong data-start=\"182\" data-end=\"195\">Material:<\/strong> Aluminio de alta resistencia + aleaci\u00f3n de acero<br data-start=\"232\" data-end=\"235\" \/><strong data-start=\"235\" data-end=\"264\">Di\u00e1metro de cuerda aplicable:<\/strong> \u00d810-12 mm<\/p>\n<p data-start=\"278\" data-end=\"295\"><strong data-start=\"278\" data-end=\"293\">Carga nominal:<\/strong><\/p>\n<ul data-start=\"296\" data-end=\"365\">\n<li data-start=\"296\" data-end=\"324\">\n<p data-start=\"298\" data-end=\"324\">Antica\u00eddas: 58-140 kg<\/p>\n<\/li>\n<li data-start=\"325\" data-end=\"365\">\n<p data-start=\"327\" data-end=\"365\">Absorbedor de energ\u00eda: Fuerza de impacto &lt; 6 kN<\/p>\n<\/li>\n<\/ul>\n<p data-start=\"367\" data-end=\"414\"><strong data-start=\"367\" data-end=\"380\">Est\u00e1ndar:<\/strong> XF494-2023, EN353-2:2002,EN355:2002<\/p>\n<p data-start=\"416\" data-end=\"429\"><strong data-start=\"416\" data-end=\"427\">Peso:<\/strong><\/p>\n<ul data-start=\"430\" data-end=\"534\">\n<li data-start=\"430\" data-end=\"454\">\n<p data-start=\"432\" data-end=\"454\">Antica\u00eddas: 400 g<\/p>\n<\/li>\n<li data-start=\"455\" data-end=\"483\">\n<p data-start=\"457\" data-end=\"483\">Mosquet\u00f3n en forma de O: 64 g<\/p>\n<\/li>\n<li data-start=\"484\" data-end=\"534\">\n<p data-start=\"486\" data-end=\"534\">Absorbedor de energ\u00eda: 30 cm - 138 g \/ 40 cm - 168 g<\/p>\n<\/li>\n<\/ul>\n<p data-start=\"536\" data-end=\"558\"><strong data-start=\"536\" data-end=\"545\">Tama\u00f1o:<\/strong> 93 \u00d7 43 mm<\/p>\n<p data-start=\"560\" data-end=\"685\"><strong data-start=\"560\" data-end=\"582\">\u00c1mbito de aplicaci\u00f3n:<\/strong> Ingenier\u00eda el\u00e9ctrica, instalaci\u00f3n en altura, limpieza de paredes exteriores, sistemas de energ\u00eda e\u00f3lica, etc.<\/p>","protected":false},"excerpt":{"rendered":"<p>Xinda 3\u00aa Generaci\u00f3n Serie H Dragon Antica\u00eddas de dientes redondos con absorbedor de energ\u00eda y juego de mosquetones - Dispositivo de protecci\u00f3n en altura<\/p>","protected":false},"featured_media":3868,"template":"","meta":{"_acf_changed":false},"product_brand":[],"product_cat":[110],"product_tag":[202],"class_list":{"0":"post-3867","1":"product","2":"type-product","3":"status-publish","4":"has-post-thumbnail","6":"product_cat-full-arrestor-gen3","7":"product_tag-fall-arrester","9":"first","10":"instock","11":"shipping-taxable","12":"product-type-simple"},"acf":[],"_links":{"self":[{"href":"https:\/\/xindasafety.com\/es\/wp-json\/wp\/v2\/product\/3867","targetHints":{"allow":["GET"]}}],"collection":[{"href":"https:\/\/xindasafety.com\/es\/wp-json\/wp\/v2\/product"}],"about":[{"href":"https:\/\/xindasafety.com\/es\/wp-json\/wp\/v2\/types\/product"}],"version-history":[{"count":9,"href":"https:\/\/xindasafety.com\/es\/wp-json\/wp\/v2\/product\/3867\/revisions"}],"predecessor-version":[{"id":7366,"href":"https:\/\/xindasafety.com\/es\/wp-json\/wp\/v2\/product\/3867\/revisions\/7366"}],"wp:featuredmedia":[{"embeddable":true,"href":"https:\/\/xindasafety.com\/es\/wp-json\/wp\/v2\/media\/3868"}],"wp:attachment":[{"href":"https:\/\/xindasafety.com\/es\/wp-json\/wp\/v2\/media?parent=3867"}],"wp:term":[{"taxonomy":"product_brand","embeddable":true,"href":"https:\/\/xindasafety.com\/es\/wp-json\/wp\/v2\/product_brand?post=3867"},{"taxonomy":"product_cat","embeddable":true,"href":"https:\/\/xindasafety.com\/es\/wp-json\/wp\/v2\/product_cat?post=3867"},{"taxonomy":"product_tag","embeddable":true,"href":"https:\/\/xindasafety.com\/es\/wp-json\/wp\/v2\/product_tag?post=3867"}],"curies":[{"name":"wp","href":"https:\/\/api.w.org\/{rel}","templated":true}]}}