{"id":3806,"date":"2025-10-05T06:01:42","date_gmt":"2025-10-05T06:01:42","guid":{"rendered":"https:\/\/xindasafety.com\/?post_type=product&#038;p=3806"},"modified":"2026-04-17T08:12:30","modified_gmt":"2026-04-17T08:12:30","slug":"ascensor-derecho","status":"publish","type":"product","link":"https:\/\/xindasafety.com\/es\/product\/right-hand-ascender\/","title":{"rendered":"HHSS01GL"},"content":{"rendered":"<p><strong data-start=\"52\" data-end=\"69\">Nombre del producto:<\/strong> Ascensor de mano<br data-start=\"83\" data-end=\"86\" \/><strong data-start=\"86\" data-end=\"96\">Marca:<\/strong> Xinda<br data-start=\"102\" data-end=\"105\" \/><strong data-start=\"105\" data-end=\"119\" data-is-only-node=\"\">Modelo No:<\/strong> HH-SS01<br data-start=\"127\" data-end=\"130\" \/><strong data-start=\"130\" data-end=\"143\">Material:<\/strong> Aleaci\u00f3n de aluminio<br data-start=\"158\" data-end=\"161\" \/><strong data-start=\"161\" data-end=\"178\">Carga de trabajo:<\/strong> 150 kg<br data-start=\"185\" data-end=\"188\" \/><strong data-start=\"188\" data-end=\"199\">Peso:<\/strong> 210 g<br data-start=\"205\" data-end=\"208\" \/><strong data-start=\"208\" data-end=\"237\">Di\u00e1metro de cuerda aplicable:<\/strong> 8-13 mm<br data-start=\"245\" data-end=\"248\" \/><strong data-start=\"248\" data-end=\"257\">Tama\u00f1o:<\/strong> 19 \u00d7 9 cm<br data-start=\"267\" data-end=\"270\" \/><strong data-start=\"270\" data-end=\"292\">\u00c1mbito de aplicaci\u00f3n:<\/strong> Monta\u00f1ismo, Escalada en Roca, Entrenamiento de Expansi\u00f3n, Espeleolog\u00eda, SRT, Entrenamiento de Escalada en Cuerda Interior, Trabajos A\u00e9reos y otras actividades.<\/p>","protected":false},"excerpt":{"rendered":"<p>Xinda 3rd Generation H-Series Hand Ascender SRT Dispositivo de ascenso por cuerda para diestros para trabajos a\u00e9reos, alpinismo y escalada en roca<\/p>","protected":false},"featured_media":3807,"template":"","meta":{"_acf_changed":false},"product_brand":[],"product_cat":[101],"product_tag":[198],"class_list":{"0":"post-3806","1":"product","2":"type-product","3":"status-publish","4":"has-post-thumbnail","6":"product_cat-asender-generation-3","7":"product_tag-ascender","9":"first","10":"instock","11":"shipping-taxable","12":"product-type-simple"},"acf":[],"_links":{"self":[{"href":"https:\/\/xindasafety.com\/es\/wp-json\/wp\/v2\/product\/3806","targetHints":{"allow":["GET"]}}],"collection":[{"href":"https:\/\/xindasafety.com\/es\/wp-json\/wp\/v2\/product"}],"about":[{"href":"https:\/\/xindasafety.com\/es\/wp-json\/wp\/v2\/types\/product"}],"version-history":[{"count":4,"href":"https:\/\/xindasafety.com\/es\/wp-json\/wp\/v2\/product\/3806\/revisions"}],"predecessor-version":[{"id":6991,"href":"https:\/\/xindasafety.com\/es\/wp-json\/wp\/v2\/product\/3806\/revisions\/6991"}],"wp:featuredmedia":[{"embeddable":true,"href":"https:\/\/xindasafety.com\/es\/wp-json\/wp\/v2\/media\/3807"}],"wp:attachment":[{"href":"https:\/\/xindasafety.com\/es\/wp-json\/wp\/v2\/media?parent=3806"}],"wp:term":[{"taxonomy":"product_brand","embeddable":true,"href":"https:\/\/xindasafety.com\/es\/wp-json\/wp\/v2\/product_brand?post=3806"},{"taxonomy":"product_cat","embeddable":true,"href":"https:\/\/xindasafety.com\/es\/wp-json\/wp\/v2\/product_cat?post=3806"},{"taxonomy":"product_tag","embeddable":true,"href":"https:\/\/xindasafety.com\/es\/wp-json\/wp\/v2\/product_tag?post=3806"}],"curies":[{"name":"wp","href":"https:\/\/api.w.org\/{rel}","templated":true}]}}