{"id":3794,"date":"2025-08-25T05:55:52","date_gmt":"2025-08-25T05:55:52","guid":{"rendered":"https:\/\/xindasafety.com\/?post_type=product&#038;p=3794"},"modified":"2026-01-19T05:46:08","modified_gmt":"2026-01-19T05:46:08","slug":"placa-de-aparejo","status":"publish","type":"product","link":"https:\/\/xindasafety.com\/es\/product\/rigging-plate\/","title":{"rendered":"HH8632"},"content":{"rendered":"<p data-start=\"145\" data-end=\"325\"><strong data-start=\"145\" data-end=\"162\">Nombre del producto:<\/strong> Placa de distribuci\u00f3n de fuerzas (placa de aparejo)<br data-start=\"203\" data-end=\"206\" \/><strong data-start=\"206\" data-end=\"216\">Marca:<\/strong> Xinda<br data-start=\"222\" data-end=\"225\" \/><strong data-start=\"225\" data-end=\"239\">Modelo No:<\/strong> HH-8632GL7 \/ HH-8632GL10 \/ HH-8632GL17<br data-start=\"278\" data-end=\"281\" \/><strong data-start=\"281\" data-end=\"294\">Material:<\/strong> Aleaci\u00f3n de aluminio de alta resistencia<\/p>\n<p data-start=\"327\" data-end=\"340\"><strong data-start=\"327\" data-end=\"338\">Peso:<\/strong><\/p>\n<ul data-start=\"341\" data-end=\"399\">\n<li data-start=\"341\" data-end=\"359\">\n<p data-start=\"343\" data-end=\"359\">7 agujeros: 260 g<\/p>\n<\/li>\n<li data-start=\"360\" data-end=\"379\">\n<p data-start=\"362\" data-end=\"379\">10 agujeros: 195 g<\/p>\n<\/li>\n<li data-start=\"380\" data-end=\"399\">\n<p data-start=\"382\" data-end=\"399\">17 Agujeros: 540 g<\/p>\n<\/li>\n<\/ul>\n<p data-start=\"401\" data-end=\"423\"><strong data-start=\"401\" data-end=\"415\">Grosor:<\/strong> 10 mm<\/p>\n<p data-start=\"425\" data-end=\"436\"><strong data-start=\"425\" data-end=\"434\">Tama\u00f1o:<\/strong><\/p>\n<ul data-start=\"437\" data-end=\"519\">\n<li data-start=\"437\" data-end=\"464\">\n<p data-start=\"439\" data-end=\"464\">7 agujeros: 14,5 \u00d7 13,5 cm<\/p>\n<\/li>\n<li data-start=\"465\" data-end=\"488\">\n<p data-start=\"467\" data-end=\"488\">10 Orificios: 16 \u00d7 7 cm<\/p>\n<\/li>\n<li data-start=\"489\" data-end=\"519\">\n<p data-start=\"491\" data-end=\"519\">17 Agujeros: 19 cm (Di\u00e1metro)<\/p>\n<\/li>\n<\/ul>\n<p data-start=\"521\" data-end=\"576\"><strong data-start=\"521\" data-end=\"541\">Clasificaci\u00f3n de la fuerza:<\/strong> 36 kN<br data-start=\"547\" data-end=\"550\" \/><strong data-start=\"550\" data-end=\"563\">Est\u00e1ndar:<\/strong> XF494-2023<\/p>\n<p data-start=\"578\" data-end=\"703\"><strong data-start=\"578\" data-end=\"600\">\u00c1mbito de aplicaci\u00f3n:<\/strong> Monta\u00f1ismo al aire libre, escalada en roca, espeleolog\u00eda, rescate, aparejos, trabajos a\u00e9reos, distribuci\u00f3n de cuerdas, etc.<\/p>","protected":false},"excerpt":{"rendered":"<p>Xinda 3rd Generation H-Series Rigging Plate - 7-Hole Rope Anchor Plate, Force Distribution Plate, Outdoor Expansion &amp; Climbing Gear<\/p>","protected":false},"featured_media":3795,"template":"","meta":{"_acf_changed":false},"product_brand":[],"product_cat":[122],"product_tag":[163],"class_list":{"0":"post-3794","1":"product","2":"type-product","3":"status-publish","4":"has-post-thumbnail","6":"product_cat-multianchor-gen3","7":"product_tag-anchor-rigging-plate","9":"first","10":"instock","11":"shipping-taxable","12":"product-type-variable"},"acf":[],"_links":{"self":[{"href":"https:\/\/xindasafety.com\/es\/wp-json\/wp\/v2\/product\/3794","targetHints":{"allow":["GET"]}}],"collection":[{"href":"https:\/\/xindasafety.com\/es\/wp-json\/wp\/v2\/product"}],"about":[{"href":"https:\/\/xindasafety.com\/es\/wp-json\/wp\/v2\/types\/product"}],"version-history":[{"count":2,"href":"https:\/\/xindasafety.com\/es\/wp-json\/wp\/v2\/product\/3794\/revisions"}],"predecessor-version":[{"id":6904,"href":"https:\/\/xindasafety.com\/es\/wp-json\/wp\/v2\/product\/3794\/revisions\/6904"}],"wp:featuredmedia":[{"embeddable":true,"href":"https:\/\/xindasafety.com\/es\/wp-json\/wp\/v2\/media\/3795"}],"wp:attachment":[{"href":"https:\/\/xindasafety.com\/es\/wp-json\/wp\/v2\/media?parent=3794"}],"wp:term":[{"taxonomy":"product_brand","embeddable":true,"href":"https:\/\/xindasafety.com\/es\/wp-json\/wp\/v2\/product_brand?post=3794"},{"taxonomy":"product_cat","embeddable":true,"href":"https:\/\/xindasafety.com\/es\/wp-json\/wp\/v2\/product_cat?post=3794"},{"taxonomy":"product_tag","embeddable":true,"href":"https:\/\/xindasafety.com\/es\/wp-json\/wp\/v2\/product_tag?post=3794"}],"curies":[{"name":"wp","href":"https:\/\/api.w.org\/{rel}","templated":true}]}}