{"id":3783,"date":"2025-10-06T05:42:22","date_gmt":"2025-10-06T05:42:22","guid":{"rendered":"https:\/\/xindasafety.com\/?post_type=product&#038;p=3783"},"modified":"2026-04-21T01:44:47","modified_gmt":"2026-04-21T01:44:47","slug":"polea-triple","status":"publish","type":"product","link":"https:\/\/xindasafety.com\/es\/product\/triple-pulley\/","title":{"rendered":"HHPU03"},"content":{"rendered":"<p data-start=\"63\" data-end=\"295\"><strong data-start=\"63\" data-end=\"80\">Nombre del producto:<\/strong> Polea triple<br data-start=\"94\" data-end=\"97\" \/><strong data-start=\"97\" data-end=\"107\">Marca:<\/strong> Xinda<br data-start=\"113\" data-end=\"116\" \/><strong data-start=\"116\" data-end=\"130\">Modelo No:<\/strong> HH-PU03<br data-start=\"138\" data-end=\"141\" \/><strong data-start=\"141\" data-end=\"154\">Material:<\/strong> Aleaci\u00f3n de aluminio de alta resistencia + acero<br data-start=\"191\" data-end=\"194\" \/><strong data-start=\"194\" data-end=\"212\" data-is-only-node=\"\">Carga de rotura:<\/strong> 22 kN (aprox. 2200 kgf)<br data-start=\"237\" data-end=\"240\" \/><strong data-start=\"240\" data-end=\"269\">Di\u00e1metro de cuerda aplicable:<\/strong> \u00d8 7-11 mm<br data-start=\"279\" data-end=\"282\" \/><strong data-start=\"282\" data-end=\"293\">Peso:<\/strong><\/p>\n<ul data-start=\"296\" data-end=\"358\">\n<li data-start=\"296\" data-end=\"328\">\n<p data-start=\"298\" data-end=\"328\">160 g (sin punto de anclaje)<\/p>\n<\/li>\n<li data-start=\"329\" data-end=\"358\">\n<p data-start=\"331\" data-end=\"358\">174 g (con punto de anclaje)<\/p>\n<\/li>\n<\/ul>\n<p data-start=\"360\" data-end=\"371\"><strong data-start=\"360\" data-end=\"369\">Tama\u00f1o:<\/strong><\/p>\n<ul data-start=\"372\" data-end=\"452\">\n<li data-start=\"372\" data-end=\"412\">\n<p data-start=\"374\" data-end=\"412\">Sin punto de anclaje: 7 \u00d7 5 \u00d7 5,9 cm<\/p>\n<\/li>\n<li data-start=\"413\" data-end=\"452\">\n<p data-start=\"415\" data-end=\"452\">Con punto de anclaje: 9,6 \u00d7 5 \u00d7 5,9 cm<\/p>\n<\/li>\n<\/ul>\n<p data-start=\"454\" data-end=\"615\"><strong data-start=\"454\" data-end=\"467\">Est\u00e1ndar:<\/strong> XF 494-2023<br data-start=\"479\" data-end=\"482\" \/><strong data-start=\"482\" data-end=\"504\">\u00c1mbito de aplicaci\u00f3n:<\/strong> Traves\u00eda, telef\u00e9rico, transporte de carga, escalada, protecci\u00f3n y rescate, sistemas de poleas elevadoras, etc.<\/p>","protected":false},"excerpt":{"rendered":"<p>Polea triple Xinda serie H de 3\u00aa generaci\u00f3n para alpinismo, escalada en roca, tirolina, traves\u00eda, elevaci\u00f3n, transporte de carga y eficiencia de cargas pesadas.<\/p>","protected":false},"featured_media":3784,"template":"","meta":{"_acf_changed":false},"product_brand":[],"product_cat":[128],"product_tag":[169],"class_list":{"0":"post-3783","1":"product","2":"type-product","3":"status-publish","4":"has-post-thumbnail","6":"product_cat-pulley-gen3","7":"product_tag-pulley","9":"first","10":"instock","11":"shipping-taxable","12":"product-type-variable"},"acf":[],"_links":{"self":[{"href":"https:\/\/xindasafety.com\/es\/wp-json\/wp\/v2\/product\/3783","targetHints":{"allow":["GET"]}}],"collection":[{"href":"https:\/\/xindasafety.com\/es\/wp-json\/wp\/v2\/product"}],"about":[{"href":"https:\/\/xindasafety.com\/es\/wp-json\/wp\/v2\/types\/product"}],"version-history":[{"count":3,"href":"https:\/\/xindasafety.com\/es\/wp-json\/wp\/v2\/product\/3783\/revisions"}],"predecessor-version":[{"id":7244,"href":"https:\/\/xindasafety.com\/es\/wp-json\/wp\/v2\/product\/3783\/revisions\/7244"}],"wp:featuredmedia":[{"embeddable":true,"href":"https:\/\/xindasafety.com\/es\/wp-json\/wp\/v2\/media\/3784"}],"wp:attachment":[{"href":"https:\/\/xindasafety.com\/es\/wp-json\/wp\/v2\/media?parent=3783"}],"wp:term":[{"taxonomy":"product_brand","embeddable":true,"href":"https:\/\/xindasafety.com\/es\/wp-json\/wp\/v2\/product_brand?post=3783"},{"taxonomy":"product_cat","embeddable":true,"href":"https:\/\/xindasafety.com\/es\/wp-json\/wp\/v2\/product_cat?post=3783"},{"taxonomy":"product_tag","embeddable":true,"href":"https:\/\/xindasafety.com\/es\/wp-json\/wp\/v2\/product_tag?post=3783"}],"curies":[{"name":"wp","href":"https:\/\/api.w.org\/{rel}","templated":true}]}}