{"id":3741,"date":"2025-10-05T05:12:58","date_gmt":"2025-10-05T05:12:58","guid":{"rendered":"https:\/\/xindasafety.com\/?post_type=product&#038;p=3741"},"modified":"2026-01-18T08:11:49","modified_gmt":"2026-01-18T08:11:49","slug":"mochila-de-mano-bolsa-de-viaje","status":"publish","type":"product","link":"https:\/\/xindasafety.com\/es\/product\/hand-carry-backpack-gear-duffel-bag\/","title":{"rendered":"HHBAG18"},"content":{"rendered":"<p><strong data-start=\"60\" data-end=\"77\">Nombre del producto:<\/strong> Bolsa de cuerda Outdoor Gear<br data-start=\"99\" data-end=\"102\" \/><strong data-start=\"102\" data-end=\"112\">Marca:<\/strong> Xinda<br data-start=\"118\" data-end=\"121\" \/><strong data-start=\"121\" data-end=\"135\">Modelo No:<\/strong> HH-BAG18<br data-start=\"144\" data-end=\"147\" data-is-only-node=\"\" \/><strong data-start=\"147\" data-end=\"160\">Material:<\/strong> Tejido de malla de PVC + cinchas + aluminio<br data-start=\"197\" data-end=\"200\" \/><strong data-start=\"200\" data-end=\"221\">Opciones de capacidad:<\/strong> 38L \/ 55L<br data-start=\"231\" data-end=\"234\" \/><strong data-start=\"234\" data-end=\"243\">Tama\u00f1o:<\/strong><br data-start=\"243\" data-end=\"246\" \/>- 38L: 20 \u00d7 30 \u00d7 70 cm<br data-start=\"269\" data-end=\"272\" \/>- 55L: 24 \u00d7 34 \u00d7 76 cm<br data-start=\"295\" data-end=\"298\" \/><strong data-start=\"298\" data-end=\"309\">Peso:<\/strong><br data-start=\"309\" data-end=\"312\" \/>- 38L: aprox. 2530 g<br data-start=\"334\" data-end=\"337\" \/>- 55L: aprox. 2815 g<br data-start=\"359\" data-end=\"362\" \/><strong data-start=\"362\" data-end=\"388\">Capacidad de almacenamiento de cuerda:<\/strong><br data-start=\"388\" data-end=\"391\" \/>- 38L: Capacidad para unos 150 m de cuerda de 10,5 mm<br data-start=\"434\" data-end=\"437\" \/>- 55L: Capacidad para unos 300 m de cuerda de 10,5 mm<br data-start=\"480\" data-end=\"483\" \/><strong data-start=\"483\" data-end=\"496\">Est\u00e1ndar:<\/strong> QB\/T 1333-2018<br data-start=\"511\" data-end=\"514\" \/><strong data-start=\"514\" data-end=\"536\">\u00c1mbito de aplicaci\u00f3n:<\/strong> Gesti\u00f3n de cuerdas y equipos para monta\u00f1ismo al aire libre, escalada en roca, entrenamiento de expansi\u00f3n y trabajos a\u00e9reos<\/p>","protected":false},"excerpt":{"rendered":"<p>Xinda H-Series Multifunctional Gear Duffel Bag - Mochila de gran capacidad para equipo de monta\u00f1ismo y escalada al aire libre \/ Bolsa para herramientas de mano<\/p>","protected":false},"featured_media":3742,"template":"","meta":{"_acf_changed":false},"product_brand":[],"product_cat":[125],"product_tag":[],"class_list":{"0":"post-3741","1":"product","2":"type-product","3":"status-publish","4":"has-post-thumbnail","6":"product_cat-packs-gen3","8":"first","9":"instock","10":"shipping-taxable","11":"product-type-variable"},"acf":[],"_links":{"self":[{"href":"https:\/\/xindasafety.com\/es\/wp-json\/wp\/v2\/product\/3741","targetHints":{"allow":["GET"]}}],"collection":[{"href":"https:\/\/xindasafety.com\/es\/wp-json\/wp\/v2\/product"}],"about":[{"href":"https:\/\/xindasafety.com\/es\/wp-json\/wp\/v2\/types\/product"}],"version-history":[{"count":2,"href":"https:\/\/xindasafety.com\/es\/wp-json\/wp\/v2\/product\/3741\/revisions"}],"predecessor-version":[{"id":6735,"href":"https:\/\/xindasafety.com\/es\/wp-json\/wp\/v2\/product\/3741\/revisions\/6735"}],"wp:featuredmedia":[{"embeddable":true,"href":"https:\/\/xindasafety.com\/es\/wp-json\/wp\/v2\/media\/3742"}],"wp:attachment":[{"href":"https:\/\/xindasafety.com\/es\/wp-json\/wp\/v2\/media?parent=3741"}],"wp:term":[{"taxonomy":"product_brand","embeddable":true,"href":"https:\/\/xindasafety.com\/es\/wp-json\/wp\/v2\/product_brand?post=3741"},{"taxonomy":"product_cat","embeddable":true,"href":"https:\/\/xindasafety.com\/es\/wp-json\/wp\/v2\/product_cat?post=3741"},{"taxonomy":"product_tag","embeddable":true,"href":"https:\/\/xindasafety.com\/es\/wp-json\/wp\/v2\/product_tag?post=3741"}],"curies":[{"name":"wp","href":"https:\/\/api.w.org\/{rel}","templated":true}]}}