{"id":3645,"date":"2025-10-06T09:01:00","date_gmt":"2025-10-06T09:01:00","guid":{"rendered":"https:\/\/xindasafety.com\/?post_type=product&#038;p=3645"},"modified":"2026-04-18T05:49:30","modified_gmt":"2026-04-18T05:49:30","slug":"casco-xinda-guardian-de-tercera-generacion-version-industrial","status":"publish","type":"product","link":"https:\/\/xindasafety.com\/es\/product\/xinda-third-generation-guardian-helmet-industrial-version\/","title":{"rendered":"HH9787"},"content":{"rendered":"<p><strong data-start=\"22\" data-end=\"39\">Nombre del producto:<\/strong> Casco Guardian Edici\u00f3n Profesional<br data-start=\"76\" data-end=\"79\" \/><strong data-start=\"79\" data-end=\"89\" data-is-only-node=\"\">Marca:<\/strong> Xinda<br data-start=\"95\" data-end=\"98\" \/><strong data-start=\"98\" data-end=\"112\">Modelo No:<\/strong> HH-9787<br data-start=\"120\" data-end=\"123\" \/><strong data-start=\"123\" data-end=\"151\">Tama\u00f1o de la circunferencia de la cabeza:<\/strong> Universal (54-60 cm)<br data-start=\"172\" data-end=\"175\" \/><strong data-start=\"175\" data-end=\"196\">Dimensiones exteriores:<\/strong> 27,5 \u00d7 23 \u00d7 18 cm<br data-start=\"214\" data-end=\"217\" \/><strong data-start=\"217\" data-end=\"230\">Material:<\/strong> ABS<br data-start=\"234\" data-end=\"237\" \/><strong data-start=\"237\" data-end=\"247\">Color:<\/strong> Rojo, Blanco, Naranja<br data-start=\"266\" data-end=\"269\" \/><strong data-start=\"269\" data-end=\"280\">Peso:<\/strong> 472 g<br data-start=\"286\" data-end=\"289\" \/><strong data-start=\"289\" data-end=\"302\">Est\u00e1ndar:<\/strong> CE EN397<br data-start=\"311\" data-end=\"314\" \/><strong data-start=\"314\" data-end=\"336\">\u00c1mbito de aplicaci\u00f3n:<\/strong> Monta\u00f1ismo al aire libre, escalada en roca, espeleolog\u00eda de aventura, rappel, trabajos a\u00e9reos, seguridad en la construcci\u00f3n, etc.<\/p>","protected":false},"excerpt":{"rendered":"<p>Casco industrial Xinda H-Series Guardian - Casco de seguridad ventilado ajustable sin forro interior para protecci\u00f3n en construcci\u00f3n e ingenier\u00eda<\/p>","protected":false},"featured_media":3631,"template":"","meta":{"_acf_changed":false},"product_brand":[],"product_cat":[119],"product_tag":[78],"class_list":{"0":"post-3645","1":"product","2":"type-product","3":"status-publish","4":"has-post-thumbnail","6":"product_cat-helmet-gen3","7":"product_tag-helmet","9":"first","10":"instock","11":"shipping-taxable","12":"product-type-variable"},"acf":[],"_links":{"self":[{"href":"https:\/\/xindasafety.com\/es\/wp-json\/wp\/v2\/product\/3645","targetHints":{"allow":["GET"]}}],"collection":[{"href":"https:\/\/xindasafety.com\/es\/wp-json\/wp\/v2\/product"}],"about":[{"href":"https:\/\/xindasafety.com\/es\/wp-json\/wp\/v2\/types\/product"}],"version-history":[{"count":4,"href":"https:\/\/xindasafety.com\/es\/wp-json\/wp\/v2\/product\/3645\/revisions"}],"predecessor-version":[{"id":7054,"href":"https:\/\/xindasafety.com\/es\/wp-json\/wp\/v2\/product\/3645\/revisions\/7054"}],"wp:featuredmedia":[{"embeddable":true,"href":"https:\/\/xindasafety.com\/es\/wp-json\/wp\/v2\/media\/3631"}],"wp:attachment":[{"href":"https:\/\/xindasafety.com\/es\/wp-json\/wp\/v2\/media?parent=3645"}],"wp:term":[{"taxonomy":"product_brand","embeddable":true,"href":"https:\/\/xindasafety.com\/es\/wp-json\/wp\/v2\/product_brand?post=3645"},{"taxonomy":"product_cat","embeddable":true,"href":"https:\/\/xindasafety.com\/es\/wp-json\/wp\/v2\/product_cat?post=3645"},{"taxonomy":"product_tag","embeddable":true,"href":"https:\/\/xindasafety.com\/es\/wp-json\/wp\/v2\/product_tag?post=3645"}],"curies":[{"name":"wp","href":"https:\/\/api.w.org\/{rel}","templated":true}]}}