{"id":3617,"date":"2025-10-05T07:52:23","date_gmt":"2025-10-05T07:52:23","guid":{"rendered":"https:\/\/xindasafety.com\/?post_type=product&#038;p=3617"},"modified":"2026-01-18T08:10:38","modified_gmt":"2026-01-18T08:10:38","slug":"mosqueton-con-cierre-automatico-en-forma-de-o","status":"publish","type":"product","link":"https:\/\/xindasafety.com\/es\/product\/o-shaped-auto-locking-carabiner\/","title":{"rendered":"HH8135TN"},"content":{"rendered":"<p data-start=\"91\" data-end=\"267\"><strong data-start=\"91\" data-end=\"108\">Nombre del producto:<\/strong> Mosquet\u00f3n de doble cierre autom\u00e1tico en forma de O<br data-start=\"145\" data-end=\"148\" \/><strong data-start=\"148\" data-end=\"158\">Marca:<\/strong> Xinda<br data-start=\"164\" data-end=\"167\" \/><strong data-start=\"167\" data-end=\"181\">Modelo No:<\/strong> HH-8135<br data-start=\"189\" data-end=\"192\" \/><strong data-start=\"192\" data-end=\"205\" data-is-only-node=\"\">Material:<\/strong> Aluminio de alta resistencia + aleaci\u00f3n de acero<br data-start=\"242\" data-end=\"245\" \/><strong data-start=\"245\" data-end=\"265\">Clasificaci\u00f3n de la fuerza:<\/strong><\/p>\n<ul data-start=\"268\" data-end=\"331\">\n<li data-start=\"268\" data-end=\"289\">\n<p data-start=\"270\" data-end=\"289\">Eje principal: 30 kN<\/p>\n<\/li>\n<li data-start=\"290\" data-end=\"311\">\n<p data-start=\"292\" data-end=\"311\">Eje menor: 10 kN<\/p>\n<\/li>\n<li data-start=\"312\" data-end=\"331\">\n<p data-start=\"314\" data-end=\"331\">Puerta abierta: 8 kN<\/p>\n<\/li>\n<\/ul>\n<p data-start=\"333\" data-end=\"550\"><strong data-start=\"333\" data-end=\"354\">Producto est\u00e1ndar:<\/strong> XF494-2023<br data-start=\"365\" data-end=\"368\" \/><strong data-start=\"368\" data-end=\"385\">Apertura de la puerta:<\/strong> \u226430 mm<br data-start=\"392\" data-end=\"395\" \/><strong data-start=\"395\" data-end=\"406\">Peso:<\/strong> 90 g<br data-start=\"411\" data-end=\"414\" \/><strong data-start=\"414\" data-end=\"436\" data-is-only-node=\"\">\u00c1mbito de aplicaci\u00f3n:<\/strong> Monta\u00f1ismo, Espeleolog\u00eda, Escalada, Outdoor Training, Rescate, Trabajos a\u00e9reos, Protecci\u00f3n contra ca\u00eddas, Rapel, etc.<\/p>","protected":false},"excerpt":{"rendered":"<p>Xinda H-Series O-Shaped Dual Auto-Locking Carabiner - Escalada en roca al aire libre, alpinismo, espeleolog\u00eda, rappel, hamaca de yoga a\u00e9reo, el trabajo de gran altitud<\/p>","protected":false},"featured_media":3612,"template":"","meta":{"_acf_changed":false},"product_brand":[],"product_cat":[104],"product_tag":[69],"class_list":{"0":"post-3617","1":"product","2":"type-product","3":"status-publish","4":"has-post-thumbnail","6":"product_cat-carabiner-generation-3-carabiner","7":"product_tag-carabiner","9":"first","10":"instock","11":"shipping-taxable","12":"product-type-simple"},"acf":[],"_links":{"self":[{"href":"https:\/\/xindasafety.com\/es\/wp-json\/wp\/v2\/product\/3617","targetHints":{"allow":["GET"]}}],"collection":[{"href":"https:\/\/xindasafety.com\/es\/wp-json\/wp\/v2\/product"}],"about":[{"href":"https:\/\/xindasafety.com\/es\/wp-json\/wp\/v2\/types\/product"}],"version-history":[{"count":2,"href":"https:\/\/xindasafety.com\/es\/wp-json\/wp\/v2\/product\/3617\/revisions"}],"predecessor-version":[{"id":6730,"href":"https:\/\/xindasafety.com\/es\/wp-json\/wp\/v2\/product\/3617\/revisions\/6730"}],"wp:featuredmedia":[{"embeddable":true,"href":"https:\/\/xindasafety.com\/es\/wp-json\/wp\/v2\/media\/3612"}],"wp:attachment":[{"href":"https:\/\/xindasafety.com\/es\/wp-json\/wp\/v2\/media?parent=3617"}],"wp:term":[{"taxonomy":"product_brand","embeddable":true,"href":"https:\/\/xindasafety.com\/es\/wp-json\/wp\/v2\/product_brand?post=3617"},{"taxonomy":"product_cat","embeddable":true,"href":"https:\/\/xindasafety.com\/es\/wp-json\/wp\/v2\/product_cat?post=3617"},{"taxonomy":"product_tag","embeddable":true,"href":"https:\/\/xindasafety.com\/es\/wp-json\/wp\/v2\/product_tag?post=3617"}],"curies":[{"name":"wp","href":"https:\/\/api.w.org\/{rel}","templated":true}]}}