{"id":3509,"date":"2025-08-23T06:50:54","date_gmt":"2025-08-23T06:50:54","guid":{"rendered":"https:\/\/xindasafety.com\/?post_type=product&#038;p=3509"},"modified":"2026-01-18T08:54:49","modified_gmt":"2026-01-18T08:54:49","slug":"bolsa-de-herramientas","status":"publish","type":"product","link":"https:\/\/xindasafety.com\/es\/product\/tool-bag\/","title":{"rendered":"XDBAG39GL"},"content":{"rendered":"<p><strong data-start=\"47\" data-end=\"64\">Nombre del producto:<\/strong> Bolsa de herramientas port\u00e1til<br data-start=\"82\" data-end=\"85\" \/><strong data-start=\"85\" data-end=\"95\">Marca:<\/strong> Xinda<br data-start=\"101\" data-end=\"104\" \/><strong data-start=\"104\" data-end=\"118\" data-is-only-node=\"\">Modelo No:<\/strong> HH-BAG39<br data-start=\"127\" data-end=\"130\" \/><strong data-start=\"130\" data-end=\"143\">Material:<\/strong> Tejido de malla de PVC, poli\u00e9ster, etc.<br data-start=\"176\" data-end=\"179\" \/><strong data-start=\"179\" data-end=\"190\">Peso:<\/strong> 310 g<br data-start=\"196\" data-end=\"199\" \/><strong data-start=\"199\" data-end=\"212\">Capacidad:<\/strong> 3 L<br data-start=\"216\" data-end=\"219\" \/><strong data-start=\"219\" data-end=\"241\">\u00c1mbito de aplicaci\u00f3n:<\/strong> Trabajos a\u00e9reos, ingenier\u00eda, electricidad y fontaner\u00eda, jardiner\u00eda y tareas afines<\/p>","protected":false},"excerpt":{"rendered":"<p>Xinda H-Series Outdoor Tool Bag - Trabajo a\u00e9reo, escalada de \u00e1rboles, espeleolog\u00eda, perforaci\u00f3n de pernos, escalada en roca Bolsa de cintura port\u00e1til<\/p>","protected":false},"featured_media":3408,"template":"","meta":{"_acf_changed":false},"product_brand":[],"product_cat":[125],"product_tag":[162],"class_list":{"0":"post-3509","1":"product","2":"type-product","3":"status-publish","4":"has-post-thumbnail","6":"product_cat-packs-gen3","7":"product_tag-tool-bag","9":"first","10":"instock","11":"shipping-taxable","12":"product-type-simple"},"acf":[],"_links":{"self":[{"href":"https:\/\/xindasafety.com\/es\/wp-json\/wp\/v2\/product\/3509","targetHints":{"allow":["GET"]}}],"collection":[{"href":"https:\/\/xindasafety.com\/es\/wp-json\/wp\/v2\/product"}],"about":[{"href":"https:\/\/xindasafety.com\/es\/wp-json\/wp\/v2\/types\/product"}],"version-history":[{"count":2,"href":"https:\/\/xindasafety.com\/es\/wp-json\/wp\/v2\/product\/3509\/revisions"}],"predecessor-version":[{"id":6785,"href":"https:\/\/xindasafety.com\/es\/wp-json\/wp\/v2\/product\/3509\/revisions\/6785"}],"wp:featuredmedia":[{"embeddable":true,"href":"https:\/\/xindasafety.com\/es\/wp-json\/wp\/v2\/media\/3408"}],"wp:attachment":[{"href":"https:\/\/xindasafety.com\/es\/wp-json\/wp\/v2\/media?parent=3509"}],"wp:term":[{"taxonomy":"product_brand","embeddable":true,"href":"https:\/\/xindasafety.com\/es\/wp-json\/wp\/v2\/product_brand?post=3509"},{"taxonomy":"product_cat","embeddable":true,"href":"https:\/\/xindasafety.com\/es\/wp-json\/wp\/v2\/product_cat?post=3509"},{"taxonomy":"product_tag","embeddable":true,"href":"https:\/\/xindasafety.com\/es\/wp-json\/wp\/v2\/product_tag?post=3509"}],"curies":[{"name":"wp","href":"https:\/\/api.w.org\/{rel}","templated":true}]}}