{"id":3450,"date":"2025-08-23T06:22:40","date_gmt":"2025-08-23T06:22:40","guid":{"rendered":"https:\/\/xindasafety.com\/?post_type=product&#038;p=3450"},"modified":"2026-04-21T00:54:47","modified_gmt":"2026-04-21T00:54:47","slug":"mosqueton-con-cierre-automatico-en-forma-de-d","status":"publish","type":"product","link":"https:\/\/xindasafety.com\/es\/product\/d-shaped-auto-locking-carabiner\/","title":{"rendered":"HH8134TN"},"content":{"rendered":"<p><strong data-start=\"50\" data-end=\"67\">Nombre del producto:<\/strong> Mosquet\u00f3n con cierre autom\u00e1tico en forma de D<br data-start=\"99\" data-end=\"102\" \/><strong data-start=\"102\" data-end=\"112\">Marca:<\/strong> Xinda<br data-start=\"118\" data-end=\"121\" \/><strong data-start=\"121\" data-end=\"135\" data-is-only-node=\"\">Modelo No:<\/strong> HH-8134<br data-start=\"143\" data-end=\"146\" \/><strong data-start=\"146\" data-end=\"159\">Material:<\/strong> Aluminio de alta resistencia + aleaci\u00f3n de acero<br data-start=\"196\" data-end=\"199\" \/><strong data-start=\"199\" data-end=\"219\">Clasificaci\u00f3n de la fuerza:<\/strong> Eje mayor 30 kN \/ Eje menor 10 kN \/ Puerta abierta 10 kN<br data-start=\"273\" data-end=\"276\" \/><strong data-start=\"276\" data-end=\"297\">Producto est\u00e1ndar:<\/strong> XF494-2023<br data-start=\"308\" data-end=\"311\" \/><strong data-start=\"311\" data-end=\"328\">Apertura de la puerta:<\/strong> \u226440 mm<br data-start=\"335\" data-end=\"338\" \/><strong data-start=\"338\" data-end=\"349\">Peso:<\/strong> 95 g<br data-start=\"354\" data-end=\"357\" \/><strong data-start=\"357\" data-end=\"379\">\u00c1mbito de aplicaci\u00f3n:<\/strong> Monta\u00f1ismo, Espeleolog\u00eda, Escalada, Outdoor Training, Rescate, Trabajos a\u00e9reos, Protecci\u00f3n contra ca\u00eddas, Rapel, etc.<\/p>","protected":false},"excerpt":{"rendered":"<p>Xinda H-Series D-Shaped Auto-Locking Main Carabiner - Alpinismo, Escalada en Roca, Rappel Gancho de Seguridad, Espeleolog\u00eda Equipo Conector<\/p>","protected":false},"featured_media":3461,"template":"","meta":{"_acf_changed":false},"product_brand":[],"product_cat":[104],"product_tag":[69],"class_list":{"0":"post-3450","1":"product","2":"type-product","3":"status-publish","4":"has-post-thumbnail","6":"product_cat-carabiner-generation-3-carabiner","7":"product_tag-carabiner","9":"first","10":"instock","11":"shipping-taxable","12":"product-type-simple"},"acf":[],"_links":{"self":[{"href":"https:\/\/xindasafety.com\/es\/wp-json\/wp\/v2\/product\/3450","targetHints":{"allow":["GET"]}}],"collection":[{"href":"https:\/\/xindasafety.com\/es\/wp-json\/wp\/v2\/product"}],"about":[{"href":"https:\/\/xindasafety.com\/es\/wp-json\/wp\/v2\/types\/product"}],"version-history":[{"count":3,"href":"https:\/\/xindasafety.com\/es\/wp-json\/wp\/v2\/product\/3450\/revisions"}],"predecessor-version":[{"id":7218,"href":"https:\/\/xindasafety.com\/es\/wp-json\/wp\/v2\/product\/3450\/revisions\/7218"}],"wp:featuredmedia":[{"embeddable":true,"href":"https:\/\/xindasafety.com\/es\/wp-json\/wp\/v2\/media\/3461"}],"wp:attachment":[{"href":"https:\/\/xindasafety.com\/es\/wp-json\/wp\/v2\/media?parent=3450"}],"wp:term":[{"taxonomy":"product_brand","embeddable":true,"href":"https:\/\/xindasafety.com\/es\/wp-json\/wp\/v2\/product_brand?post=3450"},{"taxonomy":"product_cat","embeddable":true,"href":"https:\/\/xindasafety.com\/es\/wp-json\/wp\/v2\/product_cat?post=3450"},{"taxonomy":"product_tag","embeddable":true,"href":"https:\/\/xindasafety.com\/es\/wp-json\/wp\/v2\/product_tag?post=3450"}],"curies":[{"name":"wp","href":"https:\/\/api.w.org\/{rel}","templated":true}]}}