{"id":3448,"date":"2025-10-05T06:16:50","date_gmt":"2025-10-05T06:16:50","guid":{"rendered":"https:\/\/xindasafety.com\/?post_type=product&#038;p=3448"},"modified":"2026-04-18T05:45:49","modified_gmt":"2026-04-18T05:45:49","slug":"casco-de-escalada","status":"publish","type":"product","link":"https:\/\/xindasafety.com\/es\/product\/climbing-helmet\/","title":{"rendered":"HH9669GL"},"content":{"rendered":"<p><strong data-start=\"48\" data-end=\"65\">Nombre del producto:<\/strong> Casco protector<br data-start=\"83\" data-end=\"86\" \/><strong data-start=\"86\" data-end=\"96\">Marca:<\/strong> Xinda<br data-start=\"102\" data-end=\"105\" \/><strong data-start=\"105\" data-end=\"119\" data-is-only-node=\"\">Modelo No:<\/strong> HH-9669<br data-start=\"127\" data-end=\"130\" \/><strong data-start=\"130\" data-end=\"143\">Material:<\/strong> ABS709S + EPP<br data-start=\"157\" data-end=\"160\" \/><strong data-start=\"160\" data-end=\"171\">Peso:<\/strong> 390 g<br data-start=\"177\" data-end=\"180\" \/><strong data-start=\"180\" data-end=\"189\">Tama\u00f1o:<\/strong> Ajustable 53-62 cm<br data-start=\"209\" data-end=\"212\" \/><strong data-start=\"212\" data-end=\"233\">Producto est\u00e1ndar:<\/strong> EN12492:2000 A1:2002<br data-start=\"254\" data-end=\"257\" \/><strong data-start=\"257\" data-end=\"279\">\u00c1mbito de aplicaci\u00f3n:<\/strong> Monta\u00f1ismo, escalada, extinci\u00f3n de incendios y salvamento, formaci\u00f3n al aire libre, espeleolog\u00eda, rapel, protecci\u00f3n de la cabeza, etc.<\/p>","protected":false},"excerpt":{"rendered":"<p><strong data-start=\"0\" data-end=\"130\" data-is-only-node=\"\">Xinda H-Series Outdoor Helmet - Casco de seguridad ligero para escalada, espeleolog\u00eda, rescate, monta\u00f1ismo y trabajos a\u00e9reos con visera<\/strong><br data-start=\"130\" data-end=\"133\" \/><strong data-start=\"133\" data-end=\"154\" data-is-last-node=\"\">Factura disponible<\/strong><\/p>","protected":false},"featured_media":3437,"template":"","meta":{"_acf_changed":false},"product_brand":[],"product_cat":[119],"product_tag":[78],"class_list":{"0":"post-3448","1":"product","2":"type-product","3":"status-publish","4":"has-post-thumbnail","6":"product_cat-helmet-gen3","7":"product_tag-helmet","9":"first","10":"instock","11":"shipping-taxable","12":"product-type-simple"},"acf":[],"_links":{"self":[{"href":"https:\/\/xindasafety.com\/es\/wp-json\/wp\/v2\/product\/3448","targetHints":{"allow":["GET"]}}],"collection":[{"href":"https:\/\/xindasafety.com\/es\/wp-json\/wp\/v2\/product"}],"about":[{"href":"https:\/\/xindasafety.com\/es\/wp-json\/wp\/v2\/types\/product"}],"version-history":[{"count":3,"href":"https:\/\/xindasafety.com\/es\/wp-json\/wp\/v2\/product\/3448\/revisions"}],"predecessor-version":[{"id":7050,"href":"https:\/\/xindasafety.com\/es\/wp-json\/wp\/v2\/product\/3448\/revisions\/7050"}],"wp:featuredmedia":[{"embeddable":true,"href":"https:\/\/xindasafety.com\/es\/wp-json\/wp\/v2\/media\/3437"}],"wp:attachment":[{"href":"https:\/\/xindasafety.com\/es\/wp-json\/wp\/v2\/media?parent=3448"}],"wp:term":[{"taxonomy":"product_brand","embeddable":true,"href":"https:\/\/xindasafety.com\/es\/wp-json\/wp\/v2\/product_brand?post=3448"},{"taxonomy":"product_cat","embeddable":true,"href":"https:\/\/xindasafety.com\/es\/wp-json\/wp\/v2\/product_cat?post=3448"},{"taxonomy":"product_tag","embeddable":true,"href":"https:\/\/xindasafety.com\/es\/wp-json\/wp\/v2\/product_tag?post=3448"}],"curies":[{"name":"wp","href":"https:\/\/api.w.org\/{rel}","templated":true}]}}