{"id":3427,"date":"2025-08-23T06:11:30","date_gmt":"2025-08-23T06:11:30","guid":{"rendered":"https:\/\/xindasafety.com\/?post_type=product&#038;p=3427"},"modified":"2026-01-19T05:36:46","modified_gmt":"2026-01-19T05:36:46","slug":"arnes-de-seguridad-de-cuerpo-entero-con-doble-punto-de-enganche","status":"publish","type":"product","link":"https:\/\/xindasafety.com\/es\/product\/dual-attachment-point-full-body-safety-harness\/","title":{"rendered":"XDA9598"},"content":{"rendered":"<p data-start=\"51\" data-end=\"538\"><strong data-start=\"51\" data-end=\"68\">Nombre del producto:<\/strong> Arn\u00e9s de seguridad de cinco puntos y doble punto de anclaje<br data-start=\"128\" data-end=\"131\" \/><strong data-start=\"131\" data-end=\"141\">Marca:<\/strong> Xinda<br data-start=\"147\" data-end=\"150\" \/><strong data-start=\"150\" data-end=\"164\">Modelo No:<\/strong> XD-A9598<br data-start=\"173\" data-end=\"176\" \/><strong data-start=\"176\" data-end=\"202\" data-is-only-node=\"\">Especificaci\u00f3n de las correas:<\/strong> Anchura 45 mm \/ Grosor 1,95 mm<br data-start=\"234\" data-end=\"237\" \/><strong data-start=\"237\" data-end=\"250\">Material:<\/strong> Poli\u00e9ster, Dyneema, Aluminio, etc.<br data-start=\"285\" data-end=\"288\" \/><strong data-start=\"288\" data-end=\"309\">Producto est\u00e1ndar:<\/strong> GB6095-2021<br data-start=\"321\" data-end=\"324\" \/><strong data-start=\"324\" data-end=\"341\">Carga de trabajo:<\/strong> 100 kg<br data-start=\"348\" data-end=\"351\" \/><strong data-start=\"351\" data-end=\"362\">Peso:<\/strong> 1127 g (excluyendo hombreras y perneras)<br data-start=\"403\" data-end=\"406\" \/><strong data-start=\"406\" data-end=\"428\">\u00c1mbito de aplicaci\u00f3n:<\/strong> Protecci\u00f3n contra ca\u00eddas de altura, construcci\u00f3n el\u00e9ctrica, instalaci\u00f3n de aire acondicionado, limpieza de fachadas, etc.<\/p>\n<p data-start=\"540\" data-end=\"569\"><strong data-start=\"540\" data-end=\"567\">Referencia de talla:<\/strong><\/p>\n<ul data-start=\"570\" data-end=\"672\">\n<li data-start=\"570\" data-end=\"604\">\n<p data-start=\"572\" data-end=\"604\">Circunferencia de cintura: 80-150 cm<\/p>\n<\/li>\n<li data-start=\"605\" data-end=\"640\">\n<p data-start=\"607\" data-end=\"640\">Peso corporal adecuado: 50-100 kg<\/p>\n<\/li>\n<li data-start=\"641\" data-end=\"672\">\n<p data-start=\"643\" data-end=\"672\">Altura adecuada: 165-200 cm<\/p>\n<\/li>\n<\/ul>","protected":false},"excerpt":{"rendered":"<p>Arn\u00e9s de seguridad de cuerpo entero Xinda Spiderman - Arn\u00e9s antica\u00eddas de cinco puntos para trabajos a\u00e9reos, escalada y operaciones antica\u00edda con puntos de enganche dobles y dise\u00f1o resistente al desgaste.<\/p>","protected":false},"featured_media":3417,"template":"","meta":{"_acf_changed":false},"product_brand":[],"product_cat":[114],"product_tag":[80],"class_list":{"0":"post-3427","1":"product","2":"type-product","3":"status-publish","4":"has-post-thumbnail","6":"product_cat-harness-gen1","7":"product_tag-harness","9":"first","10":"instock","11":"shipping-taxable","12":"product-type-simple"},"acf":[],"_links":{"self":[{"href":"https:\/\/xindasafety.com\/es\/wp-json\/wp\/v2\/product\/3427","targetHints":{"allow":["GET"]}}],"collection":[{"href":"https:\/\/xindasafety.com\/es\/wp-json\/wp\/v2\/product"}],"about":[{"href":"https:\/\/xindasafety.com\/es\/wp-json\/wp\/v2\/types\/product"}],"version-history":[{"count":2,"href":"https:\/\/xindasafety.com\/es\/wp-json\/wp\/v2\/product\/3427\/revisions"}],"predecessor-version":[{"id":6893,"href":"https:\/\/xindasafety.com\/es\/wp-json\/wp\/v2\/product\/3427\/revisions\/6893"}],"wp:featuredmedia":[{"embeddable":true,"href":"https:\/\/xindasafety.com\/es\/wp-json\/wp\/v2\/media\/3417"}],"wp:attachment":[{"href":"https:\/\/xindasafety.com\/es\/wp-json\/wp\/v2\/media?parent=3427"}],"wp:term":[{"taxonomy":"product_brand","embeddable":true,"href":"https:\/\/xindasafety.com\/es\/wp-json\/wp\/v2\/product_brand?post=3427"},{"taxonomy":"product_cat","embeddable":true,"href":"https:\/\/xindasafety.com\/es\/wp-json\/wp\/v2\/product_cat?post=3427"},{"taxonomy":"product_tag","embeddable":true,"href":"https:\/\/xindasafety.com\/es\/wp-json\/wp\/v2\/product_tag?post=3427"}],"curies":[{"name":"wp","href":"https:\/\/api.w.org\/{rel}","templated":true}]}}