{"id":3403,"date":"2025-08-23T05:33:03","date_gmt":"2025-08-23T05:33:03","guid":{"rendered":"https:\/\/xindasafety.com\/?post_type=product&#038;p=3403"},"modified":"2026-01-19T05:36:11","modified_gmt":"2026-01-19T05:36:11","slug":"conexion-de-mosqueton","status":"publish","type":"product","link":"https:\/\/xindasafety.com\/es\/product\/carabiner-connection\/","title":{"rendered":"HHCP40"},"content":{"rendered":"<p><strong data-start=\"48\" data-end=\"65\">Nombre del producto:<\/strong> Cinta corta Quickdraw<br data-start=\"92\" data-end=\"95\" \/><strong data-start=\"95\" data-end=\"105\">Marca:<\/strong> Xinda<br data-start=\"111\" data-end=\"114\" \/><strong data-start=\"114\" data-end=\"128\" data-is-only-node=\"\">Modelo No:<\/strong> HH-CP40<br data-start=\"136\" data-end=\"139\" \/><strong data-start=\"139\" data-end=\"152\">Material:<\/strong> Aleaci\u00f3n de aluminio 7075 + poli\u00e9ster<br data-start=\"184\" data-end=\"187\" \/><strong data-start=\"187\" data-end=\"204\">Longitud de la eslinga:<\/strong> 11 cm \/ 17 cm \/ 25 cm<br data-start=\"226\" data-end=\"229\" \/><strong data-start=\"229\" data-end=\"246\">Peso del arn\u00e9s:<\/strong> 20 g \/ 26 g \/ 38 g<br data-start=\"265\" data-end=\"268\" \/><strong data-start=\"268\" data-end=\"287\">Fuerza de la honda:<\/strong> 22 kN<br data-start=\"293\" data-end=\"296\" \/><strong data-start=\"296\" data-end=\"315\">Eslinga est\u00e1ndar:<\/strong> CE1019 \/ EN566 \/ UIAA<br data-start=\"337\" data-end=\"340\" \/><strong data-start=\"340\" data-end=\"359\">Tama\u00f1o del mosquet\u00f3n:<\/strong> 100 \u00d7 58 \u00d7 13 mm<br data-start=\"376\" data-end=\"379\" \/><strong data-start=\"379\" data-end=\"400\">Peso del mosquet\u00f3n:<\/strong> 45 g<br data-start=\"405\" data-end=\"408\" \/><strong data-start=\"408\" data-end=\"431\">Resistencia del mosquet\u00f3n:<\/strong> Eje mayor 24 kN \/ Eje menor 8 kN \/ Puerta abierta 7 kN<br data-start=\"483\" data-end=\"486\" \/><strong data-start=\"486\" data-end=\"509\">Mosquet\u00f3n est\u00e1ndar:<\/strong> XF494-2023<br data-start=\"520\" data-end=\"523\" \/><strong data-start=\"523\" data-end=\"545\">\u00c1mbito de aplicaci\u00f3n:<\/strong> Monta\u00f1ismo, Espeleolog\u00eda, Escalada, Outdoor Training, Rescate, Trabajos a\u00e9reos, Protecci\u00f3n contra ca\u00eddas, Rapel, etc.<\/p>","protected":false},"excerpt":{"rendered":"<p>Xinda H-Series Outdoor Mosquet\u00f3n - Mosquet\u00f3n de alpinismo y escalada, protecci\u00f3n de seguridad al aire libre Conector de bloqueo<\/p>","protected":false},"featured_media":3396,"template":"","meta":{"_acf_changed":false},"product_brand":[],"product_cat":[104],"product_tag":[149],"class_list":{"0":"post-3403","1":"product","2":"type-product","3":"status-publish","4":"has-post-thumbnail","6":"product_cat-carabiner-generation-3-carabiner","7":"product_tag-quikdraw","9":"first","10":"instock","11":"shipping-taxable","12":"product-type-variable"},"acf":[],"_links":{"self":[{"href":"https:\/\/xindasafety.com\/es\/wp-json\/wp\/v2\/product\/3403","targetHints":{"allow":["GET"]}}],"collection":[{"href":"https:\/\/xindasafety.com\/es\/wp-json\/wp\/v2\/product"}],"about":[{"href":"https:\/\/xindasafety.com\/es\/wp-json\/wp\/v2\/types\/product"}],"version-history":[{"count":3,"href":"https:\/\/xindasafety.com\/es\/wp-json\/wp\/v2\/product\/3403\/revisions"}],"predecessor-version":[{"id":6892,"href":"https:\/\/xindasafety.com\/es\/wp-json\/wp\/v2\/product\/3403\/revisions\/6892"}],"wp:featuredmedia":[{"embeddable":true,"href":"https:\/\/xindasafety.com\/es\/wp-json\/wp\/v2\/media\/3396"}],"wp:attachment":[{"href":"https:\/\/xindasafety.com\/es\/wp-json\/wp\/v2\/media?parent=3403"}],"wp:term":[{"taxonomy":"product_brand","embeddable":true,"href":"https:\/\/xindasafety.com\/es\/wp-json\/wp\/v2\/product_brand?post=3403"},{"taxonomy":"product_cat","embeddable":true,"href":"https:\/\/xindasafety.com\/es\/wp-json\/wp\/v2\/product_cat?post=3403"},{"taxonomy":"product_tag","embeddable":true,"href":"https:\/\/xindasafety.com\/es\/wp-json\/wp\/v2\/product_tag?post=3403"}],"curies":[{"name":"wp","href":"https:\/\/api.w.org\/{rel}","templated":true}]}}