{"id":3362,"date":"2025-10-05T03:21:07","date_gmt":"2025-10-05T03:21:07","guid":{"rendered":"https:\/\/xindasafety.com\/?post_type=product&#038;p=3362"},"modified":"2026-01-18T08:12:17","modified_gmt":"2026-01-18T08:12:17","slug":"almohadilla-protectora-de-cuerda","status":"publish","type":"product","link":"https:\/\/xindasafety.com\/es\/product\/rope-protector-pad\/","title":{"rendered":"XDPJ289"},"content":{"rendered":"<p data-start=\"39\" data-end=\"432\"><strong data-start=\"39\" data-end=\"56\">Nombre del producto:<\/strong> Almohadilla protectora de cuerda engrosada de algod\u00f3n recubierto<br data-start=\"99\" data-end=\"102\" \/><strong data-start=\"102\" data-end=\"112\">Marca:<\/strong> Xinda<br data-start=\"118\" data-end=\"121\" \/><strong data-start=\"121\" data-end=\"135\">Modelo No:<\/strong> XD-PJ289<br data-start=\"144\" data-end=\"147\" \/><strong data-start=\"147\" data-end=\"160\" data-is-only-node=\"\">Material:<\/strong> Algod\u00f3n recubierto<br data-start=\"174\" data-end=\"177\" \/><strong data-start=\"177\" data-end=\"186\">Tama\u00f1o:<\/strong> S (69 \u00d7 83 cm), L (83 \u00d7 143 cm)<br data-start=\"218\" data-end=\"221\" \/><strong data-start=\"221\" data-end=\"232\">Peso:<\/strong> 570 g \/ 1100 g<br data-start=\"247\" data-end=\"250\" \/><strong data-start=\"250\" data-end=\"260\">Color:<\/strong> Verde + Gris oscuro<br data-start=\"278\" data-end=\"281\" \/><strong data-start=\"281\" data-end=\"304\">Grosor del material:<\/strong> 16A<br data-start=\"308\" data-end=\"311\" \/><strong data-start=\"311\" data-end=\"333\">\u00c1mbito de aplicaci\u00f3n:<\/strong> Monta\u00f1ismo, espeleolog\u00eda, formaci\u00f3n al aire libre, salvamento, trabajos a\u00e9reos, equipos de ocio al aire libre, etc.<\/p>\n<p data-start=\"434\" data-end=\"457\"><strong data-start=\"434\" data-end=\"455\">Caracter\u00edsticas del producto:<\/strong><\/p>\n<ol data-start=\"458\" data-end=\"972\">\n<li data-start=\"458\" data-end=\"582\">\n<p data-start=\"461\" data-end=\"582\">Dise\u00f1ado para uso en rescate: se coloca en el suelo para proteger eficazmente el equipo de la abrasi\u00f3n directa con superficies rugosas.<\/p>\n<\/li>\n<li data-start=\"583\" data-end=\"739\">\n<p data-start=\"586\" data-end=\"739\">Hecho de algod\u00f3n recubierto, resistente a altas temperaturas; tejido denso 16A de doble capa con estructura cosida que garantiza una gran durabilidad y resistencia al desgaste.<\/p>\n<\/li>\n<li data-start=\"740\" data-end=\"972\">\n<p data-start=\"743\" data-end=\"972\">Equipado con seis ojales de acero inoxidable 304 (17 mm de di\u00e1metro), que permiten la conexi\u00f3n directa con los mosquetones de bloqueo principales para un r\u00e1pido encadenamiento de varias almohadillas, proporcionando una zona de protecci\u00f3n ampliada, especialmente adecuada para terrenos irregulares.<\/p>\n<\/li>\n<\/ol>","protected":false},"excerpt":{"rendered":"<p>Xinda Almohadilla Protectora de Cuerda para Escalada y Monta\u00f1ismo al Aire Libre - Alfombrilla de Almacenaje de Equipo, Coj\u00edn Antiabrasi\u00f3n de Cuerda, Dise\u00f1o Aumentado y Engrosado<\/p>","protected":false},"featured_media":3356,"template":"","meta":{"_acf_changed":false},"product_brand":[],"product_cat":[15],"product_tag":[148],"class_list":{"0":"post-3362","1":"product","2":"type-product","3":"status-publish","4":"has-post-thumbnail","6":"product_cat-uncategorized","7":"product_tag-rope-protector-pad","9":"first","10":"instock","11":"shipping-taxable","12":"product-type-variable"},"acf":[],"_links":{"self":[{"href":"https:\/\/xindasafety.com\/es\/wp-json\/wp\/v2\/product\/3362","targetHints":{"allow":["GET"]}}],"collection":[{"href":"https:\/\/xindasafety.com\/es\/wp-json\/wp\/v2\/product"}],"about":[{"href":"https:\/\/xindasafety.com\/es\/wp-json\/wp\/v2\/types\/product"}],"version-history":[{"count":2,"href":"https:\/\/xindasafety.com\/es\/wp-json\/wp\/v2\/product\/3362\/revisions"}],"predecessor-version":[{"id":6736,"href":"https:\/\/xindasafety.com\/es\/wp-json\/wp\/v2\/product\/3362\/revisions\/6736"}],"wp:featuredmedia":[{"embeddable":true,"href":"https:\/\/xindasafety.com\/es\/wp-json\/wp\/v2\/media\/3356"}],"wp:attachment":[{"href":"https:\/\/xindasafety.com\/es\/wp-json\/wp\/v2\/media?parent=3362"}],"wp:term":[{"taxonomy":"product_brand","embeddable":true,"href":"https:\/\/xindasafety.com\/es\/wp-json\/wp\/v2\/product_brand?post=3362"},{"taxonomy":"product_cat","embeddable":true,"href":"https:\/\/xindasafety.com\/es\/wp-json\/wp\/v2\/product_cat?post=3362"},{"taxonomy":"product_tag","embeddable":true,"href":"https:\/\/xindasafety.com\/es\/wp-json\/wp\/v2\/product_tag?post=3362"}],"curies":[{"name":"wp","href":"https:\/\/api.w.org\/{rel}","templated":true}]}}