{"id":3330,"date":"2025-10-05T03:02:03","date_gmt":"2025-10-05T03:02:03","guid":{"rendered":"https:\/\/xindasafety.com\/?post_type=product&#038;p=3330"},"modified":"2026-01-18T08:12:58","modified_gmt":"2026-01-18T08:12:58","slug":"conector-giratorio-g-link","status":"publish","type":"product","link":"https:\/\/xindasafety.com\/es\/product\/g-link-swivel-connector\/","title":{"rendered":"HH8661"},"content":{"rendered":"<p><strong data-start=\"31\" data-end=\"48\">Nombre del producto:<\/strong> Pivote G-Link de tercera generaci\u00f3n<br data-start=\"79\" data-end=\"82\" \/><strong data-start=\"82\" data-end=\"92\">Marca:<\/strong> Xinda<br data-start=\"98\" data-end=\"101\" \/><strong data-start=\"101\" data-end=\"115\" data-is-only-node=\"\">Modelo No:<\/strong> HH-8661<br data-start=\"123\" data-end=\"126\" \/><strong data-start=\"126\" data-end=\"148\">Resistencia a la rotura:<\/strong> 20 kN<br data-start=\"154\" data-end=\"157\" \/><strong data-start=\"157\" data-end=\"170\">Material:<\/strong> Aluminio de alta resistencia + acero inoxidable<br data-start=\"211\" data-end=\"214\" \/><strong data-start=\"214\" data-end=\"235\">Producto est\u00e1ndar:<\/strong> XF494-2023<br data-start=\"246\" data-end=\"249\" \/><strong data-start=\"249\" data-end=\"260\">Origen:<\/strong> China<br data-start=\"266\" data-end=\"269\" \/><strong data-start=\"269\" data-end=\"280\">Peso:<\/strong> 130 g<br data-start=\"286\" data-end=\"289\" \/><strong data-start=\"289\" data-end=\"311\">\u00c1mbito de aplicaci\u00f3n:<\/strong> Escalada en roca, entrenamiento en hamaca de yoga a\u00e9reo, trabajo a\u00e9reo, etc.<\/p>","protected":false},"excerpt":{"rendered":"<p>Conector giratorio G-Link de tercera generaci\u00f3n para exteriores Xinda - Anillo de conexi\u00f3n fijo para trabajos a\u00e9reos, rotaci\u00f3n de 360\u00b0 para evitar que la cuerda se retuerza y se anude<\/p>","protected":false},"featured_media":3328,"template":"","meta":{"_acf_changed":false},"product_brand":[],"product_cat":[128],"product_tag":[147],"class_list":{"0":"post-3330","1":"product","2":"type-product","3":"status-publish","4":"has-post-thumbnail","6":"product_cat-pulley-gen3","7":"product_tag-swivel","9":"first","10":"instock","11":"shipping-taxable","12":"product-type-simple"},"acf":[],"_links":{"self":[{"href":"https:\/\/xindasafety.com\/es\/wp-json\/wp\/v2\/product\/3330","targetHints":{"allow":["GET"]}}],"collection":[{"href":"https:\/\/xindasafety.com\/es\/wp-json\/wp\/v2\/product"}],"about":[{"href":"https:\/\/xindasafety.com\/es\/wp-json\/wp\/v2\/types\/product"}],"version-history":[{"count":2,"href":"https:\/\/xindasafety.com\/es\/wp-json\/wp\/v2\/product\/3330\/revisions"}],"predecessor-version":[{"id":6738,"href":"https:\/\/xindasafety.com\/es\/wp-json\/wp\/v2\/product\/3330\/revisions\/6738"}],"wp:featuredmedia":[{"embeddable":true,"href":"https:\/\/xindasafety.com\/es\/wp-json\/wp\/v2\/media\/3328"}],"wp:attachment":[{"href":"https:\/\/xindasafety.com\/es\/wp-json\/wp\/v2\/media?parent=3330"}],"wp:term":[{"taxonomy":"product_brand","embeddable":true,"href":"https:\/\/xindasafety.com\/es\/wp-json\/wp\/v2\/product_brand?post=3330"},{"taxonomy":"product_cat","embeddable":true,"href":"https:\/\/xindasafety.com\/es\/wp-json\/wp\/v2\/product_cat?post=3330"},{"taxonomy":"product_tag","embeddable":true,"href":"https:\/\/xindasafety.com\/es\/wp-json\/wp\/v2\/product_tag?post=3330"}],"curies":[{"name":"wp","href":"https:\/\/api.w.org\/{rel}","templated":true}]}}