{"id":3317,"date":"2025-08-23T02:44:15","date_gmt":"2025-08-23T02:44:15","guid":{"rendered":"https:\/\/xindasafety.com\/?post_type=product&#038;p=3317"},"modified":"2026-04-18T05:32:25","modified_gmt":"2026-04-18T05:32:25","slug":"ascensor-pectoral-2","status":"publish","type":"product","link":"https:\/\/xindasafety.com\/es\/product\/chest-ascender-2\/","title":{"rendered":"HXS08OJ"},"content":{"rendered":"<p><strong data-start=\"36\" data-end=\"53\">Nombre del producto:<\/strong> Ascensor de pecho<br data-start=\"68\" data-end=\"71\" \/><strong data-start=\"71\" data-end=\"81\">Marca:<\/strong> Xinda<br data-start=\"87\" data-end=\"90\" \/><strong data-start=\"90\" data-end=\"104\" data-is-only-node=\"\">Modelo No:<\/strong> XD-XS08<br data-start=\"112\" data-end=\"115\" \/><strong data-start=\"115\" data-end=\"128\">Material:<\/strong> Aleaci\u00f3n de aluminio<br data-start=\"143\" data-end=\"146\" \/><strong data-start=\"146\" data-end=\"175\">Di\u00e1metro de cuerda aplicable:<\/strong> 8-13 mm<br data-start=\"183\" data-end=\"186\" \/><strong data-start=\"186\" data-end=\"197\">Peso:<\/strong> 143 g<br data-start=\"203\" data-end=\"206\" \/><strong data-start=\"206\" data-end=\"216\">Color:<\/strong> Naranja<br data-start=\"222\" data-end=\"225\" \/><strong data-start=\"225\" data-end=\"234\">Tama\u00f1o:<\/strong> 75 \u00d7 100 \u00d7 38 mm<br data-start=\"251\" data-end=\"254\" \/><strong data-start=\"254\" data-end=\"275\">Producto est\u00e1ndar:<\/strong> XF494-2023<br data-start=\"286\" data-end=\"289\" \/><strong data-start=\"289\" data-end=\"306\">Carga de trabajo:<\/strong> 100 kg<br data-start=\"313\" data-end=\"316\" \/><strong data-start=\"316\" data-end=\"338\">\u00c1mbito de aplicaci\u00f3n:<\/strong> Trabajos a\u00e9reos, limpieza de fachadas, instalaci\u00f3n de aire acondicionado, alpinismo, escalada, espeleolog\u00eda, rappel, evacuaci\u00f3n de emergencia, etc.<\/p>","protected":false},"excerpt":{"rendered":"<p><strong>Xinda Outdoor Chest Ascender - Monta\u00f1ismo, escalada en roca, dispositivo de ascenso por cuerda, protecci\u00f3n contra ca\u00eddas para trabajos a\u00e9reos, escalada, entrenamiento de aventura y equipo de espeleolog\u00eda.<\/strong><\/p>","protected":false},"featured_media":3316,"template":"","meta":{"_acf_changed":false},"product_brand":[],"product_cat":[100],"product_tag":[],"class_list":{"0":"post-3317","1":"product","2":"type-product","3":"status-publish","4":"has-post-thumbnail","6":"product_cat-asender-generation-2","8":"first","9":"instock","10":"shipping-taxable","11":"product-type-simple"},"acf":[],"_links":{"self":[{"href":"https:\/\/xindasafety.com\/es\/wp-json\/wp\/v2\/product\/3317","targetHints":{"allow":["GET"]}}],"collection":[{"href":"https:\/\/xindasafety.com\/es\/wp-json\/wp\/v2\/product"}],"about":[{"href":"https:\/\/xindasafety.com\/es\/wp-json\/wp\/v2\/types\/product"}],"version-history":[{"count":3,"href":"https:\/\/xindasafety.com\/es\/wp-json\/wp\/v2\/product\/3317\/revisions"}],"predecessor-version":[{"id":7042,"href":"https:\/\/xindasafety.com\/es\/wp-json\/wp\/v2\/product\/3317\/revisions\/7042"}],"wp:featuredmedia":[{"embeddable":true,"href":"https:\/\/xindasafety.com\/es\/wp-json\/wp\/v2\/media\/3316"}],"wp:attachment":[{"href":"https:\/\/xindasafety.com\/es\/wp-json\/wp\/v2\/media?parent=3317"}],"wp:term":[{"taxonomy":"product_brand","embeddable":true,"href":"https:\/\/xindasafety.com\/es\/wp-json\/wp\/v2\/product_brand?post=3317"},{"taxonomy":"product_cat","embeddable":true,"href":"https:\/\/xindasafety.com\/es\/wp-json\/wp\/v2\/product_cat?post=3317"},{"taxonomy":"product_tag","embeddable":true,"href":"https:\/\/xindasafety.com\/es\/wp-json\/wp\/v2\/product_tag?post=3317"}],"curies":[{"name":"wp","href":"https:\/\/api.w.org\/{rel}","templated":true}]}}