{"id":3292,"date":"2025-08-23T02:36:50","date_gmt":"2025-08-23T02:36:50","guid":{"rendered":"https:\/\/xindasafety.com\/?post_type=product&#038;p=3292"},"modified":"2026-04-18T05:48:09","modified_gmt":"2026-04-18T05:48:09","slug":"casco-deportivo-ligero","status":"publish","type":"product","link":"https:\/\/xindasafety.com\/es\/product\/lightweight-sports-helmet\/","title":{"rendered":"HH9805"},"content":{"rendered":"<p><strong data-start=\"37\" data-end=\"54\">Nombre del producto:<\/strong> Casco deportivo ligero Cool Shadow<br data-start=\"92\" data-end=\"95\" \/><strong data-start=\"95\" data-end=\"105\">Marca:<\/strong> Xinda<br data-start=\"111\" data-end=\"114\" \/><strong data-start=\"114\" data-end=\"128\" data-is-only-node=\"\">Modelo No:<\/strong> HH-9805<br data-start=\"136\" data-end=\"139\" \/><strong data-start=\"139\" data-end=\"152\">Material:<\/strong> ABS + Espuma EPP<br data-start=\"167\" data-end=\"170\" \/><strong data-start=\"170\" data-end=\"181\">Peso:<\/strong> Peque\u00f1o: 230 g \/ Grande: 233 g<br data-start=\"209\" data-end=\"212\" \/><strong data-start=\"212\" data-end=\"221\">Tama\u00f1o:<\/strong> Peque\u00f1o: Ajustable 52-55 cm \/ Grande: Ajustable 58-61 cm<br data-start=\"277\" data-end=\"280\" \/><strong data-start=\"280\" data-end=\"302\">\u00c1mbito de aplicaci\u00f3n:<\/strong> Monta\u00f1ismo, escalada en roca, rescate de bomberos, formaci\u00f3n al aire libre, espeleolog\u00eda, rappel, protecci\u00f3n de la cabeza, etc.<\/p>","protected":false},"excerpt":{"rendered":"<p>Xinda Casco Ligero de Tercera Generaci\u00f3n - Monta\u00f1ismo, Escalada, Espeleolog\u00eda, Deportes de Aventura Casco de Seguridad, Equipo de Trabajo A\u00e9reo<\/p>","protected":false},"featured_media":3279,"template":"","meta":{"_acf_changed":false},"product_brand":[],"product_cat":[119],"product_tag":[78],"class_list":{"0":"post-3292","1":"product","2":"type-product","3":"status-publish","4":"has-post-thumbnail","6":"product_cat-helmet-gen3","7":"product_tag-helmet","9":"first","10":"instock","11":"shipping-taxable","12":"product-type-variable"},"acf":[],"_links":{"self":[{"href":"https:\/\/xindasafety.com\/es\/wp-json\/wp\/v2\/product\/3292","targetHints":{"allow":["GET"]}}],"collection":[{"href":"https:\/\/xindasafety.com\/es\/wp-json\/wp\/v2\/product"}],"about":[{"href":"https:\/\/xindasafety.com\/es\/wp-json\/wp\/v2\/types\/product"}],"version-history":[{"count":3,"href":"https:\/\/xindasafety.com\/es\/wp-json\/wp\/v2\/product\/3292\/revisions"}],"predecessor-version":[{"id":7052,"href":"https:\/\/xindasafety.com\/es\/wp-json\/wp\/v2\/product\/3292\/revisions\/7052"}],"wp:featuredmedia":[{"embeddable":true,"href":"https:\/\/xindasafety.com\/es\/wp-json\/wp\/v2\/media\/3279"}],"wp:attachment":[{"href":"https:\/\/xindasafety.com\/es\/wp-json\/wp\/v2\/media?parent=3292"}],"wp:term":[{"taxonomy":"product_brand","embeddable":true,"href":"https:\/\/xindasafety.com\/es\/wp-json\/wp\/v2\/product_brand?post=3292"},{"taxonomy":"product_cat","embeddable":true,"href":"https:\/\/xindasafety.com\/es\/wp-json\/wp\/v2\/product_cat?post=3292"},{"taxonomy":"product_tag","embeddable":true,"href":"https:\/\/xindasafety.com\/es\/wp-json\/wp\/v2\/product_tag?post=3292"}],"curies":[{"name":"wp","href":"https:\/\/api.w.org\/{rel}","templated":true}]}}